{"id":7,"date":"2016-07-24T21:10:59","date_gmt":"2016-07-24T21:10:59","guid":{"rendered":"https:\/\/miblogdegenealogia.wordpress.com\/?page_id=2"},"modified":"2021-09-24T07:32:08","modified_gmt":"2021-09-24T07:32:08","slug":"home","status":"publish","type":"page","link":"https:\/\/miblogdegenealogia.com\/wp\/","title":{"rendered":"Presentaci\u00f3n"},"content":{"rendered":"<h5 style=\"text-align:right;\"><strong><a href=\"https:\/\/miblogdegenealogia.wordpress.com\/introduction\/\">English version here<\/a><\/strong><\/h5>\n<p>Bienvenidos a la genealog\u00eda de mi familia, las familias Zacar\u00edas y Fluck, provenientes de Siria y de Alemania, respectivamente. Hace mucho que me dedico al estudio de la historia de mi familia, aunque en los \u00faltimos a\u00f1os le dediqu\u00e9 poco tiempo. Empec\u00e9 a escribir en 2007, aunque ya llevaba unos a\u00f1os haciendo investigaci\u00f3n, tanto online como offline. Algunas de las ramas de mi \u00e1rbol geneal\u00f3gico llegan hasta el a\u00f1o 1550, una \u00e9poca a la que nunca hubiera imaginado que llegar\u00eda. Otras ramas, sin embargo, se encuentran en un punto muerto unas pocas generaciones atr\u00e1s. La genealog\u00eda es una disciplina din\u00e1mica, as\u00ed que nunca pierdo la esperanza de seguir avanzando en ellas.<\/p>\n<p>\u00bfPor qu\u00e9 me atrae tanto la genealog\u00eda?\u2028 Una de las razones principales por las que dediqu\u00e9 mucho tiempo libre a la Genealog\u00eda es porque soy una persona curiosa\u2026 seguramente por eso termin\u00e9 siendo investigador, o al menos intentando serlo. Mi primer contacto fue a los 12 a\u00f1os, en la escuela nos hicieron armar el \u00c1rbol Geneal\u00f3gico. Algo que me marc\u00f3 para siempre y a\u00fan lo conservo. Ah\u00ed aprend\u00ed que no ser\u00eda un camino f\u00e1cil y tambi\u00e9n descubr\u00ed lo malo que soy para dibujar\u2026 Con tres de mis abuelos en vida, recurr\u00ed a ellos y no llegu\u00e9 mucho m\u00e1s all\u00e1 de sus abuelos, en el caso de uno de ellos ni siquiera hasta esa generaci\u00f3n\u2026 Pero bueno, siempre qued\u00f3 en el recuerdo. Y hace unos quince a\u00f1os retom\u00e9 ese \u00e1rbol y la curiosidad devino en afici\u00f3n, acompa\u00f1ada de perseverancia\u2026 Y as\u00ed llegu\u00e9 hasta dieciseis generaciones hacia atr\u00e1s\u2026 Mucho, much\u00edsimo. Encontr\u00e9 miles de datos, algunos curiosos\u2026 Nunca encontr\u00e9 ning\u00fan pariente rico, algo que\u00a0mi hermano esperaba de m\u00ed \u2026 A\u00fan me queda averiguar si nuestros antepasados\u00a0 Groening est\u00e1n relacionados con Matt, el creador de The Simpsons\u2026 Hay varios Homeros en mi familia, eso explicar\u00eda mejor algunas cosas\u2026\u2028 Otras razones del por qu\u00e9\u2026 Mis antepasados son una muy infrecuente mezcla de sirios y alemanes, con un rinconcito espa\u00f1ol\u2026 Un cruce improbable de sangres t\u00edpicamente argentino \u2026 Y tanto los \u00e1rabes como los alemanes tienen una tradici\u00f3n muy profunda en la historia familiar. Los alemanes guardan registros de la familia en los Familienb\u00fccher, los libros de familia, un gran tesoro para los que, al menos cuando podemos, nos dedicamos a esto. Y los \u00e1rabes son tambi\u00e9n muy \u201cfamilieros\u201d aunque hasta donde yo s\u00e9 no guardan registros escritos. Pero cuando se ponen a hablar de la familia, empiezan a repasar el \u00e1rbol geneal\u00f3gico de arriba a abajo, de una rama a otra\u2026 Recitando apellidos, parentescos y sobrenombres\u2026 pasan horas as\u00ed, y los he disfrutado infinidad de veces.\u2028 Conocer la genealog\u00eda de mi familia es una manera de conocer la historia de mi familia. Por que cuando empec\u00e9 a indagar acerca de mis antepasados, a trav\u00e9s tanto mis padres como de algunos de mis t\u00edos, me fui enterando de muchas historias que de alguna manera, sirven para comprender mejor a la familia\u2026 La historia de mis bisabuelos y tatarabuelos inmigrantes me ha resultado siempre fascinante. De c\u00f3mo una de mis tatarabuelas tuvo a su hijo, mi bisabuelo, a bordo del barco que la tra\u00eda desde Alemania hace ciento treinta a\u00f1os, y sobrevivi\u00f3 a dicha epopeya. De c\u00f3mo uno de mis bisabuelos sirios escap\u00f3 del Imperio Otomano, para no ser parte de su ej\u00e9rcito y viaj\u00f3 desde all\u00ed escondido en un barco, para luego casarse con una criolla y perder su apellido original\u00a0 adoptando uno local\u2026 Hijos prematrimoniales (hace un siglo), hijos arrancados de su madre y todo tipo de hechos inconfesables aparecen en la historia de mi familia\u2026 Eran seres humanos, personas, no s\u00f3lo nombres. \u2028Y pasa que cuando encontr\u00e1s un dato sobre uno de ellos, quer\u00e9s m\u00e1s, y cada paso que das se traduce en otras puertas que se abren, en otras ramas que investigar. Tuve la suerte de hacer un viaje por Alemania recorriendo sus lugares de or\u00edgenes\u2026 ya tendr\u00e9 la suerte de ir a Siria\u2026<\/p>\n","protected":false},"excerpt":{"rendered":"<p>This is the home page&#8217;s excerpt<\/p>\n","protected":false},"author":2,"featured_media":0,"parent":0,"menu_order":0,"comment_status":"closed","ping_status":"closed","template":"","meta":{"footnotes":""},"class_list":["post-7","page","type-page","status-publish","hentry"],"_links":{"self":[{"href":"https:\/\/miblogdegenealogia.com\/wp\/index.php?rest_route=\/wp\/v2\/pages\/7","targetHints":{"allow":["GET"]}}],"collection":[{"href":"https:\/\/miblogdegenealogia.com\/wp\/index.php?rest_route=\/wp\/v2\/pages"}],"about":[{"href":"https:\/\/miblogdegenealogia.com\/wp\/index.php?rest_route=\/wp\/v2\/types\/page"}],"author":[{"embeddable":true,"href":"https:\/\/miblogdegenealogia.com\/wp\/index.php?rest_route=\/wp\/v2\/users\/2"}],"replies":[{"embeddable":true,"href":"https:\/\/miblogdegenealogia.com\/wp\/index.php?rest_route=%2Fwp%2Fv2%2Fcomments&post=7"}],"version-history":[{"count":1,"href":"https:\/\/miblogdegenealogia.com\/wp\/index.php?rest_route=\/wp\/v2\/pages\/7\/revisions"}],"predecessor-version":[{"id":1393,"href":"https:\/\/miblogdegenealogia.com\/wp\/index.php?rest_route=\/wp\/v2\/pages\/7\/revisions\/1393"}],"wp:attachment":[{"href":"https:\/\/miblogdegenealogia.com\/wp\/index.php?rest_route=%2Fwp%2Fv2%2Fmedia&parent=7"}],"curies":[{"name":"wp","href":"https:\/\/api.w.org\/{rel}","templated":true}]}}