{"id":412,"date":"2016-07-28T22:41:17","date_gmt":"2016-07-28T22:41:17","guid":{"rendered":"https:\/\/miblogdegenealogia.wordpress.com\/?page_id=412"},"modified":"2016-07-28T22:41:17","modified_gmt":"2016-07-28T22:41:17","slug":"los-antepasados-directos-4","status":"publish","type":"page","link":"https:\/\/miblogdegenealogia.com\/wp\/?page_id=412","title":{"rendered":"Generaciones 10\u00aa a 16\u00aa"},"content":{"rendered":"<h4>D\u00e9cima Generaci\u00f3n (s\u00e9ptimos abuelos)<\/h4>\n<hr \/>\n<p>576) <strong>Juan de ORTIZ,<\/strong> c.c. Bartola AYALA<\/p>\n<p>577) <strong>Bartola<\/strong> <strong>AYALA.<\/strong><\/p>\n<p>578) <strong>Ger\u00f3nimo<\/strong> <strong>FERN\u00c1NDEZ,<\/strong> c.c.\u00a0Juana S\u00c1NCHEZ<\/p>\n<p>579) <strong>Juana<\/strong> <strong>S\u00c1NCHEZ<\/strong><\/p>\n<p>580) <strong>Pedro<\/strong> <strong>BARRIOS,<\/strong> c.c.\u00a0Thomasa CARVAJAL. Falleci\u00f3 despu\u00e9s de 1771.<\/p>\n<p>581) <strong>Thomasa<\/strong> <strong>CARVAJAL<\/strong>. Falleci\u00f3 despu\u00e9s de 1771.<\/p>\n<p>582) <strong>Joseph<\/strong> <strong>G\u00d3MEZ de MESA<\/strong>, c.c.\u00a0Isabel de VALENZUELA. Falleci\u00f3 en Empedrado en 1781.<\/p>\n<p>583) <strong>Isabel de VALENZUELA<\/strong><\/p>\n<p>604) <strong>Joseph<\/strong> <strong>LUQUE<\/strong>, n. en Corrientes, c.c.\u00a0Bartola ALEGRE y falleci\u00f3 despu\u00e9s de 1783.<\/p>\n<p>605) <strong>Bartola<\/strong> <strong>ALEGRE<\/strong>, n. en Corrientes y falleci\u00f3 antes de 1783. Era hija de 1210) Jos\u00e9 de ALEGRE y 1211) Petronila VELASCO, ambos fallecidos despu\u00e9s de 1760.<\/p>\n<p>606) <strong>Silvestre<\/strong> <strong>de<\/strong> <strong>ACEVEDO<\/strong>, f. antes de 1783, c.c.\u00a0Ana INSFR\u00c1N<\/p>\n<p>607) <strong>Ana<\/strong> <strong>INSFR\u00c1N<\/strong>, f. despu\u00e9s de 1783<\/p>\n<p>612) <strong>Jos\u00e9 L\u00d3PEZ<\/strong>, f. antes de 1772, c.c. Isabel LESCANO<\/p>\n<p>613) <strong>Isabel LESCANO<\/strong>, f. antes de 1772<\/p>\n<p>614) <strong>Luis de SOTO<\/strong>, f. antes de 1800. C.c. Pascuala NAVARRO.<\/p>\n<p>615) <strong>Pascuala NAVARRO<\/strong>, f. antes de 1772<\/p>\n<p>636) <strong>Nicol\u00e1s de ACEVEDO,<\/strong> n. por 1710 en Corrientes y f. 10.I.1776 en la misma ciudad. C. por 1738 c.\u00a0Pascuala ACOSTA.<\/p>\n<p>637) <strong>Pascuala<\/strong> <strong>ACOSTA<\/strong>.<\/p>\n<p>638) <strong>Sebasti\u00e1n<\/strong> <strong>ESCOVAR<\/strong>, c.c.\u00a0Estafan\u00eda VALLEXOS.<\/p>\n<p>639) <strong>Estafan\u00eda<\/strong> <strong>VALLEXOS<\/strong>.<\/p>\n<p>768) <strong>Michael FLUCK<\/strong>, n. 28.VII.1666 en Nordhalden y f. all\u00ed el 5.XI.1739. C.c. Maria SCHNEGG el 18.V.1699 en Nordhalden. Michael era hijo de 1536) Michael Fluck y de 1537) Margaretha K\u00f6ckhli.<\/p>\n<p>769) <strong>Maria SCHNEGG<\/strong>, n. por el a\u00f1o 1670 en Mundelfingen y f. 15.XII.1711 en Nordhalden. C.c. Michael FLUCK.<\/p>\n<p>770) <strong>Jacobus (o Jakob) SUTOR<\/strong>, n. 2.IV.1672 en Nordhalden, b. el mismo d\u00eda en B\u00fc\u00dflingen y f. 19.X.1708 en Nordhalden. C.c.\u00a0 Elisabeth B\u00dcHLER el 30.I.1704 en Nordhalden. Jacobus era hijo de 1540) Joannes Sutor y 1541) Verena Sch\u00f6nlin.<\/p>\n<p>771) <strong>Elisabeth B\u00dcHLER (o BIEHLERIN)<\/strong>, n. 26.X.1674 en Nordhalden, b. el mismo d\u00eda en B\u00fc\u00dflingen y f. 4.II.1742 en Nordhalden. C.c. Jakob SUTOR. Elisabeth era hija de 1542) Michael BIEHLER (o B\u00dcHLER) y de 1543) Barbara \u00bfFINNUSIN?.<\/p>\n<p>772) <strong>Joannes SCH\u00d6NLI<\/strong>, n. 17.II.1672 en Uttenhofen y f. 17.II.1710 en Nordhalden. C.c. Maria G\u00dcNER el 12.II.1696 en Nordhalden. Joannes era hijo de 1544) Jacobus SCH\u00d6NLI y de 1545) Ursula STEINLERIN.<\/p>\n<p>773) <strong>Maria G\u00dcNER<\/strong>, n. 21.VIII.1672 en Nordhalden. C.c. Johann SCH\u00d6NLI. Maria era hija de 1546) Jo. (probablemente Joannes) G\u00fcnner y de 1547) Maria WILHELMIN.<\/p>\n<p>774) <strong>Conrad SAXER<\/strong>, n. 27.XI.1667 en Uttenhofen y f. 22.X.1741 en el mismo lugar. C.c. Barbara FRANK el 23.X.1697 tambi\u00e9n en Uttenhofen. Conrad era hijo de 1548) Martinus SAXER y de 1549) Eva W\u00c4BERIN.<\/p>\n<p>775) <strong>Barbara FRANK<\/strong>, n. 22.XII.1674 en Uttenhofen, f. 19.III.1741 en el mismo lugar. C.c. Conrad SAXER.<\/p>\n<p>776) <strong>Martin STEUER<\/strong>, n. por el a\u00f1o 1641 en Kommingen y f. all\u00ed el 29.XII.1724. C. 1\u00ba c. por el a\u00f1o 1680 con Maria MAYERIN n. por el a\u00f1o 1661 en Kommingen y f. 29.XII.1674 en Kommingen. C. en 2\u00ba\u00a0 nupcias con Anna Maria SAUTORIN despu\u00e9s del a\u00f1o 1691. Martin era hijo de 1552) Heinrich STEUER.<\/p>\n<p>777) <strong>Anna Maria SAUTORIN<\/strong>, n. 2.II.1661 en Nordhalden, b. el mismo d\u00eda en B\u00fc\u00dflingen y f. 28.VI.1711 En Kommingen. C.c. Martin STEUER.<\/p>\n<p>778) <strong>Adam GROSS<\/strong>, f. 19.V.1743 en Pfohren. C.c. Verena GOTTSABEND el 16.IV.1692 en Pfohren.<\/p>\n<p>779) <strong>Verena GOTTSABEND<\/strong>, f. 12.XII.1706 en Pfohren, c.c. Adam GROSS.<\/p>\n<p>780) <strong>Jacob MAUS<\/strong>, n. 9.VI.1682 en Kommingen, f. 2.VI.1739 en la misma localidad. C.c. Maria BOLLIN el 24.XI.1709 en Kommingen. Jacob era hijo de 1560) Vitrus MAUS y de 1561) Verena MAYERIN.<\/p>\n<p>781) <strong>Maria BOLLIN<\/strong>, n. 6.VII.1682 en Kommingen, f. 3.IV.1747 en la misma localidad. C.c. Jakob MAUS en Kommingen. Maria era hija de 1562) Urban BOLLIN y de 1563) Anna PROECHTERIN.<\/p>\n<p>782) <strong>Johann ST\u00dcLL<\/strong>, f. 5.V.1741 en Kommingen. C.c. Margaretha BOLLIN el 18.V.1699 en Nordhalden.<\/p>\n<p>783) <strong>Margaretha BOLLIN<\/strong>, n. 29.XI.1693 y f. 10.VI.1748 en Kommingen. C.c. Johann ST\u00dcLL.<\/p>\n<p>784) <strong>Michael G\u00dcNER<\/strong>, n. 25.II.1689 en Nordhalden, b. en el mismo d\u00eda en B\u00fc\u00dflingen y f. 4.XI.1758 en Schaffhausen, Suiza. C.c. Maria WEBER. el 25.XI.1714 en Uttenhofen, Tengen, Baden. Michael era hijo de 1568) Simonis G\u00dcNER y de 1569) Catharina G\u00dcNERIN.<\/p>\n<p>785) <strong>Maria WEBER<\/strong>, n. 9.IX.1692 en Uttenhofen y f. 5.V.1748 en Nordhalden. C.c. Michael G\u00dcNER. Maria era hija de 1570) Georg\u00fc WEBER y de 1571) Anna M\u00dcNCHIN<\/p>\n<p>786) <strong>Michael WEBER<\/strong>, n. 24.IX.1668 en Nordhalden, f. 8.V.1719 en Nordhalden. C.c Maria KURZ el 22.VI.1710 en Nordhalden. Michael era hijo de 1572) Jo. (probablemente Joannes) W\u00c4BER y de 1573) Anna ST\u00d6CKLERIN<\/p>\n<p>787) <strong>Maria KURZ<\/strong>, n. 23.VII.1684 en Ried\u00f6schingen, Baden y f. 16.I.1740 en Nordhalden. C.c. Michael WEBER.<\/p>\n<p>832) <strong>Johann G\u00d6TTJEN<\/strong>, luterano, n. por en 1668 en Husum, f. 18.XI.1730 en Husum, sepultado el 21.XI.1730 en Huntlosen. C. en primeras nupcias antes de 1697 con Anna Margareta Dircks. Johann era hijo de 1664) Marten G\u00f6tken y de 1665) Anna BACKHUS.<\/p>\n<p>833) <strong>Anna Margaretha DIRCKS<\/strong>, luterana n. por 1670, f. 3.VIII.1750 en Husum, sepultada en Huntlosen<\/p>\n<p>834) <strong>Claus L\u00dcNNING<\/strong>, luterano, de profesi\u00f3n Vollmeier (granjero), n. por el a\u00f1o 1671 en Westrittrum, f. 18.V.1750 en Westrittrum y sepultado 20.V.1750 en Huntlosen. C.c. W\u00fcnneke KELLINGHUSEN el 3.XII.1705 en Wildeshausen, Baja Sajonia. Claus era hijo de 1668) Gerd L\u00dcNNING y 1669) de Gesche.<\/p>\n<p>835) <strong>W\u00fcnneke KELLINGHUSEN<\/strong>, n. por el a\u00f1o 1677 probablemente en Colnrade, Baja Sajonia, f. el 26.V.1740 en Westrittrum y sepultada el 28.V.1740 en Huntlosen.<\/p>\n<p>856) <strong>Friederich GEYER<\/strong>, c.c. Maria SEELHOFF. Profesi\u00f3n: Lakenmachergeselle (\u00bfoperario en una f\u00e1brica de s\u00e1banas?). Hijos:\u2028Gesche Anna GEYER, n. 1714.\u2028Anna GEYER, n. 1715.\u2028Maria GEYER, n. 1717,\u2028Johann Harmann GEYER, n. 1718\u2028Johann Friederich GEYER, n. 1720\u2028Johann Hermann GEYER, n. 1724<\/p>\n<p>857) <strong>Maria SEELHOFF<\/strong>.<\/p>\n<p>872) <strong>Hinrich FOLLERS<\/strong>, c.c. Margaretha STAMMANS el 13.X.1721 en Walle. C. en segundas nupcias con Gritjen MANGELS, hija de Johann MANGELS, el 30.IV.1731 en Walle.<\/p>\n<p>873) <strong>Margaretha STAMMANS<\/strong>, f. entre 1721 y 1731. Era hija de 1746) Toelken STAMMANS.<\/p>\n<p>880) <strong>W\u00f6ltje KROP<\/strong>, n. 22.XII.1671 en Rockwinkel, Oberneuland, c.c. Gebke WARNKEN el 20.XI.1704 en Oberneuland, f. a los 81 a\u00f1os y 9 meses en marzo de 1752 y fue enterrado el 23 del mismo mes en Oberneuland. Era hijo de 1760) W\u00f6ltje KROP y de 1761) Alcke EITEMANN.<\/p>\n<p>881) <strong>Gebke WARNKEN<\/strong>, n. 16.XII.1682 en Oberneuland y f. VI.1761 en Rockwinkel. Era hija de 1762) Hinrich WARNKEN y 1763) Gesche LACHMUNDT.<\/p>\n<p>882) <strong>Claus L\u00dcER\u00df<\/strong><\/p>\n<p>883) <strong>Gretje HUSHEER<\/strong><\/p>\n<p>884) <strong>Dirick SCHLENGMANN<\/strong>, sepultado 16.VI.1744, Oberneuland, edad 67 a\u00f1os y 3\/4 (sic). C. 1.VII.1709 con Gretje Sanders de Lehe, Horn en Oberneuland. Datos obtenidos de la base de datos de las familias de Vegesack, Bremen. Era hijo de 1768) Johann SCHLENGMANN y 1769) Hemke RUST.<\/p>\n<p>885)\u00a0<strong>Gretje SANDERS<\/strong>, n. IV.1682 en Lehe, Horn y f. 9.II.1740 en Oberneuland. Era hija de 1770) Engelbert SANDERS.<\/p>\n<p>886) <strong>Frerich SANDERS<\/strong>, n. 1680 en Vahr, Horn y f. 12.I.1758. Era hijo de 1772) Frerich SANDERS. C.c. Alke BOLLMANN.<\/p>\n<p>887) <strong>Alke BOLLMANN<\/strong>, n. II.1682 y f. 21.II.1757. Era hija de 1774) Hermann BOLLMANN y 1775) Gretje J\u00dcRGENS.<\/p>\n<p>888) <strong>Br\u00fcning D\u00d6HLE<\/strong>, n. 8.VI.1685 y f. 27.X.1761. C.c. Gebke WARN(E)KEN. Era hijo de 1776) Marten D\u00d6HLE y 1777) Gesche SCHULTEN.<\/p>\n<p>889) <strong>Gebke WARN(E)KEN<\/strong>, n. 10.VI.1692 y f. III.1768. Era hija de 1778) Johann WARNKEN y 1779) Alke BERENS.<\/p>\n<p>890) <strong>Harm MAYER<\/strong><\/p>\n<p>891) <strong>Gesche WALLMANN<\/strong><\/p>\n<p>892) <strong>Henrich J\u00dcRGENS<\/strong><\/p>\n<p>893) <strong>W\u00fcbke BOLLMANN<\/strong><\/p>\n<p>894) <strong>Johann OSMERS<\/strong>, n. 18.IV.1708 en Ellen, Oberneuland y f. en 1757 en Ellen. C.c Depke RUST. Johann era hijo de 1788) Cord OSMERS y de 1789) Alke LACHMUNDT.<\/p>\n<p>895) <strong>Depke RUST<\/strong>, n. 12.VI.1700 en Osterholz, f. despu\u00e9s del a\u00f1o 1763. C.c. Johann OSMERS. Depke era hija de 1790) Berend RUST y de 1791) Tebke LAARS.<\/p>\n<p>&nbsp;<\/p>\n<h4>Und\u00e9cima Generaci\u00f3n (octavos abuelos)<\/h4>\n<hr \/>\n<p>1210) <strong>Jos\u00e9 de ALEGRE<\/strong>, C.c. Petronila VELASCO y f. despu\u00e9s de 1760 en Corrientes. Era hijo de 2420) Ram\u00f3n de ALEGRE y 2421) Ignacia L\u00d3PEZ.<\/p>\n<p>1211) <strong>Petronila VELASCO<\/strong>, f. despu\u00e9s de 1760 en Corrientes.<\/p>\n<p>1536) <strong>Michael FLUCK (o FLUCKH)<\/strong>, c.c Margaretha K\u00d6CHLI el 14.II.1650 en Nordhalden.<\/p>\n<p>1537) <strong>Margaretha K\u00d6CHLI<\/strong>, c.c Michael FLUCK.<\/p>\n<p>1540) <strong>Joannes SUTOR<\/strong>, c.c. Verena SCH\u00d6NLIN.<\/p>\n<p>1541) <strong>Verena SCH\u00d6NLIN<\/strong>, c.c. Joannes SUTOR.<\/p>\n<p>1542) <strong>Michael BIEHLER o (B\u00dcHLER)<\/strong>, c.c. Barbara \u00bfFINNUSIN?<\/p>\n<p>1543) <strong>Barbara \u00bfFINNUSIN?<\/strong> , c.c. Michael BIEHLER o (B\u00dcHLER)<\/p>\n<p>1544) <strong>Jacobus SCH\u00d6NLI<\/strong>, c.c. Ursula STEINLERIN.<\/p>\n<p>1545) <strong>Ursula STEINLERIN<\/strong>, c.c. Jacobus SCH\u00d6NLI<\/p>\n<p>1546) <strong>Jo. (probablemente Joannes) G\u00fcnner<\/strong>, c.c. Maria WILHELMIN<\/p>\n<p>1547) <strong>Maria WILHELMIN<\/strong>, c.c. Joannes G\u00fcnner<\/p>\n<p>1548) <strong>Martinus SAXER<\/strong>, c.c. Eva W\u00c4BERIN.<\/p>\n<p>1549) <strong>Eva W\u00c4BERIN<\/strong>, c.c. Martinus SAXER<\/p>\n<p>1552) <strong>Heinrich STEUER<\/strong>, f. despu\u00e9s de 1638 en Kommingen. Fue padre, al menos, de Georg STEUER y de 776) Martin STEUER.<\/p>\n<p>1560) <strong>Vitrus MAUS<\/strong>, c.c. Verena MAYERIN<\/p>\n<p>1561) <strong>Verena MAYERIN<\/strong>, c.c. Vitrus MAUS<\/p>\n<p>1562) <strong>Urban BOLLIN<\/strong>, c.c. Anna PROECHTERIN<\/p>\n<p>1563) <strong>Anna PROECHTERIN<\/strong>, c.c. Urban BOLLIN<\/p>\n<p>1568) <strong>Simonis G\u00dcNER<\/strong>, c.c. Catharina G\u00dcNERIN<\/p>\n<p>1569) <strong>Catharina G\u00dcNERIN<\/strong>, c.c. Simonis G\u00dcNER<\/p>\n<p>1570) <strong>Georg\u00fc WEBER<\/strong>, c.c. Anna M\u00dcNCHIN<\/p>\n<p>1571) <strong>Anna M\u00dcNCHIN<\/strong>, c.c. Georg\u00fc WEBER<\/p>\n<p>1572) <strong>Jo. W\u00c4BER<\/strong>, c.c. Anna ST\u00d6CKLERIN<\/p>\n<p>1573) <strong>Anna ST\u00d6CKLERIN<\/strong>, c.c. Jo. W\u00c4BER<\/p>\n<p>1664) <strong>Marten G\u00d6TKEN<\/strong>, n. por 1612 en Husum, c. por el a\u00f1o 1646 con Anna Backhus, n. por 1623 en Sandhatten.<\/p>\n<p>1665) <strong>Anna BACKHUS<\/strong>, luterana, n. por el a\u00f1o 1623 probablemente en Sandhatten.<\/p>\n<p>1668) <strong>Gerd L\u00dcNNING<\/strong>, luterano, de profesi\u00f3n Vollmeier (granjero), n. por el a\u00f1o 1640 en Westrittrum, f. en XII.1714 en Westrittrum y sepultado el 1.I.1715 en Huntlosen. C.c. Gesche por el a\u00f1o 1668 en Huntlosen.<\/p>\n<p>1669) <strong>Gesche N<\/strong>, n. por el a\u00f1o 1641, f. 27.I.1724 en Westrittrum y sepultada el 29.I.1724 en Huntlosen. C.c. Gerd L\u00dcNNING.<\/p>\n<p>1746) <strong>Toelken STAMMANS<\/strong><\/p>\n<p>1762) <strong>Hinrich WARNKEN<\/strong>, n.1653 y f. 10.IV.1707. Hijo de 3524) Harm WARNEKEN y de 3525) Gebke WENDES.<\/p>\n<p>1763) <strong>Gesche LACHMUNDT<\/strong>, n.1661 y f. 14.VII.1688. Hija de 3526) Diedrich LACHMUNDT y 3527) Heiel Heil BERENS.<\/p>\n<figure id=\"attachment_1353\" aria-describedby=\"caption-attachment-1353\" style=\"width: 249px\" class=\"wp-caption alignright\"><img fetchpriority=\"high\" decoding=\"async\" class=\"  wp-image-1353 alignright\" src=\"https:\/\/miblogdegenealogia.files.wordpress.com\/2016\/07\/johann-schlengemann-lacc81pida-oberneuland0263.jpg\" alt=\"Johann Schlengemann - La\u0301pida Oberneuland0263\" width=\"249\" height=\"480\" \/><figcaption id=\"caption-attachment-1353\" class=\"wp-caption-text\">L\u00e1pida de Johann Schlengmann<\/figcaption><\/figure>\n<p>1768) <strong>Johann SCHLENGMANN<\/strong>, n. en Rockwinkel, c.13.XII.1675 con Hemke Rust de Oberneuland\u2028\u2028y f. en junio de 1744 en Rockwinkel. Johann era hijo de 3536) Dirich SCHLENGMANN y de 3537) Rique (Rieke) D\u00d6HLE.<\/p>\n<p>&nbsp;<\/p>\n<p>&nbsp;<\/p>\n<p>&nbsp;<\/p>\n<p>&nbsp;<\/p>\n<p>&nbsp;<\/p>\n<p>&nbsp;<\/p>\n<p>&nbsp;<\/p>\n<p>1769) <strong>Hemke RUST<\/strong>, c.c. Johann SCHLENGMANN. Hemke era hija de 3538) Luder RUST.<\/p>\n<p>&nbsp;<\/p>\n<p>1770) <strong>Engelbert SANDERS<\/strong>, f. en Lehe, Horn.<\/p>\n<p>1772) <strong>Frerich SANDERS<\/strong><\/p>\n<p>1774) <strong>Hermann BOLLMANN<\/strong>, c.c. Gretje J\u00dcRGENS.<\/p>\n<p>1175) <strong>Gretje J\u00dcRGENS<\/strong>, n. 1656 y f. 1692.<\/p>\n<p>1776) <strong>Marten D\u00d6HLE<\/strong>, n. 1654 y f. X.1714. C.c. Gesche SCHULTEN. Era hijo de 3572) Br\u00fcning D\u00d6HLE y 3573) Alke KAEMENA.<\/p>\n<p>1777) <strong>Gesche SCHULTEN<\/strong>, n. 1660 y f. despu\u00e9s de 1715. Era hija de 3574) Harm SCHULTEN y de 3575) Gretje KAEMENA.<\/p>\n<p>1788) <strong>Cord OSMERS<\/strong>, n. 1.III.1669 en Ellen, Oberneuland y f. en 1740 en Ellen. C. en segundas nupcias con Alke LACHMUNDT el 22.IX.1696 en Oberneuland. \u2028Aparece en las Meierbriefe de Bremen:\u2028\u2028\u2028Cord era hijo de 3576) Henrich OSMERS y de 3577) Gesche Helmers.<\/p>\n<p>1789) <strong>Alke LACHMUNDT<\/strong>, n. 23.XI.1676 en Rockwinkel y f. despu\u00e9s de 1760 en Ellen. C.c. Cord OSMERS. Alke era hija de 3578) Johann LACHMUNDT y de\u00a0 3579) W\u00fcbke KROP.<\/p>\n<p>1790) <strong>Berend RUST<\/strong>, f. en Tenever, Oberneuland. C.c. Tebke LAARS el 16.IX.1697 en Oberneuland. Probablemente haya nacido el 10.X.1670 en Osterholz y sea hijo de 3580) Frerich RUST y de 3581) Gesche LACHMUNDT.<\/p>\n<p>1791) <strong>Tebke LAARS<\/strong>, n. 16.V.1673 en Bolkdiek, (\u00bfOberneuland?). C.c. Berend RUST. Tebke era hija de 3582) Dirich LAARS y de 3583) Tebke Berens.<\/p>\n<p>&nbsp;<\/p>\n<h4>Duod\u00e9cima Generaci\u00f3n (novenos abuelos)<\/h4>\n<hr \/>\n<p>2420) <strong>Ram\u00f3n de ALEGRE<\/strong><\/p>\n<p>2421) <strong>Ignacia L\u00d3PEZ<\/strong><\/p>\n<p>3524) <strong>Harm WARNEKEN<\/strong>,<\/p>\n<p>3525) <strong>Gebke WENDES<\/strong>,<\/p>\n<p>3526) <strong>Diedrich LACHMUNDT<\/strong>,<\/p>\n<p>3527) <strong>Heiel Heil BERENS<\/strong>,<\/p>\n<p>3338) <strong>L\u00fcnning N<\/strong><\/p>\n<p>3536) <strong>Dirich SCHLENGMANN<\/strong>, n. por 1594, f.18.II.1869 en Rockwinkel, c.c. Rique D\u00f6hle en Oberneuland.<\/p>\n<p>3537) <strong>Rique (Rieke) D\u00d6HLE<\/strong>, n. por 1596, f. 1.IV.1676 en Rockwinkel. C.c. Dirich SCHLENGMANN.<\/p>\n<p>3538) <strong>Luder RUST<\/strong><\/p>\n<p>3572) <strong>Br\u00fcning D\u00d6HLE<\/strong>, n. 1639 y f. 24.VI.1681. C.c. Alke KAEMENA. Era hijo de 7144) Marten D\u00d6HLE y 7145) Anna LODDINGS.<\/p>\n<p>3573) <strong>Alke KAEMENA<\/strong>, f. 7.V.1700. Era hija de 7146) Harje KAEMENA y 7147) Gretje LACHMUND.<\/p>\n<p>3574) <strong>Harm SCHULTEN<\/strong>, n. 1600 y f. 13.VIII.1680. C.c. Gretje KAEMENA.<\/p>\n<p>3575) <strong>Gretje KAEMENA<\/strong>, n. 1617 y f. 22.I.1697. Era hija de 7146) Harje KAEMENA y 7147) Gretje LACHMUND, y hermana de 3573) Alke KAEMENA.<\/p>\n<p>3576) <strong>Henrich OSMERS<\/strong>, f. despu\u00e9s de 1686, c.c. Gesche HELMERS el 12.VI.1664 en Oberneuland. Aparece un Henrich O\u00dfmers en el padr\u00f3n de contribuyentes de la ciudad de Bremen en el a\u00f1o 1642 como zapatero en el distrito de la iglesia St. Stephani. Henrich era hijo de 7152) Curt OSMERS.<\/p>\n<p>3577) <strong>Gesche HELMERS<\/strong>, n. por el a\u00f1o 1637 en Osterholz, f. 2.I.1686 en Ellen. C.c. Henrich OSMERS. Gesche era hija de 7154) Johann HELMERS y de 7155) Eilike.<\/p>\n<p>3578) <strong>Johann LACHMUNDT<\/strong>, n. por el a\u00f1o 1650 y f. en junio de 1716. C.c. W\u00fcbke KROP el 13.VI.1676 en Oberneuland. Johann era hijo de 7156) Johann LACHMUNDT y de 7157) Alke EGGERS.<\/p>\n<p>3579) <strong>W\u00fcbke KROP<\/strong>, n. por el a\u00f1o 1647 y f. 17.IX.1714. W\u00fcbke c.c. Johann LACHMUNDT. Era hija de 7158) Frerich KROP y de 7159) Anna Rebecka SCHLENGMANN.<\/p>\n<p>3580) <strong>Frerich RUST<\/strong> (probable), f. despu\u00e9s del a\u00f1o 1692 en Osterholz. C.c. Gesche LACHMUNDT. Figura en la lista de habitantes de Bremen previos a 1650:\u2028\u2028\u201cRust, Frerich Landmann in Osterholz um 1650 mit Ehefrau Geske geb.Lachmundt; ihre Tochter Hille wurde am 2.3.1664 in Oberneuland getauft. Entholt, Oberneuland 1968 S.64.\u201d<\/p>\n<p>3581) <strong>Gesche LACHMUNDT<\/strong> (probable), c.c. Frerich RUST.<\/p>\n<p>3582) <strong>Dirich LAARS<\/strong>, n. por el a\u00f1o 1633 en Hastedt, f. 1.V.1686 en Blokdiek. C.c. Tibke BERENS el 29.V.1665 en Oberneuland. Era hijo de 7164) Johann LAARS.<\/p>\n<p>3583) <strong>Tibke BERENS<\/strong>, n. por el a\u00f1o 1640 en Blokdiek, f. el 4.V.1702 en Blokdiek. C.c Dirich LAARS. Era hija de 7166) Johann BERENS.<\/p>\n<h4>Decimotercera Generaci\u00f3n (d\u00e9cimos abuelos)<\/h4>\n<hr \/>\n<p>7144) <strong>Marten D\u00d6HLE<\/strong>, f. antes de 1685. C.c. Anna LODDINGS. Era hijo de 14288) Johann D\u00d6HLE.<\/p>\n<p>7145) <strong>Anna LODDINGS<\/strong>, n. 1593 y f. 24.X.1673.<\/p>\n<p>7146) <strong>Harje KAEMENA<\/strong>, n. 1588 y f. XI.1669. C.c. Gretje LACHMUND. Era hijo de 14292) Gerke KAEMENA.<\/p>\n<p>7147)<strong>Gretje LACHMUND<\/strong>, n. 1601 y f. 15.X.1681. Era hija de 14294) Gerke LACHMUND y 14295) Rebecka. Era hermana de 7156) Johann LACHMUND.<\/p>\n<p>7152) <strong>Curt OSMERS<\/strong>, n. 1596 y f. XII.1676 en Ellen.<\/p>\n<p>7154) <strong>Johann HELMERS<\/strong>, n. por el a\u00f1o 1598, f. en octubre de 1664 en Osterholz. Aparece un Johann Helmers en el padr\u00f3n de contribuyentes de la ciudad de Bremen entre los a\u00f1os 1642 y 1653 como carnicero en el distrito de la iglesia St. Stephani. C.c. Eilike.<\/p>\n<p>7155) <strong>Eilike N<\/strong>, n. por el a\u00f1o 1591 y f. el 5.II.1680.<\/p>\n<p>7156) <strong>Johann LACHMUND<\/strong>, n. por el a\u00f1o 1602 y f. 24.IX.1679 en Oberneuland. C.c. Alke EGGERS. Era hijo de 14294) Gerke LACHMUND y 14295) Rebecka.<\/p>\n<p>7157)<strong>Alke EGGERS<\/strong>, n. por el a\u00f1o 1608 y f. el 22.X.1677.<\/p>\n<p>7158) <strong>Frerich KROP<\/strong>, n. por el a\u00f1o 1604 y f. 1.X.1676 en Oberneuland. C.c. Anna Rebecka SCHLENGMANN. En el Listado de Pobladores de Bremen previo a 1650 se lo encuentra:\u2028Kropp, Frerk Sohn des gleichnamigen Vollh\u00f6fners, Landmann in Rockwinkel, * 1604, hatte eine Rebecca zur Frau und war dor Vollbauer. Entholt. Oberneuland, 1968 S. 131.- + 1676 lt. DB Stammtfl.\u2028\u2028Era hijo de 14316) Frerich KROP.<\/p>\n<p>7159) <strong>Anna Rebecka SCHLENGMANN<\/strong>, n. 1605 y f. VII.1700 en Rockwinkel.<\/p>\n<p>7164) <strong>Johann LAARS<\/strong>, n. 1615 en Hastedt. Hijo de 14328) Johann LAHRS?<\/p>\n<p>7166) <strong>Johann BERENS<\/strong>, n. en 1604 y f. 1684. Aparece un Johann Berens en el padr\u00f3n de contribuyentes de la ciudad de Bremen entre los a\u00f1os 1642 y 1649 como F\u00e4rberknecht (\u00bfAyudante de tintorero?) en el distrito de la iglesia St. Stephani. C.c. Gretche MEYERS. Era hijo de 14332) Berend BERENS.<\/p>\n<p>7167) <strong>Gretche MEYERS<\/strong>, n. en 1601 y f. 30.III.1667.<\/p>\n<p>&nbsp;<\/p>\n<h4>Decimocuarta Generaci\u00f3n (und\u00e9cimos abuelos)<\/h4>\n<hr \/>\n<p>14288) <strong>Johann D\u00d6HLE<\/strong>, n. antes de 1550 y f. antes de 1612.<\/p>\n<p>14292) <strong>Gerke KAEMENA<\/strong>, n. 1555 y f. 1583.<\/p>\n<p>14294) <strong>Gerke LACHMUND<\/strong>, n. por el a\u00f1o 1580, f. el 30.III.1628. C.c. con Rebecka. Era hijo de 28624) Johann Lachmund.<\/p>\n<p>14295) <strong>Rebecka N<\/strong>.<\/p>\n<p>14316) <strong>Frerich KROP<\/strong>, n. por el a\u00f1o 1557 y f. por el a\u00f1o 1617. C.c. Rebecka. Figura en el listado de habitantes de Bremen previo a 1650:\u2028\u2028Kropp, Frerk Landmann in Rockwinkel, 1557 auf dem Vollhof dort, wurde Kirchenjurat, + nach 1604. Entholt, Oberneuland 1968 S. 131. &#8211; + 1617 lt. DB Stammtfl. Freich Kropp steht auch im Verzeichnis der Vier-Lande von 1580. Ma\u00dfolle, Kirche Oberneuland 1927 S. 50<\/p>\n<p>14317) <strong>Rebecka N<\/strong>.<\/p>\n<p>14328) <strong>Johann LAHRS<\/strong>,<\/p>\n<p>14332) <strong>Berend BERENS<\/strong>, n. en 1570 y f. 1684. Era hijo de 28664) Johann BERENS.<\/p>\n<p>&nbsp;<\/p>\n<h4>Decimoquinta Generaci\u00f3n (duod\u00e9cimos abuelos)<\/h4>\n<hr \/>\n<p>28624) <strong>Johann LACHMUND<\/strong>, n. por el a\u00f1o 1550, f. 14.IX.1609.<\/p>\n<p>28664) <strong>Johann BERENS<\/strong>, n. en 1530 y f. antes de 1589. Era hijo de 57328) Hinrich BERENS.<\/p>\n<p>&nbsp;<\/p>\n<h4>Decimosexta Generaci\u00f3n (decimoterceros abuelos)<\/h4>\n<hr \/>\n<p>57328) <strong>Hinrich BERENS<\/strong>, n. por 1500.<\/p>\n","protected":false},"excerpt":{"rendered":"<p>D\u00e9cima Generaci\u00f3n (s\u00e9ptimos abuelos) 576) Juan de ORTIZ, c.c. Bartola AYALA 577) Bartola AYALA. 578) Ger\u00f3nimo FERN\u00c1NDEZ, c.c.\u00a0Juana S\u00c1NCHEZ 579) Juana S\u00c1NCHEZ 580) Pedro BARRIOS, c.c.\u00a0Thomasa CARVAJAL. Falleci\u00f3 despu\u00e9s de 1771. 581) Thomasa CARVAJAL. Falleci\u00f3 despu\u00e9s de 1771. 582) Joseph G\u00d3MEZ de MESA, c.c.\u00a0Isabel de VALENZUELA. Falleci\u00f3 en Empedrado en 1781. 583) Isabel de VALENZUELA [&hellip;]<\/p>\n","protected":false},"author":2,"featured_media":0,"parent":0,"menu_order":0,"comment_status":"open","ping_status":"open","template":"","meta":{"footnotes":""},"class_list":["post-412","page","type-page","status-publish","hentry"],"_links":{"self":[{"href":"https:\/\/miblogdegenealogia.com\/wp\/index.php?rest_route=\/wp\/v2\/pages\/412","targetHints":{"allow":["GET"]}}],"collection":[{"href":"https:\/\/miblogdegenealogia.com\/wp\/index.php?rest_route=\/wp\/v2\/pages"}],"about":[{"href":"https:\/\/miblogdegenealogia.com\/wp\/index.php?rest_route=\/wp\/v2\/types\/page"}],"author":[{"embeddable":true,"href":"https:\/\/miblogdegenealogia.com\/wp\/index.php?rest_route=\/wp\/v2\/users\/2"}],"replies":[{"embeddable":true,"href":"https:\/\/miblogdegenealogia.com\/wp\/index.php?rest_route=%2Fwp%2Fv2%2Fcomments&post=412"}],"version-history":[{"count":0,"href":"https:\/\/miblogdegenealogia.com\/wp\/index.php?rest_route=\/wp\/v2\/pages\/412\/revisions"}],"wp:attachment":[{"href":"https:\/\/miblogdegenealogia.com\/wp\/index.php?rest_route=%2Fwp%2Fv2%2Fmedia&parent=412"}],"curies":[{"name":"wp","href":"https:\/\/api.w.org\/{rel}","templated":true}]}}