{"id":410,"date":"2016-07-28T22:40:41","date_gmt":"2016-07-28T22:40:41","guid":{"rendered":"https:\/\/miblogdegenealogia.wordpress.com\/?page_id=410"},"modified":"2016-07-28T22:40:41","modified_gmt":"2016-07-28T22:40:41","slug":"los-antepasados-directos-3","status":"publish","type":"page","link":"https:\/\/miblogdegenealogia.com\/wp\/?page_id=410","title":{"rendered":"Generaciones 8\u00aa y 9\u00aa"},"content":{"rendered":"<h4>Octava Generaci\u00f3n (quintos abuelos)<\/h4>\n<hr \/>\n<p>144) <strong>Juan Esteban ORTIZ<\/strong> n. por 1760, hijo de 288) Pasqual ORTIZ, n. en Paraguay y 289) Cathalina FERN\u00c1NDEZ, de Corrientes. Cas\u00f3 en primeras nupcias con Feliciana (o Juliana) ESQUIBEL y fueron padres de Benigno Antonio y Francisco de Paula ORTIZ. Posteriormente cas\u00f3 en segundas nupcias en 27.VIII.1810 en Corrientes c. Mar\u00eda del Rosario BARRIOS.<\/p>\n<p>145) <strong>Mar\u00eda del Rosario BARRIOS<\/strong> n. por 1770, hija de 290) Juan Manuel BARRIOS y 291) Margarita G\u00d3MEZ de MESA, c. 31.V.1771 en Corrientes<\/p>\n<p>147) <strong>Ger\u00f3nima G\u00d3MEZ<\/strong>, n. por 1761, probable hija de 582) Joseph G\u00d3MEZ de MESA y de 583) Isabel de VALENZUELA<\/p>\n<p>148) <strong>Andr\u00e9s de ACEVEDO<\/strong>, n. por 1750 y f. despu\u00e9s de 1820. Era hijo de 318) Pedro Nolasco de ACEVEDO n. por 1740 y 319) Francisca ESCOBAR n. por 1756.<\/p>\n<p>149) <strong>Mar\u00eda Blasia PAIBA<\/strong>, f. antes de 1819. Era hija de 298) Jos\u00e9 PAIBA y de 299) Pasquala BARRIOS.<\/p>\n<p>151) <strong>Mar\u00eda Santa<\/strong> <strong>LUQUE<\/strong>, n. por 1792, hija de 302) Domingo LUQUE, n. por 1754 y 303) Cathalina ACEVEDO, n. 27.IV.1765 y b. el mismo d\u00eda en Corrientes. F. despu\u00e9s de 1841.<\/p>\n<p>152) <strong>Juan Manuel G\u00d3MEZ<\/strong>, f. antes de 1825, hijo de 304) Pedro G\u00d3MEZ y de 305) Mar\u00eda Rosa N\u00da\u00d1EZ.<\/p>\n<p>153) <strong>Francisca Antonia L\u00d3PEZ<\/strong>, hija de 306) Le\u00f3n L\u00d3PEZ, f. antes de 1798 y de 307) Mar\u00eda Rosa de SOTO, f. antes de 1798.<\/p>\n<p>154) <strong>Miguel MART\u00cdNEZ<\/strong>, f. antes de 1825<\/p>\n<p>155) <strong>Mar\u00eda de la Cruz R\u00cdOS<\/strong>, f. antes de 1825<\/p>\n<p>158) <strong>Juan de Dios SAUCEDO<\/strong> n. por 1778, hijo de 316) Gregorio SAUCEDO y 317) Leocadia SANDOVAL.<\/p>\n<p>159) Juana Silberia <strong>ASEBEDO<\/strong> (sic), n. por 1791, hija de 318) Pedro Nolasco de ACEVEDO n. por 1740 y 319) Francisca ESCOBAR n. por 1756.<\/p>\n<p>192) <strong>Matthias FLUCK<\/strong>, n. 24.II.1729 en Nordhalden, Blumberg, f. 2.IV.1778 tambi\u00e9n en Nordhalden. C.c. Mari\u00e6 Sch\u00f6nlin el 12.XI.1756 en Nordhalden. Matthias era hijo de 384) Michael FLUCK y 385) Elisabeth SAUTER. Hermana: 197) Ursula FLUCK.<\/p>\n<p>193) <strong>Mari\u00e6 SCH\u00d6NLIN<\/strong>, n. 10.IV.1731 en Nordhalden, f. 2.VII.1786 en Nordhalden. C.c. Matthias FLUCK. Mari\u00e6 era hija de 386) Johann SCH\u00d6NLIN y de 387) Ursula SAXER.<\/p>\n<p>194) <strong>Johann STEUER<\/strong>, n. 25.VII.1741 en Kommingen, c.c. Margaretha MAUS el 30.IV.1769 en Kommingen. Johann era hijo de 388) Michael STEUER y de 389) Adelheid GROSS.<\/p>\n<p>195) <strong>Margaretha MAUS<\/strong>, n. 16.XI.1746 en Kommingen, f. 28.II.1814 en Kommingen. C.c. Johann STEUER. Era hija de 390) Johann MAUS y de 391) Maria Ursula STILL.<\/p>\n<p>196) <strong>Michael G\u00dcNER<\/strong>, n. 26.VIII.1744 en Nordhalden y f. entre 1784 y 1819. C.c. Ursula FLUCK el 22.II.1767 en Nordhalden. Michael era hijo de 392) Balthasar G\u00dcNER y de 393) Maria WEBER.<\/p>\n<p>197) <strong>Ursula FLUCK<\/strong>, n. 10.III.1745 en Nordhalden, f. 2.IV.1815 en Nordhalden. C.c Michael G\u00dcNER. Ursula era hija de 384) Michael FLUCK y 385) Elisabeth SAUTER. Hermano: 192) Matthias FLUCK.<\/p>\n<p>198) <strong>Antonius SCHULTHEISS<\/strong>, n. 20.V.1738 en Wiechs am Randen y b. el mismo d\u00eda. C.c. Barbara M\u00dcLLER. Era Hijo de 396) Philippus SCHULTHEISS y de 397) Anna Maria MAYER.<\/p>\n<p>199) <strong>Barbara M\u00dcLLER<\/strong>, n. 10.X.1751 en Wiechs am Randen y b. el mismo d\u00eda. C.c. Antonius SCHULTHEISS. Era hija de 398) Josephus M\u00dcLLER y de 399) Maria Magdalena STILL.<\/p>\n<p>200) <strong>Christiani J\u00dcNGER<\/strong>, c.c. Margaretha MAYERIN. Fueron padres de Jacobus J\u00dcNGER y de Christianus J\u00dcNGER, n. y b. 3.XII.1800 en Alzey y f. a los cinco d\u00edas de edad en la misma ciudad.<\/p>\n<p>201) <strong>Margaretha MAYERIN<\/strong>, c.c. Christiani J\u00dcNGER.<\/p>\n<p>204) <strong>Johann Ernst J\u00dcRGENS<\/strong>, n. en Hamburg-Hamm.<\/p>\n<p>205) <strong>Anna Catharina R\u00dcTER<\/strong><\/p>\n<p>206) <strong>Hans Peter BEHRMANN<\/strong><\/p>\n<p>207) <strong>Elsabe CORDS<\/strong><\/p>\n<p>208) <strong>Johann Hinrich G\u00d6TKEN<\/strong>, de profesi\u00f3n constructor en Steinkimmen, n. 18.IX.1744 en Husum, b. luterano 20.IX.1744 en Huntlosen, f. 28.XI.1807 en Steinkimmen y sepultado el 2.XII.1807 en Ganderkesee. C. el 28.XI.1771 en Kirchhatten con Alke Margarete Garrels. Johann Hinrich era hijo de 416) Johann Hinrich G\u00d6TKEN y 417) Gesche L\u00dcNNING.<\/p>\n<p>209) <strong>Alke Margethe GARRELS<\/strong>, n. 22.V.1751 en Everndorf, b. luterana 26.V.1751 en Ganderkesee, f. 15.XI.1828 en Steinkimmen y sepultada 19.XI.1828 en Ganderkesee. Era hija de Johann Hinrich Gerrels de Delmenhorst y de W\u00fcbke Marie, ambos luteranos.<\/p>\n<p>210) <strong>R\u00f6be REINIKE<\/strong>, n. por el a\u00f1o 1731, de profesi\u00f3n K\u00f6ter (constructor) en Nordenholz, luterano, f. luego de 1810 en Nordenholz. C. por el a\u00f1o 1774 en Hude, Oldenburg, con Anna W\u00dcBBENHORST.<\/p>\n<p>211) <strong>Anna W\u00dcBBENHORST<\/strong>, n. por el a\u00f1o 1753 y f. luego del a\u00f1o 1799 en Nordenholz. C.c. R\u00f6be REINIKE.<\/p>\n<p>212) <strong>Johann Justus NIEMANN<\/strong>, n. 17.V.1752 en Minden, Westfalia y f. antes de 1823. C.c. Anna Sophia Dorothea KL\u00dcNTERS el 20.XII.1772 en la Ig. Sankt Martini de Minden. Aparece en los \u201cPersonenstandsanzeigen\u201dde Die Maus:\u2028o Grabedunkel, Rebecka. Rebecka verh. Niemann + 03.02.1805\/11, alt 62 J. nach 34j.Ehe Joh.Wilh. Justus Niemann\u2028o Niemann, Rebecka Rebecka, geb. Grabedunkel + 03.02.1805, alt 62 J., nach 34j. Ehe, 1805\/11 Joh.Wilh.Justus Niemann\u2028Johann Justus era hijo de 424) Johann Friedrich NIEMANN.<\/p>\n<p>213) <strong>Anna Sophia Dorothea KL\u00dcNDERS<\/strong>, n. en Schl\u00fcsselburg, perteneciente actualmente al municipio de Petershagen, Nordrhein-Westfalen,\u00a0 y f. despu\u00e9s de 1823. C.c. Johann Justus NIEMANN.<\/p>\n<p>214) <strong>Johann Thomas GEYER<\/strong>, n. 20.XI.1758, b. 16.XI.1758 en Bremen, c.c. Sophie Henrike genannt Riecke M\u00dcLLER el 26.X.1783 en Bremen. Figura en el \u201c\u00cdndice de habitantes de Bremen de 1812\u201d, seg\u00fan transcripci\u00f3n a cargo de Frau Rosemarie Kirmse, miembro de Die Maus:\u2028Apellido, nombre: Geyer, Thomas. Profesi\u00f3n: jornalero (Tagel\u00f6hner). A\u00f1o de nacimiento: 1756. Nota: 300 Nr. 23\u2028La definici\u00f3n de jornalero en la wikipedia alemana dice: \u201c<em>Tagel\u00f6hner hatten in der Regel keinen bestimmten Beruf oder konnten keinen Beruf mehr aus\u00fcben. Deshalb boten sie ihre Arbeitskraft an. Davon konnte man zwar eher schlecht als recht leben, aber dennoch durchaus einen bescheidenen Lebensunterhalt verdienen. Tagel\u00f6hner standen somit weit unten in der gesellschaftlichen Schichtung.\u2028Schon in fr\u00fchester Zeit wurden in der Landwirtschaft Tagel\u00f6hner (auch Ackersmann, Plural: Ackersleute bezeichnet) gebraucht, um Arbeitsspitzen abzufangen. In einer mittelalterlichen Stadt waren immerhin vier Prozent der Bev\u00f6lkerung den Tagel\u00f6hnern zuzurechnen. Tagel\u00f6hner waren bis in das 20.\u00a0Jahrhundert hinein ein fester Bestandteil des Arbeitslebens. In l\u00e4ndlichen Regionen wurden Tagel\u00f6hner typischerweise im Wege- oder Stra\u00dfenbau und in anderen Gemeindeprojekten eingesetzt. Sie konnten aber auch in saisonbedingten Spitzenzeiten bei landwirtschaftlichen Arbeiten (Ernte, Dreschen, etc.) gut besch\u00e4ftigt werden.<\/em>\u201d. \u2028Fueron padres de:\u2028a) Johann Martin GEYER, n. 1783 en Bremen\u2028b) Johann Hermann GEYER, n. 1785 y f. 1849 en Bremen\u2028c) Anna GEYER\u2028d) Elisabeth Margarethe GEYER, n. 1790 y f. 1854 en Bremen.\u2028\u2028Johann Thomas era hijo de 428) Johann Hermann GEYER y de 429) Anna Catharina KREBS.<\/p>\n<p>215) <strong>Sophie Henrike <em>genannt<\/em> Riecke M\u00dcLLER<\/strong>, n. por 1823 en Ritterhude, Osterholz, Baja Sajonia y f. despu\u00e9s de 1823. Sophie era hija de 430) Johann Erich M\u00dcLLER.<\/p>\n<p>216) <strong>Heinrich LOGEMANN<\/strong>, n. 21.VIII.1751 en Neuenkirchen, Baja Sajonia y f. 9.XI.1807 en Hoope, Baja Sajonia. Cas\u00f3 31.VIII.1777 en Bassum con Rebecka\u00a0 Margaretha GR\u00d6NING. Era hijo de 432) Heinrich LOGEMANN y 433) Anna Sophia BECKMANN.<\/p>\n<p>217) <strong>Rebecka GR\u00d6NING<\/strong>, n. por 1751 y f. 27.VII.1830. Era hija de 434) Hinrich GR\u00d6NING.<\/p>\n<p>218) <strong>L\u00fchr VOLLERS<\/strong>, n. 14.X.1757 en Walle, b. en 1773??. C.c. Gretje Blanken el 9.VI.1780 en Walle. L\u00fchr era hijo de 436) Toelke Vollers y de 437) Gesche Schr\u00f6rs.<\/p>\n<p>219) <strong>Gretje BLANKEN<\/strong> c.c. L\u00fchr VOLLERS.<\/p>\n<p>220) <strong>Simon Hermann KROP<\/strong>, n. en septiembre de 1751 en Rockwinkel, Oberneuland, poco tiempo despu\u00e9s de la muerte de su padre y b. 25.IX.1751 en Oberneuland. C.c Greetje Schlengmann el 17.VIII.1778 en Oberneuland y f. 15.IX.1824, en Rockwinkel.\u2028Aparece en las \u201cMeierbriefe\u201d de Die Maus:\u2028\u2028\u2028\u2028Simon Hermann era hijo de 440) W\u00f6ltje KROP y de 441) Wubbecke L\u00fcer\u00df. Hijos de Simon H. Krop y de Greetje Schlengmann: Wubke (1778), Ilsabe (1780-1781), Margretha (1783), Ilsabe (1789) y Gebecca (1792).<\/p>\n<p>221) <strong>Greetje SCHLENGMANN<\/strong>, n. en diciembre de 1749 en Rockwinkel, b. 26.XII.1749 en Oberneuland y f. 12.VIII.1816 en Rockwinkel. C.c. Simon Hermann KROP.\u2028Aparece en las \u201cMeierbriefe\u201d de Die Maus:\u2028\u2028\u2028\u2028\u2028\u2028Gretje era hija de 442) Engelbert Schelengmann y de 443) Ilsabe Sanders.<\/p>\n<p>222) <strong>Br\u00fcnje D\u00d6HLE<\/strong>, Vollbauer, constructor, n. en abril de 1754 en Rockwinkel y f. 5.VIII.1828 en Rockwinkel. Fue enterrado en el cementerio de Oberneuland. C. en primeras nupcias con Depke J\u00dcRGENS el 2.IX.1786 en Oberneuland. Luego caso con Adelheid K\u00c4MENA. Br\u00fcnje era hijo de 444) Harje D\u00d6HLE y de 445) Beke MEYER. Hijos de Br\u00fcnje y Depke:\u2028Simon\u2028Jacob, f. 22.VI.1830\u2028Harje, n. 1787\u2028Beke, n. 1792 y f. 1793\u2028Johann, n. 1793\u2028Beke, n. 1796 y f. 1874; c.c. Johann Diedrich Krudop en 1821).\u2028Br\u00fcnje, n.~1800<br \/>\nDepke J\u00fcrgens, n. en diciembre de 1763 en Ellen, Oberneuland, b. 8.XII.1763 en Oberneuland y f. 30.V.1798 en Oberneuland. C.c Br\u00fcnje D\u00d6HLE. Depke era hija de 446) Johann J\u00dcRGENS y de 447) Anne OSMERS.<\/p>\n<p>&nbsp;<\/p>\n<h4>Novena Generaci\u00f3n (sextos abuelos)<\/h4>\n<hr \/>\n<p>288) <strong>Pascual<\/strong> <strong>ORTIZ<\/strong>, n. en Paraguay. Junto a Mar\u00eda Antonia BALENZUELA fueron padres de Mariano y Francisco ORTIZ, n. 25.VI.1764 y b. el mismo d\u00eda en Corrientes. C.c. Cathalina <strong>FERN\u00c1NDEZ <\/strong>el 28.IX.1764 en Corrientes. Junto a Pascuala FERN\u00c1NDEZ fueron padres de al menos Juan Ignacio ORTIZ FERN\u00c1NDEZ, n. 18.VI.1766 en Corrientes. En 25.II.1771 c.c. Rosa SALINAS en Corrientes. Era hijo de 576) Juan de ORTIZ y 577) Bartola AYALA.<\/p>\n<p>289) <strong>Cathalina<\/strong> <strong>FERN\u00c1NDEZ<\/strong>, de Corrientes, era hija de 578) Ger\u00f3nimo FERN\u00c1NDEZ y 579) Juana S\u00c1NCHEZ<\/p>\n<p>290) <strong>Juan<\/strong> <strong>Manuel<\/strong> <strong>BARRIOS<\/strong> c.c. Margarita <strong>G\u00d3MEZ de MESA <\/strong>el 31.V.1771 en Corrientes. 580) Era hijo de Pedro BARRIOS y 581) Thomasa CARVAJAL.<\/p>\n<p>291) <strong>Margarita<\/strong> <strong>G\u00d3MEZ de MESA<\/strong>, n. por 1750 y f. despu\u00e9s de 1820, era hija de\u00a0582) Joseph G\u00d3MEZ de MESA y de 583) Isabel de VALENZUELA. Hermanos: Manuel, Agust\u00edn, Alexandro, Sebasti\u00e1n, Domingo y Roque. Hermana no confirmada: Ger\u00f3nima G\u00d3MEZ.<\/p>\n<p>298) <strong>Jos\u00e9 PAIBA<\/strong>. f. antes de 1791.<\/p>\n<p>299) <strong>Pasquala BARRIOS<\/strong><\/p>\n<p>302) <strong>Domingo<\/strong> <strong>LUQUE<\/strong>, n. por 1754, c.c. Cathalina <strong>ACEVEDO<\/strong>. Era hijo de 604) Joseph LUQUE y de 605) Bartola ALEGRE.<\/p>\n<p>303) <strong>Cathalina<\/strong> <strong>ACEVEDO<\/strong>, n. por 1764. Era hija de 606) Silvestre de ACEVEDO y 607) Ana ISFR\u00c1N.<\/p>\n<p>304) <strong>Pedro G\u00d3MEZ<\/strong>, f. despu\u00e9s de 1798<\/p>\n<p>305) <strong>Mar\u00eda Rosa N\u00da\u00d1EZ<\/strong>, f. antes de 1798.<\/p>\n<p>306) <strong>Le\u00f3n L\u00d3PEZ<\/strong>, f. antes de 1798. Era hijo de 612) Jos\u00e9 L\u00d3PEZ y 613) Isabel LESCANO<\/p>\n<p>307) <strong>Mar\u00eda Rosa de SOTO<\/strong>, f. antes de 1798. Era hija de 614) Luis de SOTO y de 615) Pascuala NAVARRO.<\/p>\n<p>316) <strong>Gregorio<\/strong> <strong>SAUCEDO<\/strong>, f. despu\u00e9s de 1808, c.c. Leocadia <strong>SANDOVAL<\/strong><\/p>\n<p>317) <strong>Leocadia<\/strong> <strong>SANDOVAL<\/strong>, f. antes de 1808.<\/p>\n<p>318) <strong>Pedro Nolasco de ACEVEDO<\/strong> n. por 1740, c.c Francisca <strong>ESCOBAR<\/strong> en Corrientes en 14.XII.1775. Falleci\u00f3 despu\u00e9s de 1820 y era hijo de 636) Nicol\u00e1s de ACEVEDO y 637) Pascuala ACOSTA.<\/p>\n<p>319) <strong>Francisca<\/strong> <strong>ESCOBAR<\/strong> n. por 1756. Falleci\u00f3 despu\u00e9s de 1820 y era hija de 638) Sebasti\u00e1n ESCOVAR (sic) y 639) Estafan\u00eda VALLEXOS.<\/p>\n<p>384) <strong>Michael FLUCK<\/strong>, n. 27.V.1700 en Nordhalden y f. 10.VI.1765 en Nordhalden. C.c. Elisabeth SAUTER el 22.X.1724 en Nordhalden. Era hijo de 768) Michael FLUCK y de 769) Maria SCHNEGG.<\/p>\n<p>385) <strong>Elisabeth SAUTER<\/strong>, n. 18.IV.1704 en Nordhalden y f. 23.IV.1768 tambi\u00e9n en Nordhalden. C.c. Michael FLUCK. Era hija de 770) Jakob SAUTER y de 771) Elisabeth B\u00dcHLER.<\/p>\n<p>386) <strong>Johann SCH\u00d6NLIN<\/strong>, n. 20.X.1698 en Nordhalden, c.c. Ursula SAXER el 17.XII.1703 en Nordhalden. Johann era hijo de 772) Johann SCH\u00d6NLIN y de 773) Maria G\u00dcNER.<\/p>\n<p>387) <strong>Ursula SAXER<\/strong>, n. 17.XII.1703 en Uttenhofen, perteneciente al municipio de Tengen, Baden. C.c. Johann SCH\u00d6NLIN. Era hija de 774) Conrad SAXER y de 775) Barbara FRANK.<\/p>\n<p>388) <strong>Michael STEUER<\/strong>, n. 19.X.1697 en Kommingen, f. 2.IV.1743 tambi\u00e9n en Kommingen. C.c. Adelheid GROSS el 18.V.1723 en Kommingen. Era hijo de\u00a0 776) Martin STEUER y de 777) Maria MAJER.<\/p>\n<p>389) <strong>Adelheid GROSS<\/strong>, n. 6.II.1700 en Pfohren, Donaueschingen, Baden. C.c. Michael STEUER. Era hija de 778) Adam GROSS y de 779) Verena GOTTSABEND.<\/p>\n<p>390) <strong>Johann MAUS<\/strong>, n. 7.X.1710 en Kommingen y f. 1.V.1780 en Kommingen. C.c Maria Ursula STILL el 29.II.1740 en Kommingen. Johann era hijo de 780) Jacob MAUS y de 781) Maria BOLLIN.<\/p>\n<p>391) <strong>Maria Ursula STILL<\/strong>, n. 25.IX.1718 en Kommingen y f. en el\u00a0 mismo lugar el 17.XI.1780. C.c. Johann MAUS. Era hija de 782) Johann ST\u00dcLL y de 783) Margaretha BOLLIN.<\/p>\n<p>392) <strong>Balthasar G\u00dcNER<\/strong>, n. 7.I.1719 en Nordhalden y f. en el mismo lugar el 25.VI.1768. C.c. Maria WEBER el 21.X.1743 en Nordhalden. Era hijo de 784) Michael G\u00dcNER y de 785) Maria WEBER.<\/p>\n<p>393) <strong>Maria WEBER<\/strong>, n. 16.III.1711 en Nordhalden y f. 7.V.1766 tambi\u00e9n en Nordhalden. C.c. Balthasar G\u00dcNER. Era hija de 786) Michael WEBER y de 787) Maria KURZ.<\/p>\n<p>396) <strong>Philippus SCHULTHEISS<\/strong>, c.c. Anna Maria MAYER.<\/p>\n<p>397) <strong>Anna Maria MAYER<\/strong>, c.c. Philippus SCHULTHEISS.<\/p>\n<p>398) <strong>Josephus M\u00dcLLER<\/strong>, c.c. Maria Magdalena STILL. Era hijo de 796) Petrus M\u00dcLLER y de 797) Maria BOLLIN.<\/p>\n<p>399) <strong>Maria Magdalena STILL<\/strong>, c.c. Josephus M\u00dcLLER. Era hija de 798) Joachimus STILL y de 799) Anna KN\u00d6BLER.<\/p>\n<p>416) <strong>Johann Hinrich G\u00d6TKEN<\/strong>, n. 5.IV.1704 en Husum, b. luterano 13.IV.1704 en Huntlosen, f. 1.II.1752 en Husum y sepultado 4.II.1752 en Huntlosen. C. 15.XI.1731 en Huntlosen c. Gesche L\u00fcnning. Johann Hinrich era hijo de 832) Johann G\u00d6TTJEN y de 833) Anna Margaretha DIRCKS.<\/p>\n<p>417) <strong>Gesche L\u00dcNNING<\/strong>, n. 27.VIII.1706 en Westrittrum, b. luterana 31.VIII.1706 en Huntlosen, f. 5.X.1779 en Husum, sepultada 7.X.1779 en Huntlosen. Hija de 834) Claus L\u00fcnning de Westrittrum y 835) W\u00fcnneke Kellinghusen de Colnrade (o Collenrade), Baja Sajonia.<\/p>\n<p>418) <strong>Johann Hinrich GERRELS<\/strong>, luterano, n. por el a\u00f1o 1720 probablemente en Delmenhorst, Oldenburg, Baja Sajonia. C.c. con W\u00fcbke Marie por el a\u00f1o 1750.<\/p>\n<p>419) <strong>W\u00fcbke Marie N<\/strong>, n. por el a\u00f1o 1725, luterana, c.c. Johann Hinrich GERRELS.<\/p>\n<p>424) <strong>Johann Friedrich NIEMANN<\/strong><\/p>\n<p>428) <strong>Johann Hermann GEYER<\/strong>, n. 03.III.1724. C.c. Anna Catharina KREBS. Hermano: Bernard Conrad GEYER, n. 1762 en Bremen. Era hijo de 856) Friederich GEYER y 857) Maria SEELHOFF.<\/p>\n<p>429) <strong>Anna Catharina KREBS<\/strong>.<\/p>\n<p>430) <strong>Johann Erich M\u00dcLLER<\/strong>, de Ritterhude.<\/p>\n<p>436) <strong>T\u00f6lke VOLLERS<\/strong>, n. 27.X.1723 en Walle. f. el 4.IV.1801 en Walle. C.c. Gesche Schr\u00f6rs por el a\u00f1o 1755. T\u00f6lke era hijo de 872) Hinrich FOLLERS y de\u00a0 873) Margereta STAMMANS.<\/p>\n<p>437) <strong>Gesche SCHR\u00d6RS<\/strong>, f. 27.VIII.1787 en Walle, c.c. T\u00f6lke VOLLERS.<\/p>\n<p>440) <strong>W\u00f6ltje KROP<\/strong>, n. 27.I.1708 en Rockwinkel, b. 1.II.1751 en Oberneuland, c.c. Wubbecke L\u00dcER\u00df 10.X.1748 en Oberneuland y f. en agosto de 1751, siendo enterrado el 23.VIII en el cementerio de Oberneuland. W\u00f6ltje era hijo de 880) W\u00f6ltje KROP y de 881) Gebke WARNKEN.<\/p>\n<p>441) <strong>Wubbecke L\u00dcER\u00df<\/strong>, n. en mayo de 1717 en Borgfeld, c.c. W\u00f6ltje KROP\u00a0 y f. en mayo de 1782 en Rockwinkel. Wubbecke era hija de 882) Claus L\u00dcER\u00df y de 883) Gretje HUSHEER.<\/p>\n<figure id=\"attachment_1356\" aria-describedby=\"caption-attachment-1356\" style=\"width: 328px\" class=\"wp-caption alignright\"><img fetchpriority=\"high\" decoding=\"async\" class=\"  wp-image-1356 alignright\" src=\"https:\/\/miblogdegenealogia.files.wordpress.com\/2016\/07\/sanders-ilsabe-lacc81pida-oberneuland0264.jpg\" alt=\"Sanders Ilsabe - La\u0301pida Oberneuland0264.jpg\" width=\"328\" height=\"437\" \/><figcaption id=\"caption-attachment-1356\" class=\"wp-caption-text\">L\u00e1pida de Ilsabe Sanders<\/figcaption><\/figure>\n<p>442) <strong>Engelbert SCHLENGMANN<\/strong>, n. por el mes de abril de 1723 en Rockwinkel y sepultado en 31.V.1796, Oberneuland, a la edad de 71 a\u00f1os y 1 mes. C. 9.V.1743 con Ilsabe Sanders de Vahr, Horn, en Oberneuland. Engelbert era hijo de 884) Dirick SCHLENGMANN y de 885) Gretje SANDERS.<\/p>\n<p>&nbsp;<\/p>\n<p>443) <strong>Ilsabe SANDERS<\/strong>, n. a comienzos del a\u00f1o 1720 en Vahr, Horn, b. 7.II.1720 y f. 27.IX.1763 en Oberneuland. C.c. Engelbert SCHLENGMANN. Ilsabe era hija de 886) Frerich SANDERS y de 887) Alke BOLLMANN.<\/p>\n<p>&nbsp;<\/p>\n<p>444) <strong>Harje D\u00d6HLE<\/strong>, constructor, n. por el a\u00f1o 1725 en Rockwinkel. F. a los 81 a\u00f1os en febrero de 1806 en la misma ciudad y es enterrado el 15 de ese mes. Tom\u00f3 su confirmaci\u00f3n el 30.IV.1742 en Oberneuland. C.c. Beke MEYER. Hijos:\u2028Gebke, n. 1752 y f. 1832, c.c. Hinrich Bremermann)\u2028Wubke, n. 1756 y f. 1822, c.c. Henrich K\u00e4mena y con Arnold Blome\u2028Beke, n. 1758\u2028Almate, n. 1760 y f. 1762.\u2028\u2028Harje era hijo de 888) Br\u00fcning D\u00d6HLE y de 889) Gebke WARN(E)KEN.<\/p>\n<p>445) <strong>Beke MEYER<\/strong>, n. 12.VI.1720 en Osterholz, b. el 16.VI.1720 en Oberneuland, c.c. Harje D\u00d6HLE y f. en febrero de 1790 a los 70 a\u00f1os, siendo enterrada el 8 del mismo mes.. Era hija de 890) Harm MEYER y de 891) Gesche WALMANN.<\/p>\n<p>446) <strong>Johann J\u00dcRGENS<\/strong>, n. por el a\u00f1o 1734 en Oberneuland. F. a los 66 a\u00f1os en agosto de 1800 en Ellen y fue enterrado el 22.VIII.1800 en el cementerio de Oberneuland. C.c. Anne OSMERS el 25.VI.1761 en Oberneuland.\u2028Aparece en las Meierbriefe de Bremen:\u2028\u2028\u2028Era hijo de 892) Henrich J\u00dcRGENS y de 893) W\u00fcbke BOLLMANN. Hijos con Annes OSMERS:\u2028a) Wubke (1761-)\u2028b) Ilsabe (1766-)\u2028c) Anna (1772-)\u2028d) Johann (1777-).<\/p>\n<p>447) <strong>Anne OSMERS<\/strong>, n. por el a\u00f1o 1743 en Ellen, Oberneuland y b. el 12.XII.1743 en Oberneuland. Anne c.c. Johann J\u00dcRGENS, f. a los 54 a\u00f1os y 4 meses en marzo de 1798 a causa de una Faulfieber y es enterrada el 23 del mismo mes en Oberneuland. Era hija de 894) Johann OSMERS y de 895) Depke RUST. M\u00e1s info <a href=\"http:\/\/www.online-ofb.de\/famreport.php?ofb=lesum&amp;ID=I064465&amp;nachname=OSMERS&amp;modus=&amp;lang=de\">aqu\u00ed<\/a>.<\/p>\n<p>Sigue <a href=\"http:\/\/miblogdegenealogia.wordpress.com\/los-antepasados-directos-4\">aqu\u00ed<\/a>.<\/p>\n","protected":false},"excerpt":{"rendered":"<p>Octava Generaci\u00f3n (quintos abuelos) 144) Juan Esteban ORTIZ n. por 1760, hijo de 288) Pasqual ORTIZ, n. en Paraguay y 289) Cathalina FERN\u00c1NDEZ, de Corrientes. Cas\u00f3 en primeras nupcias con Feliciana (o Juliana) ESQUIBEL y fueron padres de Benigno Antonio y Francisco de Paula ORTIZ. Posteriormente cas\u00f3 en segundas nupcias en 27.VIII.1810 en Corrientes c. [&hellip;]<\/p>\n","protected":false},"author":2,"featured_media":0,"parent":0,"menu_order":0,"comment_status":"open","ping_status":"open","template":"","meta":{"footnotes":""},"class_list":["post-410","page","type-page","status-publish","hentry"],"_links":{"self":[{"href":"https:\/\/miblogdegenealogia.com\/wp\/index.php?rest_route=\/wp\/v2\/pages\/410","targetHints":{"allow":["GET"]}}],"collection":[{"href":"https:\/\/miblogdegenealogia.com\/wp\/index.php?rest_route=\/wp\/v2\/pages"}],"about":[{"href":"https:\/\/miblogdegenealogia.com\/wp\/index.php?rest_route=\/wp\/v2\/types\/page"}],"author":[{"embeddable":true,"href":"https:\/\/miblogdegenealogia.com\/wp\/index.php?rest_route=\/wp\/v2\/users\/2"}],"replies":[{"embeddable":true,"href":"https:\/\/miblogdegenealogia.com\/wp\/index.php?rest_route=%2Fwp%2Fv2%2Fcomments&post=410"}],"version-history":[{"count":0,"href":"https:\/\/miblogdegenealogia.com\/wp\/index.php?rest_route=\/wp\/v2\/pages\/410\/revisions"}],"wp:attachment":[{"href":"https:\/\/miblogdegenealogia.com\/wp\/index.php?rest_route=%2Fwp%2Fv2%2Fmedia&parent=410"}],"curies":[{"name":"wp","href":"https:\/\/api.w.org\/{rel}","templated":true}]}}