{"id":400,"date":"2016-07-28T22:39:14","date_gmt":"2016-07-28T22:39:14","guid":{"rendered":"https:\/\/miblogdegenealogia.wordpress.com\/?page_id=400"},"modified":"2016-07-28T22:39:14","modified_gmt":"2016-07-28T22:39:14","slug":"los-antepasados-directos-2","status":"publish","type":"page","link":"https:\/\/miblogdegenealogia.com\/wp\/?page_id=400","title":{"rendered":"Generaciones 5\u00aa a 7\u00aa"},"content":{"rendered":"<h4>Quinta Generaci\u00f3n (tatarabuelos)<\/h4>\n<hr \/>\n<p>16. <strong>Hannoush ZRIEK<\/strong>, hijo de 32) Zriek<\/p>\n<p>17. <strong>Saide DIB<br \/>\n<\/strong><\/p>\n<p>18. <strong>Lorenzo Justiniano ORTIZ<\/strong>, n. el 5.IX.1856 en Empedrado, Corrientes y bautizado tres d\u00edas despu\u00e9s en la misma ciudad. Agricultor, cas\u00f3 el 27.XI.1880 en Empedrado con Ildefonsa G\u00d3MEZ. Lorenzo era hijo de 36) Juan Francisco ORTIZ\u00a0 y 37) Br\u00edgida ACEVEDO.<\/p>\n<p>19.<strong> Ildefonsa G\u00d3MEZ<\/strong>, n. por el a\u00f1o 1865 probablemente en Empedrado, Corrientes. C.c. Lorenzo Justiniano ORTIZ. Ildefonsa era hija de 38) Pedro Celestino G\u00d3MEZ y 39) Lorenza SAUCEDO. Sus hermanos fueron, al menos: Ram\u00f3n y Paula G\u00d3MEZ.<\/p>\n<p>20. <strong>Zachour HANNOUSH<\/strong>, nacido en Kafr\u00fan, Siria.<\/p>\n<p>21.<strong> Massarah NASSAR<\/strong>, probablemente originaria de Kafr\u00fan, Siria.<\/p>\n<p>22. <strong>Isaac ISE<\/strong>, probablemente originario de Meshta-el-Helou, Siria.<\/p>\n<p>23. <strong>Naus NAFA<\/strong>, probablemente originaria de Meshta-el-Helou, Siria.<\/p>\n<p><img fetchpriority=\"high\" decoding=\"async\" class=\"  wp-image-1318 alignright\" src=\"https:\/\/miblogdegenealogia.files.wordpress.com\/2016\/07\/1890s_simon-fluck.jpg\" alt=\"1890s_Simon Fluck.jpg\" width=\"252\" height=\"373\" \/>24. <strong>Simon FLUCK<\/strong>, n. el 26.X.1842 en Kommingen, Blumberg, Baden y f. el 21.V.1910 en Hamburg. C.c. Minna JUNG 8.X.1871 en Wandsbek, en esa \u00e9poca, situada en las afueras de Hamburg. Hermanos: Johann, Antonius, Eulalia, Vinzenz, Jacobus, Fiedel, Regina y Johanna. Simon era hijo de 48) Matth\u00e4 FLUCK y de 49) Kunigunda GINER. Simon era pensionista y dej\u00f3, al morir, seis propiedades en la ciudad de Hamburg. Ya viudo, viaj\u00f3 junto a su hija Bertha hacia Argentina el 14 de agosto de 1906, probablemente a conocer los lugares a los cuales emigrar\u00edan luego sus hijos Edgar Walter y Martha Paula. Dicho viaje lo realiz\u00f3 en el Cap Ortegal de la compa\u00f1\u00eda \u201cHamburg \u2013 S\u00fcdamerikanische Dampfschifffahrt &#8211; Gesellschaft\u201d, siguiendo la ruta Hamburg; Dover; Boulogne-Sur-Mer; La Coru\u00f1a; Lisboa; La Plata. Tuvo ocho hijos, cuatro mujeres y cuatro varones, de los cuales s\u00f3lo cuatro tuvieron descendencia, tanto en Alemania (familias Hohlfeld-Fluck y Gripp-Eichentopf) como en Argentina (familias Ahrens-Rappaport, luego emigrados a EE.UU., S\u00f8ding-Ahrens, Paz-S\u00f8ding, S\u00f8ding-Poso, Aramberri-S\u00f8ding) y los EE.UU. (Hunt-Ahrens).<\/p>\n<p><img decoding=\"async\" class=\"  wp-image-1319 alignright\" src=\"https:\/\/miblogdegenealogia.files.wordpress.com\/2016\/07\/1890_minna-jung.jpg\" alt=\"1890~_Minna Jung.jpg\" width=\"247\" height=\"392\" \/>25. <strong>Minna JUNG<\/strong>, n. 16.VIII.1852 en Wandsbek y f. 16.IX.1892 en Hamburg. Tuvo dos hermanas, Sophie y Martha, esta \u00faltima con descendencia hasta el d\u00eda de hoy en Hamburg (Familia STENZEL). Minna era hija de 50) Valentin JUNG y 51) Emma Catharina JUNGSTIN o JUNGIUS.<\/p>\n<p>&nbsp;<\/p>\n<p>&nbsp;<\/p>\n<p>&nbsp;<\/p>\n<p>&nbsp;<\/p>\n<p>&nbsp;<\/p>\n<p>&nbsp;<\/p>\n<p>&nbsp;<\/p>\n<p><img decoding=\"async\" class=\"alignright  wp-image-1323\" src=\"https:\/\/miblogdegenealogia.files.wordpress.com\/2016\/07\/1908_johann-gocc88deken.jpg?w=524\" alt=\"1908~_Johann Go\u0308deken.jpg\" width=\"243\" height=\"378\" \/>26. <strong>Johann G\u00d6DEKEN<\/strong>, o Juan, como se lo conoc\u00eda en en Argentina, emigr\u00f3 desde el puerto de Bremen hacia nuestras tierras por el a\u00f1o 1880. Su hijo mayor Enrique, naci\u00f3 en Bremen en 1879 y permaneci\u00f3 en Alemania para recibir su educaci\u00f3n mientras que sus padres emigraron hacia nuestro pa\u00eds. M\u00e1s tarde se unir\u00eda a su familia.<br \/>\nJohann G\u00d6DEKEN, n. el 25.IX.1854 en Lehe, por el a\u00f1o 1875 probablemente en Walle, Bremen, cas\u00f3 con Mar\u00eda LOGEMANN. Juan era hijo de 52) Johann Hinrich G\u00d6DECKEN (sic) y 53) de Anna Christina NIEMANN y f. el 22.IV.1911 en Rosario a causa de una cirrosis hep\u00e1tica en la Enfermer\u00eda Anglo-alemana, en la esquina de San Lorenzo y Suipacha.<\/p>\n<p>M\u00e1s sobre Juan G\u00d6DEKEN <a href=\"https:\/\/miblogdegenealogia.wordpress.com\/juan-godeken\/\">aqu\u00ed<\/a>.<\/p>\n<p><img loading=\"lazy\" decoding=\"async\" class=\"  wp-image-1329 alignright\" src=\"https:\/\/miblogdegenealogia.files.wordpress.com\/2016\/07\/1925-maria-logemann.jpg\" alt=\"1925~ Maria Logemann.jpg\" width=\"247\" height=\"623\" \/>27. <strong>Maria LOGEMANN<\/strong>, n. el 28.I.1859 en Walle, b. all\u00ed el 20.III del mismo a\u00f1o y f. el 16.VI.1932 en Rosario a causa de una congesti\u00f3n aguda pulmonar en su domicilio de <a href=\"https:\/\/www.google.es\/maps\/place\/Urquiza+1907,+S2000ANY+Rosario,+Santa+Fe,+Argentina\/@-32.9409656,-60.6485846,3a,90y,175.38h,97.39t\/data=!3m6!1e1!3m4!1sr1mb1CQcOrOS0jtdwrkIrw!2e0!7i13312!8i6656!4m5!3m4!1s0x95b7ab3ed6e18791:0x2f7baccc24d8a909!8m2!3d-32.941029!4d-60.6485822\">Urquiza 1907<\/a>. Mar\u00eda Logemann era hija de 54) Oltmann LOGEMANN y de 55) Anna Rebecka KROPP. Probablemente, poco tiempo despu\u00e9s de la muerte de su esposo, Juan G\u00d6DEKEN, Maria LOGEMANN viaj\u00f3, al menos con una de sus hijas hacia Alemania, quiz\u00e1s Hamburg. En noviembre de 1912 Maria y su hija Maria G\u00d6DEKEN viajan desde Hamburg hacia Buenos Aires en el barco \u201cCap Arcona\u201d. \u2028Un a\u00f1o despu\u00e9s volver\u00eda Anna Friedericke G\u00d6DEKEN hacia nuestro pa\u00eds en compa\u00f1\u00eda de su futuro esposo, Edgar Walter Fluck.<\/p>\n<p>&nbsp;<\/p>\n<p>&nbsp;<\/p>\n<p>&nbsp;<\/p>\n<p>&nbsp;<\/p>\n<p>&nbsp;<\/p>\n<p>&nbsp;<\/p>\n<p>&nbsp;<\/p>\n<p><img loading=\"lazy\" decoding=\"async\" class=\"alignright size-full wp-image-1344\" src=\"https:\/\/miblogdegenealogia.files.wordpress.com\/2016\/07\/1890-theodor-severin-2.jpg?w=498\" alt=\"1890~ Theodor Severin 2.jpg\" width=\"249\" height=\"305\" \/>28. <strong>Theodor SEVERIN<\/strong>, n. por el a\u00f1o 1855 en lugar desconocido, probablemente en Sch\u00f6nebeck\/Elbe, Sajonia-Anhalt, lugar donde nace su primer hijo, Johann Wilhelm. Theodor era comerciante y en 1881, declara domicilio en la calle <a href=\"https:\/\/www.google.es\/maps\/place\/Markt+9,+39218+Sch%C3%B6nebeck+(Elbe),+Alemania\/@52.0215284,11.7380455,151m\/data=!3m1!1e3!4m13!1m7!3m6!1s0x47a5fa1ab705ee35:0xcd3ecb7d1a0fb879!2sMarkt+9,+39218+Sch%C3%B6nebeck+(Elbe),+Alemania!3b1!8m2!3d52.0219!4d11.73844!3m4!1s0x47a5fa1ab705ee35:0xcd3ecb7d1a0fb879!8m2!3d52.0219!4d11.73844\">Markt N\u00b0 9 <\/a>de la localidad antes mencionada. C.c. Agnes Magdalena V\u00d6LKER probablemente por el a\u00f1o 1880 y emigra hacia nuestro pa\u00eds, con su n\u00facleo familiar, en el a\u00f1o 1882, zarpando desde el puerto de Bremerhaven en el vapor Hohenzollern. Theodor fallece el 17.III.1917 en Rosario a causa de una bronquitis cr\u00f3nica en su casa de <a href=\"https:\/\/www.google.es\/maps\/place\/Italia+1233,+S2000DEY+Rosario,+Santa+Fe,+Argentina\/@-32.950269,-60.6493009,796m\/data=!3m1!1e3!4m13!1m7!3m6!1s0x95b7ab148f6606f3:0xac22a08bd29b1148!2sItalia+1233,+S2000DEY+Rosario,+Santa+Fe,+Argentina!3b1!8m2!3d-32.9502516!4d-60.6492123!3m4!1s0x95b7ab148f6606f3:0xac22a08bd29b1148!8m2!3d-32.9502516!4d-60.6492123\">Italia 1233<\/a>.<\/p>\n<p>&nbsp;<\/p>\n<p><img loading=\"lazy\" decoding=\"async\" class=\"  wp-image-1345 alignright\" src=\"https:\/\/miblogdegenealogia.files.wordpress.com\/2016\/07\/1900-agnes-vocc88lker.jpg\" alt=\"1900 Agnes Vo\u0308lker.jpg\" width=\"249\" height=\"284\" \/>29. <strong>Agnes Magdalena V\u00d6LKER<\/strong>, n. por el a\u00f1o 1854, probablemente en Magdeburgo, Alemania. Al igual que en el caso de Theodor SEVERIN, se desconoce el lugar de nacimiento, pero podr\u00eda ser Sch\u00f6nebeck\/Elbe, Sajonia-Ahnalt. Durante el\u00a0 viaje\u00a0 hacia nuestro pa\u00eds dio a luz a su segundo hijo, Ernst Erich. Vivi\u00f3 78 a\u00f1os y falleci\u00f3 en Rosario el d\u00eda 21.IV.1932 a causa de un s\u00edncope card\u00edaco.<\/p>\n<p>&nbsp;<\/p>\n<p>&nbsp;<\/p>\n<p><img loading=\"lazy\" decoding=\"async\" class=\"alignright  wp-image-1338\" src=\"https:\/\/miblogdegenealogia.files.wordpress.com\/2016\/07\/1924-celestino-fernacc81ndez.jpg?w=486\" alt=\"1924 Celestino Ferna\u0301ndez.jpg\" width=\"248\" height=\"246\" \/>30. <strong>Celestino RODR\u00cdGUEZ<\/strong>, n. por el a\u00f1o 1855 en Lada, actualmente parte del municipio de Langreo, Asturias, Espa\u00f1a. Cas\u00f3 con Pilar FERN\u00c1NDEZ probablemente en 1878. En el Registro Civil de Langreo, no encontraron la partida de matrimonio entre el 1.I.1876 y el 31.XII.1877. Adem\u00e1s, la primera hija del matrimonio nace en 1879. Fallece el 17.VII.1934 en Rosario a causa de una bronconeumon\u00eda. Al momento de su muerte, Celestino viv\u00eda en <a href=\"https:\/\/www.google.es\/maps\/place\/Tucum%C3%A1n+2141,+S2000AMY+Rosario,+Santa+Fe,+Argentina\/@-32.9392342,-60.6512484,3a,72.2y,199.57h,90.33t\/data=!3m7!1e1!3m5!1smPmJeQcwVcl9_pfhZj80nw!2e0!6s%2F%2Fgeo2.ggpht.com%2Fcbk%3Fpanoid%3DmPmJeQcwVcl9_pfhZj80nw%26output%3Dthumbnail%26cb_client%3Dsearch.TACTILE.gps%26thumb%3D2%26w%3D86%26h%3D86%26yaw%3D209.73076%26pitch%3D0%26thumbfov%3D100!7i13312!8i6656!4m5!3m4!1s0x95b7ab3884b4c549:0x59b40e615a045716!8m2!3d-32.9392514!4d-60.6512614\">Tucum\u00e1n 2141<\/a> de Rosario. Era hijo de 60) Antonio RODR\u00cdGUEZ y 61) Vicenta CASA.<\/p>\n<p><img loading=\"lazy\" decoding=\"async\" class=\"alignright  wp-image-1340\" src=\"https:\/\/miblogdegenealogia.files.wordpress.com\/2016\/07\/1924-pilar-fernacc81ndez.jpg?w=492\" alt=\"1924 Pilar Ferna\u0301ndez.jpg\" width=\"248\" height=\"247\" \/>31. <strong>Pilar FERN\u00c1NDEZ<\/strong>, n. por el a\u00f1o 1854 en Lada. Fallece en Rosario el d\u00eda 9.IX.1933 a causa de una neumon\u00eda. Al\u00a0 momento de su muerte, Pilar viv\u00eda en <a href=\"https:\/\/www.google.es\/maps\/place\/Av.+Pellegrini+2490,+S2000QDP+Rosario,+Santa+Fe,+Argentina\/@-32.953831,-60.6599122,3a,53.3y,204.58h,105.84t\/data=!3m7!1e1!3m5!1skcZ3o36T6TANeZZLkf7-ag!2e0!6s%2F%2Fgeo1.ggpht.com%2Fmaps%2Fphotothumb%2Ffd%2Fv1%3Fbpb%3DChAKDnNlYXJjaC5UQUNUSUxFEmYKOAmF-kjMbqu3lRH4BTU5CXgjsRokCxDThbhCGhsSGQoUChIJhfpIzG6rt5UR9cfjJWlXxtMQuhMMEgoNKaRb7BW1B9jbGhIJWzKczb2st5URlozH1P3CxXwqCg2mqFvsFcgI2NsaBAhWEFY%26gl%3DES!7i13312!8i6656!4m5!3m4!1s0x95b7ab6ecc48fa85:0xb1237809393505f8!8m2!3d-32.953737!4d-60.6598968\">Av. Pellegrini 2490<\/a>, de Rosario. Hermana: Balbina FERN\u00c1NDEZ. Era hija de 62) Jos\u00e9 FERN\u00c1NDEZ y 63) Vicenta B(A)RAGA\u00d1O.<\/p>\n<p>&nbsp;<\/p>\n<p>&nbsp;<\/p>\n<p>&nbsp;<\/p>\n<h4>Sexta Generaci\u00f3n (cuartos abuelos)<\/h4>\n<hr \/>\n<p>32. <strong>Zriek<\/strong>, n. en Kafr\u00fan<\/p>\n<p>36. <strong>Juan (J) Francisco ORTIZ<\/strong>, n. en Empedrado el 30.VIII.1827 y bautizado en esa misma ciudad el 30.VIII.1827. Era hijo de 72) Juli\u00e1n ORTIZ y de 73) Juliana G\u00d3MEZ, ambos espa\u00f1oles nacidos en territorio argentino. F. 20.IX.1865 en Empedrado. El segundo nombre \u201cJ\u201d aparece en la partida de nacimiento de su bisnieta Cella Dolores ZACAR\u00cdAS, quien fue inscripta por Lorenzo ORTIZ como Dolores Cella ORTIZ. Junto a Br\u00edgida ACEVEDO fueron padres de Juana Petrona, Lorenzo Justiniano y Mateo Evangelista.<\/p>\n<p>37. <strong>Br\u00edgida ACEVEDO<\/strong>, n. 15.X.1837 en Empedrado y b. all\u00ed en 11.XI del mismo a\u00f1o. Era hija de 74) Santos ACEVEDO n. por 1811 y de 75) Andrea LUQUE, b. 8.VIII.1819 y f. probablemente en 21.III.1873 en Empedrado.<\/p>\n<p>38. <strong>Pedro Celestino G\u00d3MEZ<\/strong>, n. en\u00a0 IV.1834 en Empedrado y b. 20.VII.1834 en la misma ciudad. Era hijo de 76) Juan Esteban G\u00d3MEZ y de 77) Mar\u00eda Isabel MART\u00cdNEZ.<strong><br \/>\n<\/strong><\/p>\n<p>39. <strong>Lorenza SAUCEDO<\/strong>, b. el 14.IV.1840 en Empedrado, hija natural de 79) Margarita SAUCEDO. Hermana: Gabriela SAUCEDO.<\/p>\n<p>48. <strong>Matth\u00e4 FLUCK<\/strong>, funcionario del ayuntamiento de Kommingen, Blumberg, Baden. N. el 29.VIII.1803 y falleci\u00f3 el 31.X.1882 en dicha ciudad. C.c. Kunigunde GINER el 15.IX.1832 en Kommingen. Matth\u00e4 era hijo de 96) Matthias FLUCK y 97) Maria Justina STEUER.<\/p>\n<p>49. <strong>Kunigunde GINER<\/strong>, n. el 27.II.1807 en Nordhalden, Blumberg, Baden. Falleci\u00f3 el 20.IX.1853 en Kommingen. C.c. Matth\u00e4 FLUCK.<\/p>\n<p>50. <strong>Valentin JUNG<\/strong>, n. 9.XI.1827 en Mainz, b. cat\u00f3lico, de profesi\u00f3n Posamentier.<\/p>\n<figure id=\"attachment_2050\" aria-describedby=\"caption-attachment-2050\" style=\"width: 194px\" class=\"wp-caption alignright\"><img loading=\"lazy\" decoding=\"async\" class=\"alignnone size-medium wp-image-2050\" src=\"https:\/\/miblogdegenealogia.files.wordpress.com\/2020\/04\/jung-valentin.jpg?w=388\" alt=\"Jung Valentin\" width=\"194\" height=\"300\" \/><figcaption id=\"caption-attachment-2050\" class=\"wp-caption-text\">Valentin Jung<\/figcaption><\/figure>\n<p>Migr\u00f3 hacia Wandsbek y en el a\u00f1o 1877 resid\u00eda en la calle Kurzereihe 42. C.c. Emma Catharina JUNGIUS (o JUNGSTIN) el 2.VIII.1857 en Wandsbek. F. 5.IX.1910. Valentin era hijo de 100) Johann Jacob JUNG y de 101) Catharina JOCKEL.<\/p>\n<p>&nbsp;<\/p>\n<p>&nbsp;<\/p>\n<p>&nbsp;<\/p>\n<p>&nbsp;<\/p>\n<p>&nbsp;<\/p>\n<p>51. <strong>Emma Catharina JUNGIUS o JUNGSTIN<\/strong>, n. 8.III.1830 en Wandsbek, b. protestante y f. 3.IV.1895. C.c. Valentin JUNG. Emma era hija de 102) Johann Gottfried J\u00dcRGENS y 103) Anna Dorothea BEHRMANN. El apellido de Emma Catharina falta definirlo, ya que en la partida de defunci\u00f3n de su hija Minna JUNG, aparece como JUNGSTIN, en la transcripci\u00f3n de su acta de matrimonio aparece como JUNGIUS y luego su padre aparece como J\u00dcRGENS. De cualquier manera, probablemente se deba a problemas en la lectura del mismo.<\/p>\n<p><img loading=\"lazy\" decoding=\"async\" class=\"alignright size-full wp-image-1320\" src=\"https:\/\/miblogdegenealogia.files.wordpress.com\/2016\/07\/1860_johann-hinrich-gocc88deken.jpg?w=600\" alt=\"1860~_Johann Hinrich Go\u0308deken.jpg\" width=\"300\" height=\"402\" \/>52. <strong>Johann Hinrich G\u00d6DECKEN<\/strong>, n. 15.XII.1807 en Steinkimmen, perteneciente al municipio de Ganderkesee, b. luterano 20.XII.1807 en Ganderkesee, f. despu\u00e9s de 1869, de profesi\u00f3n panadero, c. el 1.IV.1842 en Bremen con Anna Christina Niemann. Johann Hinrich y Anna Catharina fueron padres de siete hijos: Johann Hinrich, Johann Christian, Andreas Christian, Anna Christina, Johanna Maria, Johann Christian y Johann.<\/p>\n<p>&nbsp;<\/p>\n<p>&nbsp;<\/p>\n<p>&nbsp;<\/p>\n<p>&nbsp;<\/p>\n<p><img loading=\"lazy\" decoding=\"async\" class=\"alignright size-full wp-image-1321\" src=\"https:\/\/miblogdegenealogia.files.wordpress.com\/2016\/07\/1860_anna-c-niemann.jpg?w=602\" alt=\"1860~_Anna C Niemann.jpg\" width=\"301\" height=\"404\" \/>53. <strong>Anna Christina NIEMANN<\/strong>, n. el 28.XII.1814 en\u00a0<a href=\"https:\/\/www.google.es\/maps\/place\/Balgebr%C3%BCckstra%C3%9Fe+2,+28195+Bremen,+Alemania\/@53.0745523,8.8062301,17z\/data=!3m1!4b1!4m5!3m4!1s0x47b1281a63972097:0xdfc0935a17898fb3!8m2!3d53.0745491!4d8.8084188?hl=es\">Balgebr\u00fcckstra\u00dfe 2<\/a>, Bremen, f. el 2.III.1869 en Horn-Lehe, actual barrio de Bremen, debido a una enfermedad del abdomen. C.c. Johann Hinrich G\u00d6DECKEN. Anna Christina era hija de 106) Johann Christian Niemann, panadero de Horn-Lehe y de 107) Anna Geyers. M\u00e1s informaci\u00f3n, <a href=\"http:\/\/www.online-ofb.de\/famreport.php?ofb=vegesack&amp;ID=I132680&amp;nachname=NIEMANN&amp;modus=&amp;lang=de\">aqu\u00ed<\/a>.<\/p>\n<p>&nbsp;<\/p>\n<p>&nbsp;<\/p>\n<p>&nbsp;<\/p>\n<p>&nbsp;<\/p>\n<p>&nbsp;<\/p>\n<p>&nbsp;<\/p>\n<p>54. <strong>Oltmann<\/strong> <strong>Logemann<\/strong>, n. el 23.XII.1832 en Bremen, f. el 14.VII.1871 en Bremen. C.c. Anna Rebecka KROPP el 5.V.1855 en Walle, Bremen. Oltmann era hijo de 108) Johann Hinrich Ebehard LOGEMANN y de 109) Maria VOLLERS.<\/p>\n<p>55. <strong>Anna Rebecka KROPP<\/strong>, n. en 5.II.1831 en Osterholz, Oberneuland, Bremen, b. luterana el 25.II.1831 en Oberneuland y f. probablemente en Argentina despu\u00e9s del a\u00f1o 1895. C.c. Oltmann Logemann. Anna era hija de 110) W\u00f6ltje KROP y 111) Anna D\u00d6HLE. Hermana: Margrete KROPP, f. 7.VI.1901.<\/p>\n<p>60. <strong>Antonio RODR\u00cdGUEZ<\/strong><\/p>\n<p>61. <strong>Vicenta CASA<\/strong><\/p>\n<p>62. <strong>Jos\u00e9 FERN\u00c1NDEZ<\/strong><\/p>\n<p>63. <strong>Vicenta B(A)RAGA\u00d1O<\/strong><\/p>\n<p>&nbsp;<\/p>\n<h4>S\u00e9ptima Generaci\u00f3n (quintos abuelos)<\/h4>\n<hr \/>\n<p>72. <strong>Juli\u00e1n ORTIZ<\/strong>, n. por 1798, era hijo de 144) Juan Esteban ORTIZ n. por 1760 y de 145) Mar\u00eda del Rosario BARRIOS n. por 1770. C.c. Mar\u00eda Juliana G\u00d3MEZ en 10.VIII.1825 en San Luis del Palmar.<\/p>\n<p>73. <strong>Mar\u00eda Juliana G\u00d3MEZ<\/strong>, n. entre 1797 y 1814, f. 26.VI.1886 en Empedrado. Era hija de 147) Ger\u00f3nima G\u00d3MEZ<\/p>\n<p>74. <strong>Santos ACEVEDO<\/strong> n. por 1811. Era muy probablemente hijo de 148) Andr\u00e9s de ACEVEDO, n. por 1750 y f. despu\u00e9s de 1820 y de 149) Mar\u00eda Blasia PAIBA, f. antes de 1819.<\/p>\n<p>75. <strong>Andrea LUQUE<\/strong>, b. 8.VIII.1819 y f. probablemente 21.III.1873 en Empedrado. Habr\u00eda casado en segundas nupcias con Prudencio OJEDA. Era hija natural de 151) Mar\u00eda Santa LUQUE, n. por 1792.<strong><br \/>\n<\/strong><\/p>\n<p>76. <strong>Juan Esteban G\u00d3MEZ<\/strong>, f. antes de 1869. C.c. Mar\u00eda Isabel MART\u00cdNEZ en 1.IX.1825 en San Luis del Palmar. Era hijo de 152) Juan Manuel G\u00d3MEZ y de 153) Francisca Antonia L\u00d3PEZ.<\/p>\n<p>77.<strong> Mar\u00eda Isabel MART\u00cdNEZ<\/strong>, n. por 1797 y f. despu\u00e9s de 1869. Era hija de 154) Miguel MART\u00cdNEZ y de 155) Mar\u00eda de la Cruz R\u00cdOS.<\/p>\n<p>79. <strong>Margarita SAUCEDO<\/strong>, n. por 1811, hija de 158) Juan de Dios SAUCEDO n. por 1778 y de 159) Juana Silberia ASEBEDO (sic), n. por 1791.<\/p>\n<p>96. <strong>Matthias FLUCK<\/strong>, de profesi\u00f3n Ochsenwirt, n. 1.II.1766 en Nordhalden, perteneciente al municipio de Blumberg, Baden.\u00a0 F. el 5.IX.1834 en Kommingen, Blumberg, Baden. C.c. Maria Justina STEUER el 16.II.1795 en Kommingen, Blumberg, Baden. Matthias era hijo de 192) Matthias FLUCK y de 193) Maria SCH\u00d6NLIN.<\/p>\n<p>97. <strong>Maria Justina STEUER<\/strong>, n. el 7.XI.1771 y f. el 18.V.1834 en Kommingen, Blumberg, Baden. Maria era hija de 194) Johann STEUER y de 195) Margaretha MAUS.<\/p>\n<p>98. <strong>Georgius GINER<\/strong>, n. 22.III.1774 y f. 15.IV.1840 en Nordhalden, Blumberg, Baden. C.c. Rosa SCHULTHEISS el 26.XI.1801 en Kommingen. Georgius GINER era hijo de 196) Michael G\u00dcNER y 197) Ursula FLUCK.<\/p>\n<p>99. <strong>Rosa SCHULTHEISS<\/strong>, n. 22.VI.1777 en Wiechs am\u00a0 Randen, perteneciente al municipio de Tengen, Baden y f. 13.VII.1808 en Nordhalden, Blumberg, Baden. C.c. Georgius GINER. Rosa era hija de 198) Antonius SCHULTHEISS y 199) Barbara M\u00dcLLER.<\/p>\n<p>100. <strong>Johann Jacob JUNG<\/strong>, n. en Alzey, Rheinhessen, Rheinland-Pfalz, de profesi\u00f3n tejador,\u00a0 instalador de tejas, c.c. Catharina Jockel el 28.I.1827 en la Iglesia Sankt Stephan de Mainz, bajo el rito cat\u00f3lico. \u201c<em>Die 28 Januarii copulati sunt cisis et tectorum Strator Johannes Jacobus Jung ex Alzey et Catharina Jockel ex Oberursel. Testesaderant Antonius Kamp et Valentinus Kettergott, mogoni<\/em>\u201d. En los registros parroquiales de Alzey, el \u00fanico nombre similar que aparece es Jacobus J\u00fcnger. \u00c9l era hijo de 200) Christiani J\u00dcNGER y de 201) Margaretha MAYERIN, y naci\u00f3 y fue bautizado en Alzey en 14.VIII.1793.<\/p>\n<p>101. <strong>Catharina JOCKEL<\/strong>, n. en Oberursel, Hessen, c.c. Johann Jacob JUNG en Mainz.<\/p>\n<p>102. <strong>Johann Gottfried J\u00dcRGENS<\/strong>, n. por el a\u00f1o 1800, de profesi\u00f3n trabajador, c.c. Anna Dorothea BEHRMANN el 7.XI.1824 en Wandsbek, Schleswig-Holstein. Johann Gottfried era hijo de 204) Johann Ernst J\u00dcRGENS y 205) de Anna Catharina R\u00fcter.<\/p>\n<p>103. <strong>Anna Dorothea BEHRMANN<\/strong>, n. por el a\u00f1o 1800, c.c. Johann Gottfried J\u00dcRGENS.<\/p>\n<p>104. <strong>Johann Harmen G\u00d6DECKEN<\/strong>, campesino, n. 27.III.1773 en Steinkimmen, b. luterano 1.IV.1773 en Ganderkesee. C. en segundas nupcias el 4.XI.1803 en Ganderkesee con Anna Marie Catharine Reinike. Johann Harmen era hijo de 208) Johann Hinrich G\u00d6TKEN y de 209) Alke Margarethe GARRELS.<\/p>\n<p>105. <strong>Anna Marie Catharine REINIKE<\/strong>, n. por 1777 en Nordenholz, b. luterana 1777 en Hude, Oldenburg, Baja Sajonia, h. de R\u00f6be Reinike, constructor en Nordenholz, luterano y Anna W\u00fcbbenhorst, luterana de Nordenholz.<\/p>\n<p>106. <strong>Johann Christian NIEMANN<\/strong>, de profesi\u00f3n panadero, n. 15.IV.1785 en Minden, b. 20.IV.1785 en la Iglesia Sankt Martini, de la misma ciudad y f. el 2.VI.1826 en Bremen. C. en primeras nupcias con Anna GEYERS antes de 1814. Johann Christian era hijo de 212) Johannes Justus NIEMANN y 213) Anna Sophia Dorothea KL\u00dcNDERS. C. en segundas nupcias con Dorothea Bollmann, n. en 1789, el 13.VIII.1823 en Bremen, cuatro meses despu\u00e9s de la muerte de su primera esposa. Dorothea era hija de Nicolaus BOLLMANN y Catharina EDEN. Johann Christian NIEMANN y Dorothea Bollmann fueron padres de Mathilde Niemann, n. en 1825, c.c. Johann Henrich H\u00d6RMANN, n. en 1819, el 30.IV.1847. Ver m\u00e1s descendencia <a href=\"http:\/\/www.online-ofb.de\/famreport.php?ofb=vegesack&amp;ID=I90536&amp;nachname= NIEMANN&amp;modus=&amp;lang=de\">aqu\u00ed<\/a>.<\/p>\n<p>107. <strong>Anna GEYERS<\/strong>, n. 5.III.1788 y f. 17.IV.1823 en Bremen. C.c. Johann Christian NIEMANN. Anna era hija de 214) Johann Thomas GEYERS y 215) Sophie Henrike genannt Riecke (Beke) M\u00dcLLER.<\/p>\n<p>108. <strong>Johann Hinrich Ebehard LOGEMANN<\/strong>, trabajador n. en 1790 en Wedehorn, Baja Sajonia, Alemania, de profesi\u00f3n trabajador. f. en Walle 12.VI.1865.\u00a0 Johann era hijo de 216) Heinrich LOGEMANN y de 217) Rebecka Margaretha GROENING. Caso con Maria VOLLERS el V.1812 en Walle, Bremen.<\/p>\n<p>109. <strong>Marie VOLLERS<\/strong>, n. 7.XII.1788 en Walle y f. antes de 1865. Marie era hija de 218) L\u00fchr VOLLERS y de 219) Gretje BLANKEN.<\/p>\n<p>110. <strong>W\u00f6ltje KROP<\/strong>, n. en marzo de 1786 en Rockwinkel, Oberneuland, Bremen. B. el 16.III.1786 en Oberneuland y c.c. Anna D\u00f6hle el 25.I.1815 en Oberneuland. W\u00f6ltje era hijo de 220) Simon Herrmann KROP y de 221) Greetje Schlengmann.<\/p>\n<p>111. <strong>Anna D\u00d6HLE<\/strong>, n. en septiembre de 1789 en Rockwinkel, y b. 10.IX.1789 en Oberneuland. C.c. W\u00f6ltje KROP. Anna era hija de 222) Brunje D\u00f6hlen y de 223) Depke J\u00dcRGENS.<\/p>\n<p>Sigue <a href=\"http:\/\/miblogdegenealogia.wordpress.com\/los-antepasados-directos-3\">aqu\u00ed<\/a>.<\/p>\n","protected":false},"excerpt":{"rendered":"<p>Quinta Generaci\u00f3n (tatarabuelos) 16. Hannoush ZRIEK, hijo de 32) Zriek 17. Saide DIB 18. Lorenzo Justiniano ORTIZ, n. el 5.IX.1856 en Empedrado, Corrientes y bautizado tres d\u00edas despu\u00e9s en la misma ciudad. Agricultor, cas\u00f3 el 27.XI.1880 en Empedrado con Ildefonsa G\u00d3MEZ. Lorenzo era hijo de 36) Juan Francisco ORTIZ\u00a0 y 37) Br\u00edgida ACEVEDO. 19. Ildefonsa [&hellip;]<\/p>\n","protected":false},"author":2,"featured_media":0,"parent":0,"menu_order":0,"comment_status":"open","ping_status":"open","template":"","meta":{"footnotes":""},"class_list":["post-400","page","type-page","status-publish","hentry"],"_links":{"self":[{"href":"https:\/\/miblogdegenealogia.com\/wp\/index.php?rest_route=\/wp\/v2\/pages\/400","targetHints":{"allow":["GET"]}}],"collection":[{"href":"https:\/\/miblogdegenealogia.com\/wp\/index.php?rest_route=\/wp\/v2\/pages"}],"about":[{"href":"https:\/\/miblogdegenealogia.com\/wp\/index.php?rest_route=\/wp\/v2\/types\/page"}],"author":[{"embeddable":true,"href":"https:\/\/miblogdegenealogia.com\/wp\/index.php?rest_route=\/wp\/v2\/users\/2"}],"replies":[{"embeddable":true,"href":"https:\/\/miblogdegenealogia.com\/wp\/index.php?rest_route=%2Fwp%2Fv2%2Fcomments&post=400"}],"version-history":[{"count":0,"href":"https:\/\/miblogdegenealogia.com\/wp\/index.php?rest_route=\/wp\/v2\/pages\/400\/revisions"}],"wp:attachment":[{"href":"https:\/\/miblogdegenealogia.com\/wp\/index.php?rest_route=%2Fwp%2Fv2%2Fmedia&parent=400"}],"curies":[{"name":"wp","href":"https:\/\/api.w.org\/{rel}","templated":true}]}}