{"id":28,"date":"2016-07-24T21:39:13","date_gmt":"2016-07-24T21:39:13","guid":{"rendered":"https:\/\/miblogdegenealogia.wordpress.com\/?page_id=28"},"modified":"2016-07-24T21:39:13","modified_gmt":"2016-07-24T21:39:13","slug":"historia-familiar-resumida","status":"publish","type":"page","link":"https:\/\/miblogdegenealogia.com\/wp\/?page_id=28","title":{"rendered":"Historia familiar resumida"},"content":{"rendered":"<h3>Llegando a Argentina<\/h3>\n<p>La historia argentina de mi familia empieza probablemente en el siglo XVII en la provincia de Corrientes y fue\u00a0<em>reforzada<\/em> a fines del siglo XIX, \u00e9poca en la que el pa\u00eds experimenta una explosi\u00f3n demogr\u00e1fica como consecuencia de la llegada masiva de inmigrantes europeos, especialmente italianos y espa\u00f1oles, aunque tambi\u00e9n llegaron desde Medio Oriente.<\/p>\n<p>Hacia 1880 llega desde <a href=\"https:\/\/es.wikipedia.org\/wiki\/Bremen\">Bremen<\/a>,\u00a0<a href=\"https:\/\/es.wikipedia.org\/wiki\/Juan_G%C3%B6deken\">Johann G\u00f6deken<\/a>, uno de mis tatarabuelos. Fue siguiendo a su hermano mayor, Johann Christian, quien hab\u00eda llegado en 1876. Un a\u00f1o m\u00e1s tarde, en 1881, mi bisabuelo materno-materno Ernst Erich Severin nac\u00eda a bordo del <a href=\"http:\/\/www.jeffdonofrio.net\/Donofrio%20Albanese\/Ship%20and%20Port%20Information\/Ship%20Pictures\/hohenzollern%20-%201889%20-%20from%20Ships%20of%20our%20Ancestors.jpg\">Hohenzollern<\/a>, que hab\u00eda zarpado desde el puerto de <a href=\"https:\/\/es.wikipedia.org\/wiki\/Bremerhaven\">Bremerhaven<\/a>, al norte de Alemania. Sus padres proven\u00edan de <a href=\"https:\/\/goo.gl\/maps\/YoorBcz1Ajyj7bdw9\" target=\"_blank\" rel=\"noopener\">Magdeburgo<\/a>. Seguramente pocos a\u00f1os antes de 1905 llega Gibran Hanuch, bisabuelo paterno-paterno, siguiendo tambi\u00e9n a su hermano mayor. En 1906 llega Simon Fluck, otro tatarabuelo, desde <a href=\"https:\/\/es.wikipedia.org\/wiki\/Hamburgo\">Hamburgo<\/a>, con su hijo Edgar Walter, mi bisabuelo. Hacia finales de 1909 llegan mis bisabuelos Aziz Zachour Hanuch y Saie Ise, desde <a href=\"https:\/\/en.wikipedia.org\/wiki\/Al-Kafrun\">Kafr\u00fan<\/a>, Siria, con su hija mayor. Adoptan los nombres de Miguel Zacar\u00edas y Sara Ise. Y por 1910 llegan Edgar Walter Fluck, ya definitivamente, junto a su prometida, Anna Friedericke G\u00f6deken, nacida en Argentina pero criada en Alemania.\u00a0Una vez en Argentina, la familia se fue expandiendo y al d\u00eda de hoy se encuentra en numerosas y distantes provincias.<\/p>\n<p>Desconozco c\u00f3mo se conocieron mis antepasados alemanes en Argentina, aunque seguramente haya sido a trav\u00e9s de los c\u00edrculos sociales de la \u00e9poca, el <a href=\"https:\/\/www.facebook.com\/Club-Alem%C3%A1n-de-Rosario-Deutscher-Verein-Rosario-102288626477838\/\">Club Alem\u00e1n<\/a> y la <a href=\"http:\/\/www.rosario.gov.ar\/sitio\/lugaresVisual\/verOpcionPatrimonio.do?id=705&amp;idLugar=1960\">Iglesia Evang\u00e9lica Alemana<\/a> entre otros. Algo com\u00fan en ellos es que han viajado m\u00e1s de una vez desde y hacia Alemania. Como dec\u00eda antes, Simon Fluck vino en 1906 y luego repiti\u00f3 viaje al menos una vez m\u00e1s. Pero no lleg\u00f3 a Argentina a quedarse, quiz\u00e1s a conocer la tierra en la cual se asentar\u00edan dos de sus hijos, Edgar Walter y Martha Paula. Compr\u00f3 en Rosario una casa para su hijo y luego volvi\u00f3 a Hamburgo donde fallecer\u00eda en 1932. De los G\u00f6deken no consta que hayan vuelto a Alemania, aunque mi bisabuela Anna Friedericke fue educada all\u00ed. Muy probablemente fue a acompa\u00f1ar a su hermano mayor Johann Hinrich, quien naci\u00f3 en Bremen y all\u00ed permaneci\u00f3 hasta 1895, cuando a los 16 a\u00f1os emigr\u00f3 hacia Argentina para reencontrarse con sus padres y sus <em>nuevos <\/em>hermanos.<\/p>\n<p>Mis antepasados sirios vinieron casi en mal\u00f3n. El primero fue Gibran Hanuch, quien viaj\u00f3 en barco, aparentemente desde Marsella y sin documentos. Al momento de casarse en <a href=\"https:\/\/es.wikipedia.org\/wiki\/Empedrado_(Argentina)\">Empedrado<\/a>, Corrientes, da por nombre Gabriel Zacar\u00edas. Esta transmutaci\u00f3n del apellido puede deberse a la castellanizaci\u00f3n del nombre de su padre Zachour, o simplemente a adoptar un apellido espa\u00f1ol. \u00c9l hab\u00eda seguido a su hermano Issa y a ellos les siguieron muchos familiares, quiz\u00e1s como consecuencia de la ocupaci\u00f3n otomana y el reclutamiento masivo de hombres a su ej\u00e9rcito. No falt\u00f3 quien peg\u00f3 la vuelta, <a href=\"http:\/\/www.lanacion.com.ar\/1549364-en-siria-el-mate-es-la-bebida-de-la-rebelion-y-un-botin-de-guerra\">llevando a Siria el mate como tradici\u00f3n<\/a> que se mantiene hasta hoy. Vinieron desde <a href=\"https:\/\/en.wikipedia.org\/wiki\/Al-Kafrun\">Kafr\u00fan<\/a> y <a href=\"https:\/\/en.wikipedia.org\/wiki\/Mashta_al-Helu\">Meshta el-Helu<\/a>, un peque\u00f1o pueblo cercano. Es zona de colinas, de mayor\u00eda <a href=\"https:\/\/es.wikipedia.org\/wiki\/Iglesia_ortodoxa_de_Grecia\">cristiana ortodoxa griega<\/a>, como lo eran mis antepasados.<\/p>\n<p>Tambi\u00e9n tengo antepasados espa\u00f1oles, aunque en proporci\u00f3n, son pocos. Mis tatarabuelos Celestino Rodr\u00edguez y Pilar Fern\u00e1ndez, llegaron a Rosario cerca de 1890 provenientes de <a href=\"https:\/\/es.wikipedia.org\/wiki\/Lada_(Langreo)\">Lada<\/a>, Asturias. Adem\u00e1s, mi bisabuela paterna-paterna Adela Ortiz, era criolla, y descendiente de los espa\u00f1oles que llegaron despu\u00e9s de la conquista de Am\u00e9rica, seguramente mestizada con abor\u00edgenes locales.<\/p>\n<h3>En Alemania<\/h3>\n<p>El apellido Fluck proviene de un peque\u00f1o pueblo llamado <a href=\"http:\/\/www.blumberg-nordhalden.de\/nordhalden-aktuell.html\">Nordhalden<\/a>, en <a href=\"https:\/\/es.wikipedia.org\/wiki\/Baden-Wurtemberg\">Baden-Wurtemberg<\/a>. Ah\u00ed permaneci\u00f3 la familia hasta mediados del siglo XVIII cuando parte de ellos se mudan a <a href=\"http:\/\/www.blumberg-kommingen.de\/kommingen-aktuell.html\">Kommingen<\/a>, cerca de ah\u00ed. Luego mi tatarabuelo Simon Fluck se mudar\u00eda a fines del siglo XIX a Hamburgo. All\u00ed se casa con Minna Jung y se convierte al protestantismo. A su vez los Jung proven\u00edan de Mainz, en el centro oeste alem\u00e1n. La genealog\u00eda de mis antepasados G\u00f6deken es por lejos la m\u00e1s extensa, llegando hasta el siglo XVI. Todos sus antepasados eran de Bremen y pueblos cercanos, pertenecientes a la <a href=\"https:\/\/es.wikipedia.org\/wiki\/Baja_Sajonia\">Baja Sajonia<\/a>. Por otro lado, mis tatarabuelos Severin proven\u00edan de Magdeburgo, en el este alem\u00e1n.<\/p>\n<p>As\u00ed, mis antepasados alemanes provienen de diversas regiones, profesaban diferentes religiones y seguramente ten\u00edan diferentes culturas y dialectos. En nuestra familia, la inmigraci\u00f3n no comenz\u00f3 con el viaje en barco a trav\u00e9s del Atl\u00e1ntico, ni terminar\u00e1 con mi emigraci\u00f3n hace unos casi ocho a\u00f1os&#8230;<\/p>\n<h3>En Espa\u00f1a<\/h3>\n<p>De mis ancestros espa\u00f1oles s\u00e9, lamentablemente, muy poco. Llegaron con varios hijos, y luego tuvieron m\u00e1s, entre ellos a mi bisabuela Urbana Rodr\u00edguez. Ven\u00edan de <a href=\"https:\/\/es.wikipedia.org\/wiki\/Lada_(Langreo)\">Lada<\/a>, una peque\u00f1a parroquia perteneciente al ayuntamiento de Langreo, en <a href=\"https:\/\/es.wikipedia.org\/wiki\/Asturias\">Asturias<\/a>. Sus apellidos hacen dif\u00edcil la investigaci\u00f3n geneal\u00f3gica. Sin embargo, el apellido materno de mi tatarabuela Pilar Fern\u00e1ndez era <a href=\"https:\/\/www.facebook.com\/groups\/57135551249\/?fref=ts\">Baraga\u00f1o<\/a>, apuntado en su partida de defunci\u00f3n como Braga\u00f1o. Y este apellido es casi exclusivo de una aldea vecina a Lada llamada <a href=\"http:\/\/www.pueblosdeasturias.es\/lena\/campomanes\/cotorraso\">Cotorraso<\/a>, <a href=\"https:\/\/www.youtube.com\/watch?v=_NjpYL9L8b8&amp;feature=youtu.be\">Cotorrasu<\/a> en asturianu. De all\u00ed son todas las personas portadoras de este apellido y seguramente all\u00ed los encontrar\u00e9. No s\u00e9 desde donde vinieron a Argentina, ya que los registros de los puertos espa\u00f1oles no est\u00e1n, hasta donde s\u00e9, disponibles en la web. Quiz\u00e1s desde Santander, puerto en el cual hac\u00edan escala algunos grandes barcos procedentes de Alemania, si mal no recuerdo.<\/p>\n<p>No s\u00f3lo son asturianos mis ancestros espa\u00f1oles. Adela Ortiz, mi bisabuela correntina, era criolla. Entre sus antepasados encontramos a Br\u00edgida Acevedo, nacida por 1827. Seg\u00fan me adelant\u00f3 <a href=\"http:\/\/www.juancruzjaime.com.ar\/\">Juan Cruz Jaime<\/a>, un genealogista especializado en la provincia de Corrientes, los Acevedo de esa provincia descienden del Capit\u00e1n Nolasco de Acevedo. Con la ayuda de Hugo Dom\u00ednguez, otro genealogista, encontr\u00e9 esa filiaci\u00f3n, remontando mis antepasados criollos hasta principios del siglo XVIII. Entre los varios apellidos del siglo XVIII se encuentran Ortiz, Fern\u00e1ndez, Barrios, G\u00f3mez de Mesa, Luque, Alegre, Acevedo, Acosta, Escobar y Vallejos.<\/p>\n","protected":false},"excerpt":{"rendered":"<p>Llegando a Argentina La historia argentina de mi familia empieza probablemente en el siglo XVII en la provincia de Corrientes y fue\u00a0reforzada a fines del siglo XIX, \u00e9poca en la que el pa\u00eds experimenta una explosi\u00f3n demogr\u00e1fica como consecuencia de la llegada masiva de inmigrantes europeos, especialmente italianos y espa\u00f1oles, aunque tambi\u00e9n llegaron desde Medio [&hellip;]<\/p>\n","protected":false},"author":2,"featured_media":0,"parent":0,"menu_order":0,"comment_status":"open","ping_status":"closed","template":"","meta":{"footnotes":""},"class_list":["post-28","page","type-page","status-publish","hentry"],"_links":{"self":[{"href":"https:\/\/miblogdegenealogia.com\/wp\/index.php?rest_route=\/wp\/v2\/pages\/28","targetHints":{"allow":["GET"]}}],"collection":[{"href":"https:\/\/miblogdegenealogia.com\/wp\/index.php?rest_route=\/wp\/v2\/pages"}],"about":[{"href":"https:\/\/miblogdegenealogia.com\/wp\/index.php?rest_route=\/wp\/v2\/types\/page"}],"author":[{"embeddable":true,"href":"https:\/\/miblogdegenealogia.com\/wp\/index.php?rest_route=\/wp\/v2\/users\/2"}],"replies":[{"embeddable":true,"href":"https:\/\/miblogdegenealogia.com\/wp\/index.php?rest_route=%2Fwp%2Fv2%2Fcomments&post=28"}],"version-history":[{"count":0,"href":"https:\/\/miblogdegenealogia.com\/wp\/index.php?rest_route=\/wp\/v2\/pages\/28\/revisions"}],"wp:attachment":[{"href":"https:\/\/miblogdegenealogia.com\/wp\/index.php?rest_route=%2Fwp%2Fv2%2Fmedia&parent=28"}],"curies":[{"name":"wp","href":"https:\/\/api.w.org\/{rel}","templated":true}]}}