{"id":180,"date":"2016-07-28T22:37:50","date_gmt":"2016-07-28T22:37:50","guid":{"rendered":"https:\/\/miblogdegenealogia.wordpress.com\/?page_id=180"},"modified":"2016-07-28T22:37:50","modified_gmt":"2016-07-28T22:37:50","slug":"los-antepasados-directos","status":"publish","type":"page","link":"https:\/\/miblogdegenealogia.com\/wp\/?page_id=180","title":{"rendered":"Los antepasados directos"},"content":{"rendered":"<p>La numeraci\u00f3n de los antepasados se ha hecho seg\u00fan el <a href=\"https:\/\/es.wikipedia.org\/wiki\/Ahnentafel\">m\u00e9todo Sosa<\/a>.<\/p>\n<h4>Primera Generaci\u00f3n<\/h4>\n<hr \/>\n<p><strong>1. Mariano Federico ZACAR\u00cdAS-FLUCK,<\/strong> licenciado en Biotecnolog\u00eda y doctor en Ciencias Biom\u00e9dicas de la Facultad de Ciencias M\u00e9dicas. Estudi\u00f3 tambi\u00e9n Licenciatura en Composici\u00f3n en la Escuela de M\u00fasica de la Facultad de Humanidades y Artes de la Universidad Nacional de Rosario, n. el 21.V.1976 en el Sanatorio Plaza de Rosario, b. en la Iglesia Mar\u00eda Auxiliadora, Rosario. En mayo de 2010 emigr\u00f3 a Barcelona para trabajar como investigador post-doctoral en el Institut de Oncolog\u00eda Vall d\u2019Hebron.<\/p>\n<h4>Segunda Generaci\u00f3n<\/h4>\n<hr \/>\n<p><strong>2. H\u00e9ctor Gabriel (Baby) ZACAR\u00cdAS<\/strong>, n. el 18.XII.1941 en Reconquista, <img fetchpriority=\"high\" decoding=\"async\" class=\"wp-image-2101 alignright\" src=\"https:\/\/miblogdegenealogia.files.wordpress.com\/2020\/07\/hecc81ctor-gabriel-zacaricc81as-2.jpg\" alt=\"He\u0301ctor Gabriel Zacari\u0301as 2\" width=\"197\" height=\"318\" \/>provincia de Santa Fe y f. 24.VII.2020 en Rosario. Fue abogado especialista en derecho previsional egresado de la Facultad de Derecho de la Universidad Cat\u00f3lica de Rosario, s\u00edndico titular de la Caja de Seguridad Social de Abogados y Procuradores de la Pcia. de Santa Fe (2004\/2006).\u00a0 C. 1\u00ba el 2.VII.1970 en la Iglesia San Patricio de Rosario con Anna In\u00e9s Fluck y fueron padres de Mariano F. ZACAR\u00cdAS-FLUCK y Fernando Gabriel ZACAR\u00cdAS-FLUCK. H\u00e9ctor Gabriel c. 2\u00ba el 8.VI.1989 en Rosario con Graciela Lidia Elvira MAGGI, n. el 7.V.1950 en Rosario, h.l. de Anselmo Dino MAGGI y de Lidia MORI, ambos de ascendencia italiana. H\u00e9ctor Gabriel y Graciela fueron padres de Julia Adela ZACAR\u00cdAS, n. 18.VI.1989 en Rosario. H\u00e9ctor Gabriel era hijo de 4) Paulino Ismael ZACAR\u00cdAS y de 5) Adela ZACAR\u00cdAS AZIZ. Junto a Marcela FLORES, H\u00e9ctor Gabriel es padre de Paloma ZACAR\u00cdAS, n. en Rosario 8.IV.2003.<\/p>\n<p>3. <strong>Anna In\u00e9s <\/strong><strong>FLUCK<\/strong>, abogada, n. 18.II.1946 en Rosario, b. 2.VI.1946 en la Iglesia de la Congregaci\u00f3n Evang\u00e9lica Alemana. Anna In\u00e9s FLUCK fue miembro del Directorio del Colegio de Abogados de Rosario en el per\u00edodo 1992 \u2013 1993, s\u00edndico titular de la Caja de Seguridad Social de Abogados y Procuradores de la Pcia. de Santa Fe (2006\/2008) y profesora de Derecho Procesal Civil en la Facultad de Derecho de la UNR desde el a\u00f1o 1988. Anna In\u00e9s Fluck c. 1\u00ba el 2.VII.1970 en la Iglesia San Patricio de Rosario con H\u00e9ctor Gabriel Zacar\u00edas. C. 2\u00ba el 17.III.1989 en Rosario con Omar Marcelino MEDINA ARROYO, martillero, h.l. de Marcelino Osvaldo MEDINA ARROYO e Hilda Hayde\u00e9 LUSARDI, s.s. Omar MEDINA ARROYO\u00a0 c. 1\u00ba en Rosario con Estela STEINSLEGER. Omar y Estela son padres de Marcos Mar\u00eda MEDINA, n. el 4.III.1970 en Rosario y f. 10.I.2016 y de Mar\u00eda Raquel MEDINA n. el 16.V.1975 en Rosario. Anna In\u00e9s FLUCK es hija de 6) Walther FLUCK y de 7) Mar\u00eda In\u00e9s SEVERIN RODR\u00cdGUEZ.<\/p>\n<h4>Tercera Generaci\u00f3n<\/h4>\n<hr \/>\n<p><img decoding=\"async\" class=\"alignright size-full wp-image-1331\" src=\"https:\/\/miblogdegenealogia.files.wordpress.com\/2016\/07\/30s_ismael.jpg?w=500\" alt=\"30s_Ismael.jpg\" width=\"250\" height=\"329\" \/>4.<strong> Paulino Ismael ZACAR\u00cdAS<\/strong>, viajante, n. el 22.VI.1906 en Empedrado, Corrientes y fallecido debido a problemas card\u00edacos el 9.X.1966 en Rosario. Cas\u00f3 con Adela ZACAR\u00cdAS AZIZ el 21.XII.1940 en Reconquista. Paulino fue viajante de comercio. Paulino era hijo de 8) Gibran HANUCH, conocido como Gabriel ZACAR\u00cdAS, y de 9) Adela Jer\u00f3nima ORTIZ. Hermana: Cella Dolores ZACAR\u00cdAS.<\/p>\n<p>5. <strong>Adela <strong>ZACAR\u00cdAS<\/strong> AZIZ<\/strong>, <img decoding=\"async\" class=\"alignright size-full wp-image-1347\" src=\"https:\/\/miblogdegenealogia.files.wordpress.com\/2016\/07\/1993_la-pacha.jpg?w=498\" alt=\"1993_La Pacha.jpg\" width=\"249\" height=\"312\" \/>n. 2.VI.1912 en <a href=\"https:\/\/es.wikipedia.org\/wiki\/Ciudad_de_Reconquista\">Reconquista<\/a>, segunda de ocho hermanos, la primera nacida en Argentina. Cas\u00f3 con Paulino Ismael ZACAR\u00cdAS, del cual era sobrina segunda, hija de un primo hermano de Paulino, nieta de un medio hermano del padre de \u00e9l, Gibran. Adela fue ama de casa y bordadora. Adela fue inscipta como Adela AZIZ, siendo reci\u00e9n en 1939 rectificada su partida. Era hija de 10) Miguel ZACAR\u00cdAS AZIZ y 11) Sara ISE y f. en Rosario el d\u00eda 6.XI.1995.<\/p>\n<p>6. <strong>Walther FLUCK<\/strong>, <img loading=\"lazy\" decoding=\"async\" class=\"alignright size-full wp-image-1348\" src=\"https:\/\/miblogdegenealogia.files.wordpress.com\/2016\/07\/1987_opapacc81.jpg?w=496\" alt=\"1987_Opapa\u0301.jpg\" width=\"248\" height=\"295\" \/>reconocido abogado con estudio jur\u00eddico en Rosario y en San Lorenzo desde 1967. Fue director del Instituto de Derecho Municipal y de Urbanismo de la Facultad de Derecho de Rosario. Luego de una vasta trayectoria como abogado de la Municipalidad de Rosario, el 18 de junio de 1968 fue nombrado Director de Asuntos Legales de la Municipalidad de nuestra ciudad, puesto que ocup\u00f3 hasta el d\u00eda de su jubilaci\u00f3n como tal. El 29 de agosto de 1994, en conmemoraci\u00f3n del D\u00eda del Abogado, la Asociaci\u00f3n de Abogados del Departamento San Lorenzo, bautiz\u00f3 la biblioteca de dicha instituci\u00f3n con su nombre, \u201c&#8230;<em>quienes dirigimos esta entidad hemos interpretado el sentimiento del foro de San Lorenzo y pretendemos que el nombre del Dr. Walther FLUCK est\u00e9 permanentemente presente para el grato recuerdo de quienes lo conocieron y como ejemplo para los futuros colegas que se incorporen a nuestro foro<\/em>&#8230;\u201d Walther FLUCK n. el 18.I.1917 en Rosario y b. el 28.III.1919 en la Iglesia de la Congregaci\u00f3n Evang\u00e9lica Alemana siendo su madrina su abuela Maria LOGEMANN. C. el 30.XII.1943 en la Iglesia de la Congregaci\u00f3n Evang\u00e9lica Alemana de Rosario con Mar\u00eda In\u00e9s SEVERIN RODR\u00cdGUEZ. En la uni\u00f3n civil, fueron testigos Antonio Mar\u00eda RODR\u00cdGUEZ, Jorge BOSCO, Francisco SOLANES y Jorge Ernesto SCHUELEIN. A la edad de seis a\u00f1os, junto a su madre, viaj\u00f3 hacia Hamburg, probablemente por asuntos familiares, ya que su padre hab\u00eda fallecido recientemente. Walther era hijo de 12) Edgar Walter FLUCK y 13)\u00a0 Anna Friedericke G\u00d6DEKEN. Walther falleci\u00f3 el 4.VI.1992, en Rosario.<\/p>\n<p>7. <strong>Mar\u00eda In\u00e9s SEVERIN RODR\u00cdGUEZ<\/strong>, profesora de Matem\u00e1ticas y Ciencias <img loading=\"lazy\" decoding=\"async\" class=\" wp-image-1332 alignright\" src=\"https:\/\/miblogdegenealogia.files.wordpress.com\/2016\/07\/1939-omamacc81-2-e1596189537328.jpg\" alt=\"1939 Mar\u00eda In\u00e9s SEVERIN\" width=\"271\" height=\"389\" \/>Naturales en diversas instituciones educacionales, n. el 7.I.1920 en Rosario, f. 16.III.1996, en Rosario. Hermano: Ernesto Fernando\u00a0SEVERIN RODR\u00cdGUEZ, ingeniero civil. Mar\u00eda In\u00e9s era hija de 14) Ernesto Erico SEVERIN y de 15) Urbana RODR\u00cdGUEZ.<\/p>\n<h4><\/h4>\n<h4><\/h4>\n<h4><\/h4>\n<h4><\/h4>\n<h4><\/h4>\n<h4><\/h4>\n<h4>Cuarta Generaci\u00f3n (bisabuelos)<\/h4>\n<hr \/>\n<p>8. <strong>Gibran HANUCH<\/strong>, conocido en Argentina como Gabriel ZACAR\u00cdAS arrib\u00f3 a nuestro pa\u00eds en los primeros a\u00f1os del siglo XX como poliz\u00f3n en un barco que hab\u00eda zarpado del puerto de Marsella, sin documentaci\u00f3n alguna. Previamente hab\u00eda viajado desde su Siria natal. Gibran, n. por el a\u00f1o 1886 en Kafrun, Siria, fue asesinado en <a href=\"https:\/\/www.facebook.com\/Municipalidad-De-Cote-Lai-Chaco-147420165467084\/\">Cote-Lai<\/a>, Chaco en 1908, mientras se dedicaba a pagar a los trabajadores de un obrador. En una noticia del diario La Capital, de Rosario, de los a\u00f1os 1905-1910 pod\u00eda leerse \u201c<em>Terror en el Chaco. Un telegrama nos advierte que los trabajadores del Chaco est\u00e1n alarmados por los continuos robos que cometen los indios, los que ahora se han unido a bandoleros correntinos y tienen por programa robar y asesinar sin medida<\/em>\u201d. \u2028Cas\u00f3 el 19.VIII.1905 en Empedrado, Corrientes, con Adela Jer\u00f3nima ORTIZ. Al momento de contraer matrimonio declara ser hijo de Andr\u00e9s ZACAR\u00cdAS y Carmen ROMERO \u201c<em>vecinos de esta ciudad<\/em>\u201d. Esta informaci\u00f3n es falsa, ya que sus padres eran sirios y nunca dejaron su pa\u00eds. La causa de esta declaraci\u00f3n es desconocida. Hermano: Isaac HANUCH, con descendencia en Empedrado y Corrientes (capital). Gibran era hijo de Hanoush ZREIK y Saide DIB.<\/p>\n<p>9. <strong>Adela Jer\u00f3nima ORTIZ<\/strong>, n. el 30.IX.1884 en <a href=\"https:\/\/es.wikipedia.org\/wiki\/Empedrado_(Argentina)\">Empedrado<\/a> y b. 31.I.1885 en la misma ciudad. Cas\u00f3 con Gibran HANUCH. Luego de enviudar, sus hijos fueron llevados a vivir con sus t\u00edos paternos, Isaac HANUCH y Guie Antonia HAIEK, sirios, de Kafr\u00fan, residentes en Empedrado, debido a que Adela ORTIZ enferm\u00f3 de tuberculosis. Esa es la versi\u00f3n oficial seg\u00fan la cuenta Emilio HANUCH. Algo m\u00e1s cercano a la realidad es que la familia HANUCH pretend\u00eda criar a Paulino Ismael y a su hermana Cella Dolores, en el seno de una familia \u00e1rabe. Por eso fueron quitados de los brazos de su madre. Adela, se afinc\u00f3 en Barranqueras, provincia del Chaco y fue madre de Marcelino Emilio ORTIZ, n. 18.VI.1913 en Empedrado. Adela era hija de 18) Lorenzo ORTIZ y de 19) Ildefonsa G\u00d3MEZ. Hermanos: Blanca, Pedro, Petrona del Socorro, Claudia Mercedes, Venancia Amada y, seg\u00fan datos aportados por Emilio HANUCH, Agustina.<\/p>\n<p><img loading=\"lazy\" decoding=\"async\" class=\"alignright  wp-image-1335\" src=\"https:\/\/miblogdegenealogia.files.wordpress.com\/2016\/07\/1958-miguel-zacarias-aziz.jpg?w=582\" alt=\"1958 Miguel Zacarias Aziz.jpg\" width=\"290\" height=\"216\" \/>10. <strong>Aziz Zachour HANUCH<\/strong>, conocido en Argentina como Miguel ZACAR\u00cdAS AZIZ, n. el 10.VII.1881 en Kafr\u00fan, Siria. C.c. Saie Ise, el 8.I.1908 en Kafr\u00fan. Fueron padres de 8 hijos. La primera, Emilia, naci\u00f3 en Kafr\u00fan; el resto en Reconquista. Miguel se dedic\u00f3 al comercio, ten\u00eda un almac\u00e9n de ramos generales y, adem\u00e1s, viajaba a las distintas chacras y estancias de la zona, llevando mercader\u00eda. A veces, pasaba la noche en la casa de sus clientes, antes de regresar a Reconquista. Miguel era hijo de 20) Zachour HANUCH y 21) Massarah NASSAR y f. en Reconquista el 12.I.1959.<\/p>\n<p><img loading=\"lazy\" decoding=\"async\" class=\"alignright  wp-image-1336\" src=\"https:\/\/miblogdegenealogia.files.wordpress.com\/2016\/07\/1958-sara-ise.jpg?w=596\" alt=\"1958 Sara Ise.jpg\" width=\"291\" height=\"290\" \/>11. <strong>Saie ISE<\/strong>, conocida en Argentina como Sara, n. por el a\u00f1o 1892 en Meshta-el-Helou, Siria. C.c. con Miguel ZACAR\u00cdAS AZIZ.\u00a0 Saie tuvo un hermano o hermana que vivi\u00f3 en Curitiba, Brasil cuya hija Fahide cas\u00f3 con Gibran KALLUF, tambi\u00e9n de origen sirio, dando lugar a descendencia KALLUF en dicha ciudad. Saie era hija de 22) Isaac ISE y de 23) Naus NAFA (o SAAD).<\/p>\n<p><img loading=\"lazy\" decoding=\"async\" class=\"alignright  wp-image-1350\" src=\"https:\/\/miblogdegenealogia.files.wordpress.com\/2016\/07\/1910-edgar-walther-fluck-2.jpg?w=566\" alt=\"1910~ Edgar Walther Fluck 2.jpg\" width=\"294\" height=\"338\" \/>12. <strong>Edgar Walter FLUCK<\/strong>, comerciante alem\u00e1n, presidente del Club Alem\u00e1n de Rosario a comienzos de 1923. Walter n. 28.XI.1883 en Hohenfelde, Hamburg, y f. el 11.III.1923 en Rosario. Walter viaj\u00f3 hacia la Argentina, quiz\u00e1s por primera vez, el 19 de septiembre de 1906 a bordo del Cap Blanco de la compa\u00f1\u00eda \u201c<a href=\"https:\/\/es.wikipedia.org\/wiki\/Hamburg_S%C3%BCd\">Hamburg-S\u00fcdamerikanische Dampfschifffahrt-Gesellschaft<\/a>\u201d que sigui\u00f3 la ruta Hamburg; Dover; Boulogne-Sur-Mer; Vigo; Lisboa; La Plata. \u2028\u2028\u2028Luego viaj\u00f3 en 1913 hacia nuestro pa\u00eds en compa\u00f1\u00eda de su futura esposa. Walter FLUCK c.c Anna Friedericke G\u00d6DEKEN\u00a0 el 17.V.1913\u00a0 en\u00a0 la\u00a0 <a href=\"http:\/\/www.ierp-rosario.org\/\">Iglesia\u00a0 de\u00a0 la\u00a0 Congregaci\u00f3n Evang\u00e9lica Alemana de Rosario<\/a>.\u00a0 Era el director de un estudio en calle Sarmiento 651, Rosario. Edgar Walter era hijo de 24) Simon FLUCK y 25) Minna JUNG.<\/p>\n<p><img loading=\"lazy\" decoding=\"async\" class=\"alignright  wp-image-1342\" src=\"https:\/\/miblogdegenealogia.files.wordpress.com\/2016\/07\/1917_anna.jpg\" alt=\"1917_Anna.jpg\" width=\"289\" height=\"400\" \/>13. <strong>Anna Friedericke G\u00d6DEKEN<\/strong>, n. el 22.V.1892 en Villa Casilda, b. el 10.VI.1893 en la English Church of St. Bartholomew, Rosario, f. el 5.IX.1974 en Rosario. C.c. Edgar Walter FLUCK. Anna enviud\u00f3 muy joven; por el a\u00f1o 1950 era titular de una pensi\u00f3n para caballeros extranjeros en Zapiola 2025, Belgrano R, Buenos Aires. Anna era hija de 26) Johann G\u00d6DEKEN y 27) de Maria LOGEMANN. Hermanos: Johann Hinrich, conocido como Enrique, Johann (h), Federico Andreas, Clara Maria Georgine y Anna Adelina.<\/p>\n<p><img loading=\"lazy\" decoding=\"async\" class=\"alignright size-full wp-image-1351\" src=\"https:\/\/miblogdegenealogia.files.wordpress.com\/2016\/07\/1945-ee-severin-sentado-en-patio-2.png?w=580\" alt=\"1945 EE Severin sentado en patio 2.png\" width=\"290\" height=\"293\" \/>14. <strong>Ernst Erich SEVERIN<\/strong>, alem\u00e1n, n. el 11.III.1882 en el vapor Hohenzollern que zarp\u00f3 desde <a href=\"https:\/\/es.wikipedia.org\/wiki\/Bremerhaven\">Bremerhaven<\/a>, Alemania, b. el 30.IV.1882 en Esperanza y f. el 26.VI.1946 en Rosario a causa de una hemorragia cerebral. Ernesto, de profesi\u00f3n empleado, c.c. Urbana RODR\u00cdGUEZ el 22.II.1919 en Rosario siendo testigos Juan H. Marshall, Antonio M. RODR\u00cdGUEZ, Adolfo STRASSER, Juan TARR\u00c9S y Juan RODR\u00cdGUEZ. Ernesto era hijo de 28) Theodor SEVERIN y de 29) Magdalena Agnes V\u00d6LKER. Hermano: Johann Wilhelm SEVERIN, n. el 4.I.1881 en Sch\u00f6nebeck, Sajonia-Anhalt, Alemania. Johann Wilhelm viaj\u00f3 hacia nuestro pa\u00eds y se afinc\u00f3 con el resto de su familia. En el a\u00f1o 1895 viv\u00edan en Campana, provincia de Buenos Aires. No existen m\u00e1s datos de \u00e9l a excepci\u00f3n de \u201cse fue hacia el norte\u201d.<\/p>\n<p><img loading=\"lazy\" decoding=\"async\" class=\"alignright size-full wp-image-1327\" src=\"https:\/\/miblogdegenealogia.files.wordpress.com\/2016\/07\/1920-urbana-rodricc81guez.png?w=578\" alt=\"1920 Urbana Rodri\u0301guez.png\" width=\"289\" height=\"285\" \/>15. <strong>Urbana RODR\u00cdGUEZ<\/strong>, n. el 28.IV.1894 en Rosario, b. 18.VII.1894 en la Iglesia Catedral de Rosario y f. el 6.XI.1953 en Rosario como consecuencia de un c\u00e1ncer de mama. Era hija de 30) Celestino RODR\u00cdGUEZ y 31) Pilar FERN\u00c1NDEZ, espa\u00f1oles. Hermanos: Engracia, Amalia, Aurora, Juan, Dominica, y Antonio Mar\u00eda.<\/p>\n<p>Sigue <a href=\"http:\/\/miblogdegenealogia.wordpress.com\/los-antepasados-directos-2\">aqu\u00ed<\/a>.<\/p>\n","protected":false},"excerpt":{"rendered":"<p>La numeraci\u00f3n de los antepasados se ha hecho seg\u00fan el m\u00e9todo Sosa. Primera Generaci\u00f3n 1. Mariano Federico ZACAR\u00cdAS-FLUCK, licenciado en Biotecnolog\u00eda y doctor en Ciencias Biom\u00e9dicas de la Facultad de Ciencias M\u00e9dicas. Estudi\u00f3 tambi\u00e9n Licenciatura en Composici\u00f3n en la Escuela de M\u00fasica de la Facultad de Humanidades y Artes de la Universidad Nacional de Rosario, [&hellip;]<\/p>\n","protected":false},"author":2,"featured_media":0,"parent":0,"menu_order":0,"comment_status":"open","ping_status":"open","template":"","meta":{"footnotes":""},"class_list":["post-180","page","type-page","status-publish","hentry"],"_links":{"self":[{"href":"https:\/\/miblogdegenealogia.com\/wp\/index.php?rest_route=\/wp\/v2\/pages\/180","targetHints":{"allow":["GET"]}}],"collection":[{"href":"https:\/\/miblogdegenealogia.com\/wp\/index.php?rest_route=\/wp\/v2\/pages"}],"about":[{"href":"https:\/\/miblogdegenealogia.com\/wp\/index.php?rest_route=\/wp\/v2\/types\/page"}],"author":[{"embeddable":true,"href":"https:\/\/miblogdegenealogia.com\/wp\/index.php?rest_route=\/wp\/v2\/users\/2"}],"replies":[{"embeddable":true,"href":"https:\/\/miblogdegenealogia.com\/wp\/index.php?rest_route=%2Fwp%2Fv2%2Fcomments&post=180"}],"version-history":[{"count":0,"href":"https:\/\/miblogdegenealogia.com\/wp\/index.php?rest_route=\/wp\/v2\/pages\/180\/revisions"}],"wp:attachment":[{"href":"https:\/\/miblogdegenealogia.com\/wp\/index.php?rest_route=%2Fwp%2Fv2%2Fmedia&parent=180"}],"curies":[{"name":"wp","href":"https:\/\/api.w.org\/{rel}","templated":true}]}}