{"id":179,"date":"2016-08-02T19:16:29","date_gmt":"2016-08-02T19:16:29","guid":{"rendered":"https:\/\/miblogdegenealogia.wordpress.com\/?page_id=179"},"modified":"2016-08-02T19:16:29","modified_gmt":"2016-08-02T19:16:29","slug":"los-descendientes-de-celestino-rodriguez-y-pilar-fernandez-de-lada-asturias","status":"publish","type":"page","link":"https:\/\/miblogdegenealogia.com\/wp\/?page_id=179","title":{"rendered":"Los descendientes de Celestino Rodr\u00edguez y Pilar Fern\u00e1ndez, de Lada, Asturias."},"content":{"rendered":"<p>Lada es una parroquia y uno de los seis distritos que conforman la ciudad asturiana de Langreo (Espa\u00f1a), en el municipio del mismo nombre. Est\u00e1 situada al margen del r\u00edo Nal\u00f3n frente al distrito de La Felguera. Su poblaci\u00f3n ronda los 3.600 habitantes. La parroquia est\u00e1 formada por la localidad urbana de Lada y numerosos puebles adyacentes.<br \/>\nEl nombre de Lada proviene del lat\u00edn Aqua Latam que significa aguas medicinales. En Langreo exist\u00edan varios manantiales de aguas sulforoesenciales, consideradas beneficiosas para problemas de salud, y el m\u00e1s conocido se encuentra en Lada, conocido como La Fuente del G\u00fcevu (&#8220;Fuente del Huevo&#8221;, por su olor) descubierto en 1886, donde se estableci\u00f3 un conocido balneario a finales del siglo XIX con el nombre de &#8220;Ablanedo&#8221;, donde pasaban temporadas estivales familias pudientes de Oviedo, Gij\u00f3n, Grado, Le\u00f3n o Madrid.<\/p>\n<p>Lada permenaci\u00f3 casi totalmente ajena a la fuerte industrializaci\u00f3n de Langreo hasta la posguerra, siendo un territorio b\u00e1sicamente agr\u00edcola, aunque ya albergaba a n\u00facleos de poblaci\u00f3n proletaria. En 1918 se proyecta una gran urbanizaci\u00f3n-jard\u00edn conocida como &#8220;La Nalona&#8221;, junto al r\u00edo Nal\u00f3n, dise\u00f1ada por Enrique Bustelo, pero s\u00f3lo llegan a construirse dos edificios, retom\u00e1ndose de manera mucho m\u00e1s modesta y funcionalista en la autarqu\u00eda, donde ser\u00e1 conocido como el Barrio de El Pilar, hasta su derribo en 2002.<br \/>\nTras la Guerra Civil Lada se convierte en el espacio de establecimiento de varias industrias influenciadas por la F\u00e1brica de La Felguera y la fortaleza industrial de esa villa. Se construye as\u00ed la qu\u00edmica Proquisa, en 1942, donde actualmente Bayer fabrica el 100% del \u00e1cido acetil salic\u00edlico mundial (aspirina), la factor\u00eda de Derivados del Cok (DERCO), y varias industrias cer\u00e1micas y metal\u00fargicas, pr\u00e1cticamente desmanteladas con la reconversi\u00f3n industrial. En 1947 se construye entre La Felguera y Lada la Central T\u00e9rmica, hoy Iberdrola. A la par, se construyen en Lada los barrios obreros de San Miguel, El Pilar y Meri\u00f1\u00e1n.<\/p>\n<p>I) <strong>Antonio RODR\u00cdGUEZ<\/strong> cas\u00f3 con <strong>Vicenta CASA<\/strong> y fueron padres, al menos, de:<\/p>\n<p style=\"padding-left:30px;\">1) <strong>Celestino RODR\u00cdGUEZ<\/strong>, n. por el a\u00f1o 1855 en Lada, perteneciente al Municipio de Langreo, Asturias, Espa\u00f1a, y f. 17.VII.1934 en Rosario a causa de una bronconeumon\u00eda. C.c. <strong>Pilar FERN\u00c1NDEZ<\/strong>, n. por el a\u00f1o 1854 en Lada y f. 9.IX.1933 en Rosario a causa de una neumon\u00eda. Pilar era hija de <strong>Jos\u00e9 FERN\u00c1NDEZ<\/strong> y de <strong>Vicenta BARAGA\u00d1O<\/strong>. \u2028Acerca del apellido Baraga\u00f1o, encontramos en el sitio web \u201cToponimia Asturiana\u201d que \u201cAst. varaga\u00f1a \u2018huerta peque\u00f1a\u2019 creo que ha de explicarse partiendo de una aplicaci\u00f3n metaf\u00f3rica del lat\u00edn varam \u2018palo acabado en horca usado como soporte\u2019 (OLD), a trav\u00e9s de una formaci\u00f3n diminutiva *VARICAM \u2014&gt; *VARICANEAM (mejor que de VARA + AGA + ANEA [(27p. 343)], con una incrementaci\u00f3n adjetivadora, la misma que encontramos en Dega\u00f1a y en Viga\u00f1a con relaci\u00f3n a decus y vicus. Tal \u00e9timo acaso pudiera justificar tambi\u00e9n los top\u00f3nimos asturianos del tipo La Baraga\u00f1a (C\u00f1, Bi), La Barga\u00f1a (Go, Qu), Las Barga\u00f1as (Ct), Les Baraga\u00f1es (Vv), etc.\u201d\u2028\u2028Celestino y Pilar fueron padres de:<\/p>\n<p style=\"padding-left:60px;\">A) <strong>Amalia RODR\u00cdGUEZ<\/strong>, n. por el a\u00f1o 1879 en Lada y f. 23.VII.1932 en Rosario. C.c. Juan y fueron padres de:<\/p>\n<p style=\"padding-left:90px;\">a) Juan TARR\u00c9S, f. 5.V.1978. C.c. Lola P\u00c9REZ.<\/p>\n<p style=\"padding-left:90px;\">b) Elvira TARR\u00c9S<\/p>\n<p style=\"padding-left:90px;\">c) Tina TARR\u00c9S<\/p>\n<p style=\"padding-left:90px;\">d) Amalia TARR\u00c9S, c.c. Antonio BERT\u00d3N y fueron padres, al menos, de:<\/p>\n<p style=\"padding-left:120px;\">a\u2019) Susana BERT\u00d3N<\/p>\n<p style=\"padding-left:60px;\">B) <strong>Engracia RODR\u00cdGUEZ<\/strong>, n. por el a\u00f1o 1881 en Lada y f. 10.X.1962 en Rosario. Cas\u00f3 con N. LOP\u00c9Z y fueron padres de:<\/p>\n<p style=\"padding-left:90px;\">a) Dora LOP\u00c9Z, f. 1968. C.c. Mateo BORR\u00c1S.<\/p>\n<p style=\"padding-left:90px;\">b) Beatriz LOP\u00c9Z, c.c. Enrique GLABE.<\/p>\n<p style=\"padding-left:90px;\">c) Aurora L. LOP\u00c9Z, c.c. N. ORTIZ y f. VII.1978.<\/p>\n<p style=\"padding-left:90px;\">d) Julia P. LOP\u00c9Z, c.c. N. EGUREN y f. 19.IX.1977.<\/p>\n<p style=\"padding-left:60px;\">C) <strong>Aurora RODR\u00cdGUEZ<\/strong>, n. por el a\u00f1o 1884 en Lada y f. 24.I.1957 en Rosario. C.c. Jose INVALDI, n. por el a\u00f1o 1879 en Italia y f. 28.I.1959 en Rosario. Fueron padres de:<\/p>\n<p style=\"padding-left:90px;\">a) Jos\u00e9 \u201cPepe\u201d INVALDI, c.c. Marta BOSELLI.<\/p>\n<p style=\"padding-left:90px;\">b) Pilar \u201cLa negra\u201d INVALDI. S.s.<\/p>\n<p style=\"padding-left:90px;\">c) Rosa INVALDI, c.c. Vicente A. SILVA. C.s.<\/p>\n<p style=\"padding-left:90px;\">d) \u00c1ngel INVALDI, c.c. Irma GINACA. C.s. en Brasil.<\/p>\n<p style=\"padding-left:90px;\">e) Roberto INVALDI, f. 23.V.1964 en Rosario, c.c. Mar\u00eda R. L\u00d3PEZ y fueron padres de:<\/p>\n<p style=\"padding-left:120px;\">a\u2019) Roberto Guillermo INVALDI, n. en Rosario por 1947. Padre de tres hijos.<\/p>\n<p style=\"padding-left:60px;\">D) <strong>Dominica (Celestina) RODR\u00cdGUEZ<\/strong>, n. por el a\u00f1o 1887 en Lada. C.c. Francisco RIERA, f. 25.VIII.1942 en Rosario, y fueron padres de:<\/p>\n<p style=\"padding-left:90px;\">a) Sara RIERA, s.s.<\/p>\n<p style=\"padding-left:90px;\">b) Herminia RIERA<\/p>\n<p style=\"padding-left:90px;\">c) Lola RIERA, c.c. Juan PONGELLI, padres de:<\/p>\n<p style=\"padding-left:120px;\">a\u2019) N\u00e9stor PONGELLI<\/p>\n<p style=\"padding-left:60px;\">E) <strong>Antonio Mar\u00eda RODR\u00cdGUEZ<\/strong>, n. 9.V.1891 en Rosario, b. 6.XII.1891 en la Iglesia Catedral de Rosario y f. 5.V.1973 en Rosario. C.c. Mar\u00eda Susana Antonina MONTES-BRADLEY, n. 5.X.1895 en Buenos Aires y f. 14.VI.1937 en Rosario. Mar\u00eda Susana era hija de Juan Alberto Venancio MONTES ZIEGLER, n. por el a\u00f1o 1867, y de Elvira BRADLEY ULRICH, n. 24.V.1870 en Buenos Aires.\u2028Antonio Mar\u00eda y Mar\u00eda Susana fueron padres de:<\/p>\n<p style=\"padding-left:90px;\">a) Mar\u00eda Susana RODR\u00cdGUEZ MONTES, n. 15.IV.1919 y f. 29.I.1990 en Buenos Aires. C.c. Eduardo Miguel STEINSLEGER MILLER, n. 3.VIII.1919 en Rosario y f. por el a\u00f1o 2000 en Buenos Aires. Eduardo Miguel era hijo de Marcos STEINSLEGER KLINGER y de Sadie Alexander MILLER.\u2028Mar\u00eda Susana y Eduardo Miguel fueron padres de:<\/p>\n<p style=\"padding-left:120px;\">a\u2019) Alejandro STEINSLEGER, c.c. M\u00f3nica Beatriz S\u00c1NCHEZ. Son padres de:<\/p>\n<p style=\"padding-left:150px;\">a\u2019\u2019) Adri\u00e1n Marcos STEINSLEGER<\/p>\n<p style=\"padding-left:150px;\">b\u2019\u2019) Ignacio Andr\u00e9s STEINSLEGER<\/p>\n<p style=\"padding-left:120px;\">b\u2019) Mar\u00eda Susana STEINSLEGER, c.c. Daniel BRIK. Son padres de:<\/p>\n<p style=\"padding-left:150px;\">a\u2019\u2019) Mariana BRIK<\/p>\n<p style=\"padding-left:150px;\">b\u2019\u2019) Florencia BRIK<\/p>\n<p style=\"padding-left:120px;\">c\u2019) Jos\u00e9 Eduardo STEINSLEGER, c.c. Alicia PARRA-GARC\u00cdA y son padres de:<\/p>\n<p style=\"padding-left:150px;\">a\u2019\u2019) Cora STEINSLEGER, n. por el a\u00f1o 1973. C.c. Mauro MILANACCIO. Son padres de un ni\u00f1o. En segundas nupcias, Cora c.c. Brett STOLL.<\/p>\n<p style=\"padding-left:150px;\">b\u2019\u2019) Eva STEINSLEGER. Es madre de un ni\u00f1o<\/p>\n<p style=\"padding-left:150px;\">c\u2019\u2019) Alonso STEINSLEGER<\/p>\n<p style=\"padding-left:90px;\">b) Marcelo Alberto RODR\u00cdGUEZ MONTES, n. 18.II.1930 en Rosario y f. 3.I.1991 en C\u00f3rdoba. C.c. Teresa Rosa GIOVANETTI. Fueron padres de:<\/p>\n<p style=\"padding-left:120px;\">a\u2019) Lisandro RODR\u00cdGUEZ GIOVANETTI<\/p>\n<p style=\"padding-left:120px;\">b\u2019) Rogelio P. RODR\u00cdGUEZ GIOVANETTI<\/p>\n<p style=\"padding-left:120px;\">c\u2019) Fernando M. RODR\u00cdGUEZ GIOVANETTI. Es padre de:<\/p>\n<p style=\"padding-left:150px;\">a\u2019\u2019) Gast\u00f3n RODR\u00cdGUEZ<\/p>\n<p style=\"padding-left:150px;\">b\u2019\u2019) Nicol\u00e1s RODR\u00cdGUEZ<\/p>\n<p style=\"padding-left:120px;\">d\u2019) Rolando RODR\u00cdGUEZ GIOVANETTI. Es padre de:<\/p>\n<p style=\"padding-left:150px;\">a\u2019\u2019) Paula RODR\u00cdGUEZ<\/p>\n<p style=\"padding-left:150px;\">b\u2019\u2019) Juan Manuel RODR\u00cdGUEZ<\/p>\n<p style=\"padding-left:90px;\">c) N\u00e9stor Antonio RODR\u00cdGUEZ MONTES, c.c. Margarita Etelvina MART\u00cdNEZ, n. 16.VI.1922 en Rosario y f. 27.II.1994 en Rosario. Fueron padres de:<\/p>\n<p style=\"padding-left:120px;\">a\u2019) Amarillys M. RODR\u00cdGUEZ MART\u00cdNEZ, c.c. Daniel CHIARTANO, son padres de:<\/p>\n<p style=\"padding-left:150px;\">a\u2019\u2019) Carla CHIARTANO, n. por el a\u00f1o 1977 en Rosario. Una hija<\/p>\n<p style=\"padding-left:150px;\">b\u2019\u2019) Dolores CHIARTANO, n. por el a\u00f1o 1979 en Rosario<\/p>\n<p style=\"padding-left:150px;\">c\u2019\u2019) Pedro CHIARTANO, n. por el a\u00f1o 1980 en Rosario. Un hijo<\/p>\n<p style=\"padding-left:120px;\">b\u2019) Claudio N\u00e9stor RODR\u00cdGUEZ MART\u00cdNEZ, c.c. Raquel Laura MARTINI. Son padres de:<\/p>\n<p style=\"padding-left:150px;\">a\u2019\u2019) Antonio RODR\u00cdGUEZ MART\u00cdNEZ<\/p>\n<p style=\"padding-left:150px;\">b\u2019\u2019) Virginia RODR\u00cdGUEZ MART\u00cdNEZ<\/p>\n<p style=\"padding-left:150px;\">c\u2019\u2019) Josefina RODR\u00cdGUEZ MART\u00cdNEZ<\/p>\n<p style=\"padding-left:90px;\">d) Noem\u00ed Esther RODR\u00cdGUEZ MONTES<\/p>\n<p style=\"padding-left:60px;\">F) <strong>Urbana RODR\u00cdGUEZ<\/strong>, n. 28.IV.1894 en Rosario. C.c Ernst Erich SEVERIN. Ver en la <a href=\"https:\/\/miblogdegenealogia.wordpress.com\/los-severin-volker-en-argentina\/\">familia Severin<\/a>.<\/p>\n<p style=\"padding-left:60px;\">G) <strong>Juan RODR\u00cdGUEZ<\/strong>, n. por el a\u00f1o 1895 en Rosario, b. 24.X.1896 en la Iglesia Catedral de Rosario y f. 1972 en Rosario. C.c. Isabel ROZENBERG y fueron padres de:<\/p>\n<p style=\"padding-left:90px;\">a) Raquel RODR\u00cdGUEZ<\/p>\n<p style=\"padding-left:90px;\">b) Jorge RODR\u00cdGUEZ, c.c. Mar\u00eda Hortencia. Fueron padres de:<\/p>\n<p style=\"padding-left:120px;\">a\u2019) Ana Mar\u00eda RODR\u00cdGUEZ<\/p>\n<p style=\"padding-left:120px;\">b\u2019) Mar\u00eda Isabel RODR\u00cdGUEZ<\/p>\n<figure id=\"attachment_1391\" aria-describedby=\"caption-attachment-1391\" style=\"width: 2098px\" class=\"wp-caption aligncenter\"><img fetchpriority=\"high\" decoding=\"async\" class=\" size-full wp-image-1391 aligncenter\" src=\"https:\/\/miblogdegenealogia.files.wordpress.com\/2016\/08\/1940_flia-rodricc81guez.jpg\" alt=\"1940~_Flia Rodri\u0301guez\" width=\"2098\" height=\"1571\" \/><figcaption id=\"caption-attachment-1391\" class=\"wp-caption-text\">Reuni\u00f3n de la familia Rodr\u00edguez por 1940<\/figcaption><\/figure>\n","protected":false},"excerpt":{"rendered":"<p>Lada es una parroquia y uno de los seis distritos que conforman la ciudad asturiana de Langreo (Espa\u00f1a), en el municipio del mismo nombre. Est\u00e1 situada al margen del r\u00edo Nal\u00f3n frente al distrito de La Felguera. Su poblaci\u00f3n ronda los 3.600 habitantes. La parroquia est\u00e1 formada por la localidad urbana de Lada y numerosos [&hellip;]<\/p>\n","protected":false},"author":2,"featured_media":0,"parent":0,"menu_order":0,"comment_status":"open","ping_status":"closed","template":"","meta":{"footnotes":""},"class_list":["post-179","page","type-page","status-publish","hentry"],"_links":{"self":[{"href":"https:\/\/miblogdegenealogia.com\/wp\/index.php?rest_route=\/wp\/v2\/pages\/179","targetHints":{"allow":["GET"]}}],"collection":[{"href":"https:\/\/miblogdegenealogia.com\/wp\/index.php?rest_route=\/wp\/v2\/pages"}],"about":[{"href":"https:\/\/miblogdegenealogia.com\/wp\/index.php?rest_route=\/wp\/v2\/types\/page"}],"author":[{"embeddable":true,"href":"https:\/\/miblogdegenealogia.com\/wp\/index.php?rest_route=\/wp\/v2\/users\/2"}],"replies":[{"embeddable":true,"href":"https:\/\/miblogdegenealogia.com\/wp\/index.php?rest_route=%2Fwp%2Fv2%2Fcomments&post=179"}],"version-history":[{"count":0,"href":"https:\/\/miblogdegenealogia.com\/wp\/index.php?rest_route=\/wp\/v2\/pages\/179\/revisions"}],"wp:attachment":[{"href":"https:\/\/miblogdegenealogia.com\/wp\/index.php?rest_route=%2Fwp%2Fv2%2Fmedia&parent=179"}],"curies":[{"name":"wp","href":"https:\/\/api.w.org\/{rel}","templated":true}]}}