{"id":175,"date":"2016-08-06T11:44:51","date_gmt":"2016-08-06T11:44:51","guid":{"rendered":"https:\/\/miblogdegenealogia.wordpress.com\/?page_id=175"},"modified":"2016-08-06T11:44:51","modified_gmt":"2016-08-06T11:44:51","slug":"la-familia-kropp-de-rockwinkel-oberneuland-bremen","status":"publish","type":"page","link":"https:\/\/miblogdegenealogia.com\/wp\/?page_id=175","title":{"rendered":"La familia Kropp de Rockwinkel, Oberneuland, Bremen"},"content":{"rendered":"<p>La colonizaci\u00f3n de los territorios que hoy comprenden Oberneuland comenz\u00f3 en 1113, con el cultivo de las Hollerlandes por parte de los holandeses en nombre del arzobispo de Bremen. Oberneuland (Overnigelant) fue mencionada por primera vez en 1181 en un documento de asentamiento. Rockwinkel es mencionado como &#8220;tom Rockwinkel&#8221; en 1181 y fue un pueblo independiente en el siglo XII. En 1885 viv\u00edan all\u00ed 1080 habitantes y en 1888 es incorporado a Oberneuland.<\/p>\n<p>La genealog\u00eda de Anna Rebecka KROPP, madre de <a href=\"https:\/\/miblogdegenealogia.wordpress.com\/la-familia-logemann-de-walle-bremen\/\">Maria LOGEMANN<\/a>, es muy extensa. Pero muy&#8230; Por eso, la voy a diseccionar, a su vez, en las ramas correspondientes a cada uno de sus abuelos: Simon Hermann KROP, Greetje SCHLENGMANN, Br\u00fcnje D\u00d6HLE y Depke J\u00dcRGENS.<\/p>\n<h4>Rama KROPP<\/h4>\n<p>I) <strong>W\u00f6ltje KROP<\/strong> c.c. <strong>Alcke EITEMANN<\/strong> y fueron padres, al menos, de:<\/p>\n<p style=\"padding-left:30px;\">1) <strong>W\u00f6ltje KROP<\/strong>, n. 22.XII.1671 en Rockwinkel, Oberneuland y f. III.1752 en el mismo lugar. C.c. <strong>Gebke WARNKEN<\/strong>, n. 16.XII.1682 en Osterholz, Oberneuland y f. VI.1761 en Rockwinkel, el d\u00eda 20.IX.1704 en Oberneuland. Gebke era hija de: <strong>Hinrich WARNKEN<\/strong> y de <strong>Gesche LACHMUNDT<\/strong>. W\u00f6ltje y Gebke fueron padres de:<\/p>\n<p style=\"padding-left:60px;\">A) <strong>W\u00f6ltje KROPP<\/strong>, n. 27.I.1708 en Rockwinkel y f. VIII.1751 en el mismo lugar. C.c. Wubbecke L\u00dcR\u00df, n. V.1717 en Borgfeld, distrito de Bremen y f. V.1782 en Rockwinkel, el d\u00eda 10.X.1748 en Oberneuland. Wubbecke era hija de Claus L\u00dcR\u00df, n. en 1681 y f. VIII.1752 en Borgfeld, y de Greetje HUSHEER. W\u00f6ltje y Wubbecke fueron padres de:<\/p>\n<p style=\"padding-left:90px;\">a) <strong>Simon Hermann KROP<\/strong>, b. 25.IX.1751 en Oberneuland y f. 15.IX.1824 en Rockwinkel. C.c. Greetje SCHLENGMANN el 17.VIII.1778 en Oberneuland. Simon Hermann y Greetje fueron padres de:<\/p>\n<p style=\"padding-left:120px;\">a\u2019) W\u00f6ltje KROP, n. III.1786 en Rockwinkel y b. 16.III.1786 en Oberneuland.C.c. Anna D\u00d6HLE el dia 25.I.1815 en Oberneuland. W\u00f6ltje y Anna fueron padres de mi cuarta abuela Anna Rebecka KROP.<\/p>\n<p style=\"padding-left:120px;\">b\u2019) Ilsabe KROPS, b. 31.X.1789 en Oberneuland y f. 14.III.1790 en Oberneuland.<\/p>\n<p style=\"padding-left:120px;\">c\u2019) Gebecca KROP, b.11.X.1792 en Oberneuland.<\/p>\n<p style=\"padding-left:90px;\">b) <strong>Heil CROPS<\/strong>, b. 12.III.1758 en Oberneuland<\/p>\n<p style=\"padding-left:90px;\">c) <strong>Margrete CROPS<\/strong>, b. 27.I.1760 en Oberneuland<\/p>\n<p style=\"padding-left:90px;\">d) <strong>Johann CROPS<\/strong>, b. 28.II.1762 en Oberneuland<\/p>\n<p style=\"padding-left:90px;\">e) <strong>Sophia CROPS<\/strong>, b. 17.VI.1765 en Oberneuland<\/p>\n<p style=\"padding-left:90px;\">f) <strong>W\u00f6ltje CROPS<\/strong>, b. 31.V.1768 en Oberneuland<\/p>\n<h4>Rama SCHLENGMANN<\/h4>\n<p>I) <strong>Dirich SCHLENGMANN<\/strong>, n. por el a\u00f1o 1594 y f. 18.II.1689 en Rockwinkel. C.c. Rique D\u00d6HLE, n. por el a\u00f1o 1596 y f. en Rockwinkel. Fueron padres de:<\/p>\n<p style=\"padding-left:30px;\">1) <strong>Rique SCHLENGMANN<\/strong>, n. en Rockwinkel. C.c. Berends BURGI el d\u00eda 13.XII.1675 en Oberneuland<\/p>\n<p style=\"padding-left:30px;\">2) <strong>Johann SCHLENGMANN<\/strong>, n. en Rockwinkel y f. VI.1744 en Rockwinkel. C.c. Hemke RUST, n. en Oberneuland e hija de Luder RUST, el d\u00eda 13.XII.1675 en Oberneuland. VER. Fueron padres de:<\/p>\n<p style=\"padding-left:60px;\">A) <strong>Dirick SCHLENGMANN<\/strong>, n. 15.X.1676 en Rockwinkel y enterrado 16.VI.1744 en Oberneuland. C.c. Gretje SANDERS, n. IV.1682 en Horn-Lehe, actual distrito de Bremen y f. 9.II.1740 en Oberneuland, el d\u00eda 1.VII.1709 en Oberneuland.\u2028 Gretje era hija de Engelbert SANDERS, quien f. en Horn-Lehe. Dirick y Gretje fueron padres de:<\/p>\n<p style=\"padding-left:90px;\">a) <strong>Wubke SCHLENGMANN<\/strong>, n. y f. en 1710 en Rockwinkel<\/p>\n<p style=\"padding-left:90px;\">b) <strong>Gretje SCHLENGMANN<\/strong>, n. en 1711 en Rockwinkel<\/p>\n<p style=\"padding-left:90px;\">c) <strong>(var\u00f3n) SCHLENGMANN<\/strong>, n. y f. en 1711 en Rockwinkel<\/p>\n<p style=\"padding-left:90px;\">d) <strong>Ilsabe SCHLENGMANN<\/strong>, n. en 1715 en Rockwinkel<\/p>\n<p style=\"padding-left:90px;\">e) <strong>Johann SCHLENGMANN<\/strong>, n. en 1718 en Rockwinkel<\/p>\n<p style=\"padding-left:90px;\">f) <strong>Engelbert SCHLENGMANN<\/strong>, n. IV.1723 en Rockwinkel y enterrado 31.V.1796 en Rockwinkel. C.c. Ilsabe SANDERS, n. 1720 en Vahr, actual distrito de Bremen perteneciente a la feligres\u00eda de Horn, b. 7.II.1720 en Horn y f. 27.IX 1763 en Oberneuland, el d\u00eda 9.V.1743 en Oberneuland. \u2028Ilsabe era hija de Frerich SANDERS, n. 1680 en Vahr y f. 12.I.1758, y Alke BOLLMANN, n. II.1682 y f. 2.II.1757. Adem\u00e1s era nieta paterna de Frerich SANDERS. Engelbert e Ilsabe fueron padres de:<\/p>\n<p style=\"padding-left:120px;\">a\u2019) Metta Lucia SCHLENGMANN, b. 11.X.1744 en Oberneuland. C.c. Berend MAAS, b.19.VII.1749 en Oberneuland, el d\u00eda 7.XII.1769 en Oberneuland. Berend era hijo de Coord MAAS y nieto de Kurt MA\u00df. Metta Lucia y Berend fueron padres de:<\/p>\n<p style=\"padding-left:150px;\">a\u2019\u2019) Ilsabe MAAS, b. 17.I.1772 en Oberneuland y f. 13.I.1834 en Osterholz, Oberneuland. Con sucesi\u00f3n<\/p>\n<p style=\"padding-left:150px;\">b\u2019\u2019) Coord MAAS, b. 20.V.1773 en Oberneuland y f. 2.II.1774 en Osterholz, Oberneuland<\/p>\n<p style=\"padding-left:150px;\">c\u2019\u2019) Gebke MAAS, b. 26.IX.1777 en Oberneuland<\/p>\n<p style=\"padding-left:150px;\">d\u2019\u2019) Engelbert MAAS<\/p>\n<p style=\"padding-left:150px;\">e\u2019\u2019) Amata MAAS, b. 14.III.1782 en Oberneuland<\/p>\n<p style=\"padding-left:120px;\">b\u2019) Greetje SCHLENGMANN, b. 26.XII.1749 en Oberneuland y f. 12.VIII.1816 en Rockwinkel. C.c. Simon Hermann KROP (ver rama KROP) y fueron padres de:<\/p>\n<p style=\"padding-left:150px;\">a\u2019\u2019) W\u00f6ltje KROP, n. III.1786 en Rockwinkel y b. 16.III.1786 en Oberneuland.C.c. Anna D\u00d6HLE el dia 25.I.1815 en Oberneuland. W\u00f6ltje y Anna fueron padres de mi cuarta abuela Anna Rebecka KROP.<\/p>\n<p style=\"padding-left:150px;\">b\u2019\u2019) Ilsabe KROPS, b. 31.X.1789 en Oberneuland y f. 14.III.1790 en Oberneuland.<\/p>\n<p style=\"padding-left:150px;\">c\u2019\u2019) Gebecca KROP, b.11.X.1792 en Oberneuland.<\/p>\n<p style=\"padding-left:120px;\">c\u2019) Dirk SCHLENGMANN<\/p>\n<p style=\"padding-left:60px;\">B) <strong>Gretche SCHLENGMANN<\/strong>, n. 25.XII.1678 en Rockwinkel. C.c. W\u00f6ltjer SANDERS, de Horn, el d\u00eda 1.VII.1709 en Oberneuland.<\/p>\n<p style=\"padding-left:60px;\">C) <strong>L\u00fcr SCHLENGMANN<\/strong>, n. 1681 en Rockwinkel y f. 1682 en Rockwinkel.<\/p>\n<h4>Rama D\u00d6HLE<\/h4>\n<p>I) <strong>Br\u00fcning D\u00d6HLE<\/strong> c.c. <strong>Gebke WARNKEN<\/strong> y fueron padres, al menos, de:<\/p>\n<p style=\"padding-left:30px;\">1) <strong>Harje D\u00d6HLE<\/strong>, n. 1725 en Rockwinkel y f. II.1806 en Rockwinkel. C.c. Beke MEYER, n. 12.VI.1720 en Osterholz y f. II.1790. Fueron padres de:<\/p>\n<p style=\"padding-left:30px;\">A) <strong>Br\u00fcnje D\u00d6HLE<\/strong>, b. 13.IV.1754 y f. 5.VIII.1828 en Rockwinkel. C.c. Depke J\u00dcRGENS en IX.1786 en Oberneuland. Fueron padres de:<\/p>\n<p style=\"padding-left:60px;\">a) <strong>Harje D\u00d6HLE<\/strong>, b. XII.1787 en Oberneuland<\/p>\n<p style=\"padding-left:60px;\">b) <strong>Anna D\u00d6HLE<\/strong>, n. IX.1789 en Rockwinkel y b. 10.IX.1789 en Oberneuland. C.c. W\u00f6ltje KROP, padres de Anna Rebecka KROP.<\/p>\n<p style=\"padding-left:60px;\">c) <strong>Beke D\u00d6HLE<\/strong>, b. II.1792 y f. VII.1793<\/p>\n<p style=\"padding-left:60px;\">d) <strong>Johann D\u00d6HLE<\/strong>, b. IX.1793<\/p>\n<p style=\"padding-left:60px;\">e) <strong>Beke D\u00d6HLE<\/strong>, b. II.1796 y f. 19.I.1874 en Lusum, Bremen. C.c. Johann Diedrich KRUDOP, n, 22.IX.1777 en Lusum y f. 17.X.1839 en Lusum, en 1821.<\/p>\n<p style=\"padding-left:30px;\">Br\u00fcnje c. en segundas nupcias con Adelheit K\u00c4MENA, n. en Rockwinkel, y fue padre de:<\/p>\n<p style=\"padding-left:60px;\">f) <strong>Br\u00fcnje D\u00d6HLE<\/strong>, n. 1800 en Rockwinkel, b. 10.VII.1800 en Oberneuland. Con sucesi\u00f3n.<\/p>\n<p style=\"padding-left:30px;\">B) <strong>Wubke D\u00d6HLE<\/strong>, b. 11.IV.1756 en Oberneuland<\/p>\n<p style=\"padding-left:30px;\">C) <strong>Beke D\u00d6HLE<\/strong>, b. 4.V.1758 en Oberneuland<\/p>\n<h4>Rama J\u00dcRGENS<\/h4>\n<p>I) <strong>Johann J\u00dcRGENS<\/strong>, n. por 1734 en Oberneuland y f. 1800 en Ellen, Oberneuland. C.c. <strong>Anne OSMERS<\/strong>, n. XII.1743 en Ellen y f. III. 1798. Fueron padres, al menos, de:<\/p>\n<p style=\"padding-left:30px;\">1) <strong>Depke J\u00dcRGENS<\/strong>, n. XII.1763 en Ellen, b. 8.XII.1763 en Oberneuland y f. 30.V.1798 en Oberneuland. C.c. Br\u00fcnje D\u00d6HLE y fueron padres de:<\/p>\n<p style=\"padding-left:60px;\">A) <strong>Anna D\u00d6HLE<\/strong>, madre de Anna Rebecka KROP.<\/p>\n<p style=\"padding-left:30px;\">2) <strong>Ilsabe J\u00dcRGENS<\/strong>, b. 9.V.1766 en Oberneuland.<\/p>\n<p><strong>Genealog\u00eda de Anne OSMERS<\/strong>, bisabuela materna materna de Anna Rebecka KROP.<\/p>\n<p>I) <strong>Curt OSMERS<\/strong>, f. en Ellen, actual barrio de Osterholz. Fue padre de:<\/p>\n<p style=\"padding-left:30px;\">1) <strong>Henrich OSMERS<\/strong>, n. en Ellen y f. despu\u00e9s de 1686. C.c. Gesche HELMERS el d\u00eda 24.VI.1664 en Oberneuland. Gesche n. en Osterholz por el a\u00f1o 1637 y f. 2.I.1686 en Ellen. Era hija de Johann HELMERS, n. por el a\u00f1o 1598 y f. X.1664 en Osterholz, y de Eilike, n. por el a\u00f1o 1591 y f. 5.II.1680.\u2028Henrich y Gesche fueron padres de:<\/p>\n<p style=\"padding-left:60px;\">A) <strong>Cord OSMERS<\/strong>, n. 1.III.1669 en Ellen y f. 1740 en la misma ciudad. C.c. Alke LACHMUNDT , n. 23.XI.1676 en Rockwinkel y f. despu\u00e9s de 1760 en Ellen, el d\u00eda 22.IX.1696 en Oberneuland. Ver la genealog\u00eda de Alke m\u00e1s abajo. Fueron padres de:<\/p>\n<p style=\"padding-left:60px;\">a) <strong>Johann OSMERS<\/strong>, n. 18.IV.1708 en Ellen y f. en 1757 en Ellen. C.c. Depke RUST , n. 12.VI.1700 en Osterholz y f. V.1765 en Ellen. Ver la genealog\u00eda de Depke m\u00e1s abajo. Fueron padres de:<\/p>\n<p style=\"padding-left:90px;\">a`) Depke OSMERS, n. 1742 en Ellen y f. 1796<\/p>\n<p style=\"padding-left:90px;\">b\u2019) Anne OSMERS<\/p>\n<p style=\"padding-left:90px;\">c\u2019) Ilsabe OSMERS, n. en Ellen<\/p>\n<p style=\"padding-left:60px;\">Alke LACHMUNDT, cuarta abuela materna materna paterna materna, descend\u00eda de:<\/p>\n<p style=\"padding-left:60px;\">I) <strong>Johann LACHMUND<\/strong>, n. por el a\u00f1o 1550 y f. 14.IX.1609. Fue padre de:<\/p>\n<p style=\"padding-left:90px;\">1) <strong>Gerke LACHMUND<\/strong>, n. por el a\u00f1o 1580 y f. 30.III.1628. C.c. con Rebecka N. y fueron padres de:<\/p>\n<p style=\"padding-left:90px;\">A) <strong>Johann LACHMUNDT<\/strong>, n. por el a\u00f1o 1650 y f. VI.1716. C.c. Wubke KROP, n. por el a\u00f1o 1647 y f. 17.IX.1714. Wubke era hija de Frerich KROP, n. por el a\u00f1o 1604 y f. 1.X.1676 en Oberneuland y de Anna Rebecka SCHLENGMANN y nieta paterna de Frerich KROP, n. por el a\u00f1o 1557 y f. por 1617 y de Rebecka.<br \/>\nJohann y Wubke KROP fueron padres de:<\/p>\n<p style=\"padding-left:120px;\">a) <strong>Alke LACHMUNDT<\/strong>, abuela paterna de Anne OSMERS<\/p>\n<p style=\"padding-left:120px;\">b) <strong>Wubke LACHMUNDT<\/strong>, n. 4.IX.1682 en Oberneuland y f. 10.V.1745 en la misma ciudad. Wubke c.c. Berendt TIETJEN, n. 29.II.1684 en Oberneuland y f. 30.III.1745 en Oberneuland, el d\u00eda 15.XI.1706 en Oberneuland. Fueron padres de:<\/p>\n<p style=\"padding-left:150px;\">a\u2019) Johann TIETJEN, n. 16.XII.1708 en Oberneuland y f. 4.V.1786 en la misma ciudad. C.c. Wubke KROP, n. 3.IV.1705 en Rockwinkel, b. 9.IV.1705 en Oberneuland y f. 18.XII.1756 en Oberneuland, el d\u00eda 6.X.1735 en Oberneuland. Wubke era t\u00eda de Johann ya que su padre L\u00fcr KROP, era hermano de Wubke KROP, madre de Wubke LACHMUNDT, su abuela. Johann y Wubke fueron padres de:<\/p>\n<p style=\"padding-left:180px;\">a\u2019\u2019) Gretje TIETJEN, n. 1738 en Rockwinkel y f. 12.III.1812 en Oberneuland. C.c. Harm SCHOMAKER, n. 1728 en Oberneuland y f. 1796 en la misma ciudad. Con sucesi\u00f3n SCHOMAKER y PLATTE.<\/p>\n<p style=\"padding-left:90px;\">Por l\u00ednea paterna, Depke RUST descend\u00eda de:<\/p>\n<p style=\"padding-left:90px;\">I) <strong>Berend RUST<\/strong>, n. probablemente el d\u00eda 10.X.1670, en Osterholz y f. en Tenever, Oberneuland. Berend probablemente haya sido hijo de Frerich RUST, f. despu\u00e9s de 1692 en Osterholz, y de Gesche LACHMUNDT. Berend c.c. Tebke LAARS, el d\u00eda 16.IX.1697 en Oberneuland.\u00a0Ver la genealog\u00eda de Tebke m\u00e1s abajo. Fueron padres de:<\/p>\n<p style=\"padding-left:120px;\">1) <strong>Frerich RUST<\/strong>, n. 20.VI.1698 en Osterholz, b. 26.VI.1698 en Oberneuland<\/p>\n<p style=\"padding-left:120px;\">2) <strong>Depke RUST<\/strong>, n. 12.VI.1700 en Osterholz y f. V.1765 en Ellen<\/p>\n<p style=\"padding-left:120px;\">3) <strong>Gesche RUST<\/strong>, n. 27.XII.1702 en Osterholz, d. II.1779 en Blokdiek<\/p>\n<p style=\"padding-left:120px;\">4) <strong>Dirich RUST<\/strong>, n. 19.VII.1706 en Tenever, b. 25.VII.1706 en Oberneuland<\/p>\n<p style=\"padding-left:120px;\">5) <strong>Berend RUST<\/strong>, n. 25.II.1709 en Tenever, f. XII.1777 en Tenever<\/p>\n<p style=\"padding-left:120px;\">6) <strong>Wubke RUST<\/strong>, n. 30.XII.1716 en Osterholz, b. 6.I.1717 en Oberneuland<\/p>\n<p>Por l\u00ednea materna, Depke descend\u00eda de:<\/p>\n<p>I) <strong>Jahann LAARS<\/strong>, padre de:<\/p>\n<p style=\"padding-left:30px;\">1) <strong>Johann LAARS<\/strong>, n. en Hastedt. Padre de:<\/p>\n<p style=\"padding-left:60px;\">A) <strong>Dirich LAARS<\/strong>, n. por el a\u00f1o 1633 en Hastedt y f. 1.V.1686 en Blockdiek. C.c. Tibke BERENS el 29.V.1665 en Oberneuland. Tibke n. por el a\u00f1o 1640 en Blokdiek, f. all\u00ed 4.V.1702 y era hija de Johann BERENS. Dirich se desempe\u00f1\u00f3, entre los a\u00f1os 1684 y 1686 como Kirchgeschworener en Oberneuland. Dirich y Tibke fueron padres de:<\/p>\n<p style=\"padding-left:90px;\">a\u2019) <strong>Gretche o Gretje LAARS<\/strong>, n. 11.I.1666 en Blokdiek, b. en Oberneuland, f. 3.IV.1745 en Rockwinkel y e. el mismo d\u00eda en Oberneuland. C.c. L\u00fcr KROP en V.1682 en Oberneuland. L\u00fcr n. por el a\u00f1o 1645 y f. por el a\u00f1o 1735 en Oberneuland. Era hermano Wubke KROP, bisabuela paterna materna materna de Anne OSMERS. Gretje y L\u00fcr fueron padres de:<\/p>\n<p style=\"padding-left:120px;\">a\u2019\u2019) (hijo) KROP, n. 6.XII.1682 en Rockwinkel y f. al d\u00eda siguiente sin ser bautizado. E. en Oberneuland<\/p>\n<p style=\"padding-left:120px;\">b\u2019\u2019) Anna KROP, n. 2.I.1684 en Rockwinkel y f. 16.IX.1684 en Rockwinkel. E. en Oberneuland<\/p>\n<p style=\"padding-left:120px;\">c\u2019\u2019) Anna KROP, n. 23.III.1685 en Rockwinkel, b. 29.III.1685 en Oberneuland, c.c. Johann RUST el 30.V.1714 en Oberneuland y f. XII.1774 en Tenever. Johann n. y f. en Tenever.<\/p>\n<p style=\"padding-left:120px;\">d\u2019\u2019) Dirich KROP, n. 21.III.1687 en Rockwinkel, b. 29.III.1687 en Oberneuland f. IV.1754 en Oberneuland y e. all\u00ed 18.IV.1754. Dirich se desempe\u00f1\u00f3 como Hofmeier von Herrn Doktor Ahasverus. C. por el a\u00f1o 1720 con Gesche SCHULTEN, n. por el a\u00f1o 1692, f., a causa de la fiebre, XI.1761 en Oberneuland y e. 2.XII.1761.<\/p>\n<p style=\"padding-left:150px;\">a\u2019\u2019\u2019) Gretje CROPS, n. Oberneuland, f. despu\u00e9s de 1771 en auf der Heide, Rockwinkel.<\/p>\n<p style=\"padding-left:150px;\">b\u2019\u2019\u2019) Henrich CROPS, n. 22.VIII.1721 en Oberneuland y f. despu\u00e9s de 1772<\/p>\n<p style=\"padding-left:150px;\">c\u2019\u2019\u2019) L\u00fcr CROPS, n. por el agosto de 1723 en Oberneuland, f. VIII.1779 en Oberneuland y e. 24.VIII.1779 en Oberneuland. Se desempe\u00f1\u00f3 como Hofmeier auf Herrn Doktor Ahasverus Landgut. C. 11.XI.1770 en Oberneuland c. Mette BLOME, n. en Hodenberg, Oberneuland.<\/p>\n<p style=\"padding-left:150px;\">d\u2019\u2019\u2019) Anne CROPS, n. por el a\u00f1o 1730 en Oberneuland, C. 17.XI.1752 c. Claus CAARS en Oberneuland. Claus n. por el a\u00f1o 1724 en auf der Heide, Rockwinkel y f. VII.1783 en Rockwinkel. Su descendencia llega hasta nuestros d\u00edas. Fueron padres de:<\/p>\n<p style=\"padding-left:180px;\">a\u2019\u2019\u2019\u2019) Anne Margrete CAARS, n. III.1754 en Rockwinkel, b. 10.III.1754 en Oberneuland. C. el 27.X.1775 en Oberneuland c. Berend JUNGE, n. I.1747 en auf der Heide, b. 22.I.1747 en Oberneuland y f. XI.1803 en Deich, Oberneuland.<\/p>\n<p style=\"padding-left:180px;\">b\u2019\u2019\u2019\u2019) Gesche CAARS, n. II.1756 en auf der Heide, b. 29.II.1756 en Oberneuland, f. VIII.1780 en auf der Heide y e. 19.VIII.1780 en Oberneuland.<\/p>\n<p style=\"padding-left:180px;\">c\u2019\u2019\u2019\u2019) Gebke CAARS, n. IV.1758 en Rockwinkel y f. despu\u00e9s de 1815.<\/p>\n<p style=\"padding-left:180px;\">d\u2019\u2019\u2019) Greetje CAARS, n. IV.1760 en Rockwinkel y b. 20.IV.1760 en Oberneuland<\/p>\n<p style=\"padding-left:150px;\">e\u2019\u2019\u2019) Wubke KROP, n. por el a\u00f1o 1730 en Oberneuland y f. 15.X.1816 en el mismo lugar.<\/p>\n<p style=\"padding-left:120px;\">e\u2019\u2019) Heil KROP, n. 19.II.1689 en Rockwinkel, b. 24.II.1691 en Oberneuland y f. 4.IV.1758. C.c. Engelbert HILKEN, n. 1682 en Borgfeld, Oberneuland y f. 12.VIII.1730, el d\u00eda 19.IV.1717 en Oberneuland. Con sucesi\u00f3n.<\/p>\n<p style=\"padding-left:120px;\">f\u2019\u2019) Depke KROP, n. 25.I.1691 en Rockwinkel y b. 1.II.1691 en Oberneuland<\/p>\n<p style=\"padding-left:120px;\">g\u2019\u2019) Frerich KROP, n. 1.I.1693 en Rockwinkel, b. 6.I.1693 en Oberneuland, f. IV.1748 en Lilkendey, Oberneuland y e. 6.IV.1748 en Oberneuland. C. 15.XII.1735 en Oberneuland c. Gretje HELMERS, n. 4.II.1710 en Ellen, b. 9.II.1710 en Oberneuland,\u00a0 f. I.1753 en Rockwikel y e. 19.I.1753 en Oberneuland. Fueron padres de:<\/p>\n<p style=\"padding-left:150px;\">a\u2019\u2019\u2019) (hija) KROP, n. XI.1739 en Lilkendey, Oberneuland y b. XI.1739 en Oberneuland<\/p>\n<p style=\"padding-left:150px;\">b\u2019\u2019\u2019) Heil KROP, n. XII.1742 en Lilkendey y b. 1.XII.1742 en Oberneuland<\/p>\n<p style=\"padding-left:150px;\">c\u2019\u2019\u2019) Frerich KROP, n. IX.1743 en Lilkendey y b. 6.IX.1743 en Oberneuland<\/p>\n<p style=\"padding-left:120px;\">h\u2019\u2019) Gretje KROP, n. 28.IV.1695 en Rockwinkel, b. 5.V.1695 en Oberneuland, f. 7.VI.1695 en Rockwinkel y e. en Oberneuland<\/p>\n<p style=\"padding-left:120px;\">i\u2019\u2019) Wubke KROP, n. 8.V.1696 en Rockwinkel, b. 10.V.1696 en Oberneuland, f. 17.V.1696 en Rockwinkel y e. en Oberneuland<\/p>\n<p style=\"padding-left:120px;\">j\u2019\u2019) L\u00fcr KROP, n. 12.XII.1697 en Rockwinkel, b. 19.XII.1697 en Oberneuland, f. IV.1781 en Rockwinkel y e. 6.VI.1781 en Oberneuland<\/p>\n<p style=\"padding-left:120px;\">k\u2019\u2019) Gretje KROP, n. 22.IX.1700 en Rockwinkel, b. 26.IX.1700 en Oberneuland, f. I.1767 y e. 20.I.1767 en Oberneuland. C.c. Henrich BEHRENS, f. antes de 1767 en Katrepel, Oberneuland.<\/p>\n<p style=\"padding-left:120px;\">l\u2019\u2019) (hijo) KROP, n. y f. 19.II.1704 en Rockwinkel<\/p>\n<p style=\"padding-left:120px;\">m\u2019\u2019) W\u00fcbke KROP, n. 3.IV.1705 en Rockwinkel, b. 9.IV.1705 en Oberneuland y f. 18.XII.1756 en Oberneuland. C.c. Johann TIETJEN n. 16.XII.1708 en Oberneuland y e. 4.V.1786 en la misma ciudad. Johann se desempe\u00f1\u00f3 como Baumann auf dem Rockwinkel. Fueron padres de:<\/p>\n<p style=\"padding-left:150px;\">a\u2019\u2019\u2019) Gretje TIETJEN, n. por IX.1738 en Rockwinkel y f. 12.III.1812 en Oberneuland. Con sucesi\u00f3n.<\/p>\n<p style=\"padding-left:90px;\">b\u2019) <strong>Johann LAARS<\/strong>, n. 25.V.1667 en Blokdiek, b. V:1667 en Oberneuland y f. antes de 1750. C.c. Wubke MEYER el 29.X.1688 en Oberneuland, h. de Johann MEYER y de Gretche EITEMANN. N. 30.VIII.1667 en Ellen y f. IV.1750 en Blockdiek. Fueron padres de:<\/p>\n<p style=\"padding-left:120px;\">a\u2019\u2019) Depke LAARS, n. 28.III.1689 en Blokdiek, b. 3.IV.1689 en Oberneuland, f. VIII.1757 en Rockwinkel y e. 22.VIII.1757 en Oberneuland. C. 23.V.1715 en Oberneuland c. Daniel WULFKEN, n. 3.V.1690 en Rockwinkel, b. 7.V.1690 en Oberneuland, f. 19.V.1756 en Rockwinkel y e. 22.V.1756 en Oberneuland. Daniel era hijo de Berend WULFKEN y de Gebke OSMERS. Fueron padres de:<\/p>\n<p style=\"padding-left:150px;\">a\u2019\u2019\u2019) Gebke WULFKEN, n. 28.V.1715 en Rockwinkel, b. 2.VI.1715 en Oberneuland<\/p>\n<p style=\"padding-left:150px;\">b\u2019\u2019\u2019) Wubke WULFKEN, n. 21.XI.1716 en Rockwinkel<\/p>\n<p style=\"padding-left:150px;\">c\u2019\u2019\u2019) Berend WULFKEN, n. 4.XI.1718 en Rockwinkel, b. 11.XI.1718 en Oberneuland<\/p>\n<p style=\"padding-left:150px;\">d\u2019\u2019\u2019) Johann WULFKEN, n. 7.II.1721 en Rockwinkel, b. 22.II.1721 en Oberneuland<\/p>\n<p style=\"padding-left:150px;\">e\u2019\u2019\u2019) Gesche WULFKEN, n. por el a\u00f1o 1723 en Rockwinkel, f. 31.VIII.1767 en Mittelshuchting, Huchting.<\/p>\n<p style=\"padding-left:120px;\">b\u2019\u2019) Dirich LAARS, n. 1.I.1693 en Blockdiek y b. 6.I.1693 en Oberneuland<\/p>\n<p style=\"padding-left:120px;\">c\u2019\u2019) Wubke LAARS, n. 9.III.1695 en Blokdiek, b. 17.III.1695 en Oberneuland, f. IV.1745 en Sebaldsbr\u00fcck y e. 30.IV.1745 en Oberneuland. C. 1o c. Berend AVERBECK, n. 28.IX.1675 y f.\u00a0 en 1739. C. 2o 9.VIII.1740 en Oberneuland c. Johann BOLLMANN, n. por el a\u00f1o 1684 y f. VIII.1751 en Sebaldsbr\u00fcck y e. 27.VIII.1751 en Oberneuland.<\/p>\n<p style=\"padding-left:120px;\">d\u2019\u2019) Johann LAARS, n. 7.X.1697 en Blokdiek, b. 6.IV.1791 en Oberneuland<\/p>\n<p style=\"padding-left:90px;\">c\u2019) <strong>Gesche LAARS<\/strong>, n. 13.II.1669 en Blokdiek, b. II.1669 en Oberneuland, f. III.1745 en Ellen, Oberneuland y enterrada en Oberneuland 13.III.1745. C.c. Johann MEYER, n. antes de 1665 en Ellen y f. antes de 1745, el 29.X.1688 en Oberneuland.<\/p>\n<p style=\"padding-left:90px;\">d\u2019) <strong>Dirich LAARS<\/strong>, n. 23.IX.1670 en Blokdiek, b. en Oberneuland, f. XII.1744 en Oberneuland y e. all\u00ed 31.XII.1744. C.c. Alke BUNGER, n. por el a\u00f1o 1678,\u00a0 f. II.1750 en Oberneuland y e. all\u00ed 14.II.1750.<\/p>\n<p style=\"padding-left:120px;\">a\u2019\u2019) Margarete LAARS, n. 31.VIII.1701 en Oberneuland<\/p>\n<p style=\"padding-left:120px;\">b\u2019\u2019) Depke LAARS, n. 15.X.1704 en Oberneuland<\/p>\n<p style=\"padding-left:90px;\">e\u2019) <strong>Tebke LAARS<\/strong>, n. 16.V.1673 en Blokdiek, b. en Oberneuland. C.c. Berend RUST y fueron padres de Depke RUST.<\/p>\n<p style=\"padding-left:90px;\">f\u2019) <strong>Berendt LAARS<\/strong>, n. 3.III.1675 en Bolkdiek, b. en Oberneuland.<\/p>\n<p style=\"padding-left:90px;\">g\u2019) <strong>W\u00f6ltje LAARS<\/strong>, n. 11.IX.1678 en Bolkdiek, b. en Oberneuland<\/p>\n<p style=\"padding-left:90px;\">h\u2019) <strong>Hinrich LAARS<\/strong>, n. 26.V.1680 en Bolkdiek, b. 1.VI.1680 en Oberneuland<\/p>\n<p style=\"padding-left:90px;\">i\u2019) <strong>Meetje LAARS<\/strong>, n. 8.V.1683 en Bolkdiek, b. 10.V:1683 en Oberneuland y f. despu\u00e9s de 1715 en Sebadsbr\u00fcck, Oberneuland. C. 25.VI.1709 en Oberneuland con Johann HOYER, f. despu\u00e9s de 1715 en Sebadsbr\u00fcck. C.s.<\/p>\n<p style=\"padding-left:120px;\">a\u2019\u2019) Eilke HOYER, n. 1.I.1710 en Sebaldsbr\u00fcck y f. 19.II.1711 en el mismo lugar<\/p>\n<p style=\"padding-left:120px;\">b\u2019\u2019) Depke HOYER, n. 18.I.1712 en Sebaldsbr\u00fcck. C. el 21.V.1734 en Bollen, Achim, c. L\u00fcr BARTELS, n. en Bollen<\/p>\n<p style=\"padding-left:120px;\">c\u2019\u2019) Metje HOYER, n. 29.XI.1713 en Sebaldsbr\u00fcck y b. 3.XII.1713 en Oberneuland<\/p>\n<p style=\"padding-left:120px;\">d\u2019\u2019) Dirich HOYER, n. 20.IX.1716 en Sebaldsbr\u00fcck y b. 27.IX.1716 en Oberneuland<\/p>\n<p style=\"padding-left:120px;\">e\u2019\u2019) Berend HOYER, n. 24.I.1719 en Sebaldsbr\u00fcck y f. III.1794 en auf der Heide, Rockwinkel.<\/p>\n","protected":false},"excerpt":{"rendered":"<p>La colonizaci\u00f3n de los territorios que hoy comprenden Oberneuland comenz\u00f3 en 1113, con el cultivo de las Hollerlandes por parte de los holandeses en nombre del arzobispo de Bremen. Oberneuland (Overnigelant) fue mencionada por primera vez en 1181 en un documento de asentamiento. Rockwinkel es mencionado como &#8220;tom Rockwinkel&#8221; en 1181 y fue un pueblo [&hellip;]<\/p>\n","protected":false},"author":2,"featured_media":0,"parent":0,"menu_order":0,"comment_status":"open","ping_status":"closed","template":"","meta":{"footnotes":""},"class_list":["post-175","page","type-page","status-publish","hentry"],"_links":{"self":[{"href":"https:\/\/miblogdegenealogia.com\/wp\/index.php?rest_route=\/wp\/v2\/pages\/175","targetHints":{"allow":["GET"]}}],"collection":[{"href":"https:\/\/miblogdegenealogia.com\/wp\/index.php?rest_route=\/wp\/v2\/pages"}],"about":[{"href":"https:\/\/miblogdegenealogia.com\/wp\/index.php?rest_route=\/wp\/v2\/types\/page"}],"author":[{"embeddable":true,"href":"https:\/\/miblogdegenealogia.com\/wp\/index.php?rest_route=\/wp\/v2\/users\/2"}],"replies":[{"embeddable":true,"href":"https:\/\/miblogdegenealogia.com\/wp\/index.php?rest_route=%2Fwp%2Fv2%2Fcomments&post=175"}],"version-history":[{"count":0,"href":"https:\/\/miblogdegenealogia.com\/wp\/index.php?rest_route=\/wp\/v2\/pages\/175\/revisions"}],"wp:attachment":[{"href":"https:\/\/miblogdegenealogia.com\/wp\/index.php?rest_route=%2Fwp%2Fv2%2Fmedia&parent=175"}],"curies":[{"name":"wp","href":"https:\/\/api.w.org\/{rel}","templated":true}]}}