{"id":173,"date":"2016-08-02T20:49:03","date_gmt":"2016-08-02T20:49:03","guid":{"rendered":"https:\/\/miblogdegenealogia.wordpress.com\/?page_id=173"},"modified":"2016-08-02T20:49:03","modified_gmt":"2016-08-02T20:49:03","slug":"la-familia-logemann-de-walle-bremen","status":"publish","type":"page","link":"https:\/\/miblogdegenealogia.com\/wp\/?page_id=173","title":{"rendered":"La familia Logemann de Walle, Bremen"},"content":{"rendered":"<p><strong>Mar\u00eda LOGEMANN<\/strong>, mi tatarabuela materna paterna materna naci\u00f3 en Walle, Bremen en 28.I.1859 y fue bautizada en la misma ciudad en 20.III.1859. C.c. <a href=\"https:\/\/miblogdegenealogia.wordpress.com\/juan-godeken\/\">Juan G\u00d6DEKEN<\/a> por el a\u00f1o 1878, probablemente en Walle.<\/p>\n<figure id=\"attachment_833\" aria-describedby=\"caption-attachment-833\" style=\"width: 322px\" class=\"wp-caption alignright\"><img fetchpriority=\"high\" decoding=\"async\" class=\"alignright  wp-image-833\" src=\"https:\/\/miblogdegenealogia.files.wordpress.com\/2016\/07\/bremen-walle_evang-kirche_02.jpg?w=566\" alt=\"Bremen-Walle_evang-Kirche_02.jpg\" width=\"322\" height=\"242\"><figcaption id=\"caption-attachment-833\" class=\"wp-caption-text\">Iglesia de Walle, Bremen<\/figcaption><\/figure>\n<p>La iglesia de Walle fue construida en 1658 en el estilo renacentista. La nave original de la iglesia fue destruida durante la Segunda Guerra Mundial y construida nuevamente entre los a\u00f1os 1952 y 1956 a partir de los planos del arquitecto Julius Schulte-Frohlinde. La torre barroca original de 1726 permanece en pie.<\/p>\n<p>La genealog\u00eda de esta familia comienza con:<\/p>\n<p>Hinrich Christian <strong>LOGEMANN<\/strong>, n. por 1720 y f. 21.XII.1805. C. 3.II.1745 en Neuenkirchen c. Anna Sophia <strong>BECKMANN<\/strong>, n. 10.XI.1723 y f. 2.II.1792. Anna Sophia era hija de Berendt <strong>BECKMANN<\/strong> n. por 1685 y f. 26.XI.1733 en Neuenkirchen, y Metke <strong>M\u00dcHLENHOF<\/strong>, n. por 1689 y f. 18.XII.1757 en Neuenkirchen<a href=\"#_ftn1\" name=\"_ftnref1\"><sup>[1]<\/sup><\/a>. Hinrich Christian y Anna Sophia fueron padres de:<\/p>\n<p>I) Johann Christian <strong>LOGEMANN<\/strong>, n. 19.XI.1747 en Neuenkirchen y f. 2.V.1748 en el mismo lugar.<\/p>\n<p>II) Johann Christian <strong>LOGEMANN<\/strong>, n. 18.II.1749 en Neuenkirchen. Cas\u00f3. Puede seguirse su genealog\u00eda en GedBas<strong><a href=\"#_ftn2\" name=\"_ftnref2\"><sup>[2]<\/sup><\/a><\/strong>.<\/p>\n<p>III) Heinrich T\u00f6lke <strong>LOGEMANN<\/strong> 21.VIII.1751 en Neuenkirchen y f. 9.XI.1807 en Hoope, c.c. Rebecka <strong>GROENING <\/strong>en Bassum 31.VIII.1777<a href=\"#_ftn3\" name=\"_ftnref3\"><sup>[3]<\/sup><\/a>. Fueron padres, al menos, de:<\/p>\n<p style=\"padding-left:30px;\">1) Marie Dorothee <strong>LOGEMANN<\/strong>, n. 25.XII.1777 en <a href=\"https:\/\/de.wikipedia.org\/wiki\/Wedehorn\">Wedehorn<\/a> y b. en el mismo d\u00eda en Bassum<\/p>\n<p style=\"padding-left:30px;\">2) Gerd Heinrich <strong>LOGEMANN<\/strong>, n. 14.II.1779 en Albringhausen, Bassum y b. al d\u00eda siguiente en Bassum.<\/p>\n<p style=\"padding-left:30px;\">3) Anne Marie <strong>LOGEMANN<\/strong>, n. 2.III.1783 en Albringhausen, Bassum y b. al d\u00eda siguiente en Bassum.<\/p>\n<p style=\"padding-left:30px;\">4) Johann Hinrich Ebehard <strong>LOGEMANN<\/strong>, n. XII.1789 en Wedehorn<a href=\"#_ftn4\" name=\"_ftnref4\"><sup>[4]<\/sup><\/a>, perteneciente al municipio de Bassum, Baja Sajonia, y f. 12.VI.1865 en Walle. Johann cas\u00f3 con Maria <strong>VOLLERS<\/strong>, n. 7. XII.1788 en Walle y f. antes de 1865. Johann y Maria fueron padres de:<\/p>\n<p style=\"padding-left:60px;\">A) L\u00fcr <strong>LOGEMANN<\/strong>, n. en IX.1815 en Walle y f. probablemente en 1816<\/p>\n<p style=\"padding-left:60px;\">B) Henrich <strong>LOGEMANN<\/strong>, n. 21.II.1827 en Walle. Cas\u00f3 probablemente<a href=\"#_ftn5\" name=\"_ftnref5\"><sup>[5]<\/sup><\/a> con Maria Dorothea <strong>HARJES<\/strong>, n. por el a\u00f1o 1820. Fueron padres de:<\/p>\n<p style=\"padding-left:75px;\">a) Maria <strong>LOGEMANN<\/strong>, n. en 1842 en Walle<\/p>\n<p style=\"padding-left:75px;\">b) Nicolaus <strong>LOGEMANN<\/strong>, n. 20.XII.1844 en Walle<\/p>\n<p style=\"padding-left:75px;\">c) Johann <strong>LOGEMANN<\/strong>, n. 21.III.1847 en Walle<\/p>\n<p style=\"padding-left:75px;\">d) Gesina <strong>LOGEMANN<\/strong>, n. 22.XII.1849 en Walle<\/p>\n<p style=\"padding-left:75px;\">e) Beta <strong>LOGEMANN<\/strong>, n. 18.IX.1851 en Walle<\/p>\n<p style=\"padding-left:75px;\">f) Hinrich <strong>LOGEMANN<\/strong>, n. 4.III.1858 en Walle<\/p>\n<p style=\"padding-left:60px;\">C) Gesche <strong>LOGEMANN<\/strong>, n. 5.VI.1819 en Walle, b. 13.VI.1819 y f. probablemente en 1829.<\/p>\n<p style=\"padding-left:60px;\">D) Gerd Hinrich <strong>LOGEMANN<\/strong>, n. en 1821 en Walle y f. probablemente en 1827<\/p>\n<p style=\"padding-left:60px;\">E) Maria <strong>LOGEMANN<\/strong>, n. 25.III.1824 en Walle<\/p>\n<p style=\"padding-left:60px;\">F) Metta <strong>LOGEMANN<\/strong>, n. en III.1827 en Walle y f. probablemente en 1854.<\/p>\n<p style=\"padding-left:60px;\">G) Johann <strong>LOGEMANN<\/strong>, n. 12.I.1830 en Walle. C.c. Metha Wienberg, n. por el a\u00f1o 1829 en Walle, el 9.VI.1853 en Walle<\/p>\n<p style=\"padding-left:60px;\">H) Oltmann <strong>LOGEMANN<\/strong>, n. 23.XII.1832 en Walle y b. 6.I.1833 en la misma ciudad y f. 14.VIII.1871 en Bremen. C.c. Anna Rebecka <strong>KROPP<\/strong>, n. 5.II.1831 en Osterholz, Oberneuland, b. 25.II.1831 en Oberneuland y f. probablemente en Argentina, despu\u00e9s de 1895<a href=\"#_ftn6\" name=\"_ftnref6\"><sup>[6]<\/sup><\/a>, el d\u00eda 5.V.1855 en Walle. Ver la genealog\u00eda de <a href=\"https:\/\/miblogdegenealogia.wordpress.com\/la-familia-kropp-de-rockwinkel-oberneuland-bremen\/\">Anna Kropp aqu\u00ed<\/a>. Fueron padres de:<\/p>\n<p style=\"padding-left:75px;\">a) Johann <strong>LOGEMANN<\/strong>, n. 16.II.1855 en Walle y b. all\u00ed en 9.IV.1855.<\/p>\n<p style=\"padding-left:75px;\">b) Anna Rebecka <strong>LOGEMANN<\/strong>, n. 2.II.1857 en Walle y b. 22.III del mismo a\u00f1o tambi\u00e9n en Walle. F. probablemente en el mismo a\u00f1o<\/p>\n<p style=\"padding-left:75px;\">c) Maria <strong>LOGEMANN<\/strong>, n. 28.I.1859 en Walle y b. 20.III.1859 en Walle<\/p>\n<p style=\"padding-left:75px;\">d) W\u00f6ltje <strong>LOGEMANN<\/strong>, n. VII.1861 en Walle y b. 1.IX.1861 en Walle<\/p>\n<p style=\"padding-left:75px;\">e) Beta <strong>LOGEMANN<\/strong>, n. X.1869 en Walle y b. XI.1869 tambi\u00e9n en Walle.<\/p>\n<figure id=\"attachment_850\" aria-describedby=\"caption-attachment-850\" style=\"width: 422px\" class=\"wp-caption aligncenter\"><img decoding=\"async\" class=\" wp-image-850\" src=\"https:\/\/miblogdegenealogia.files.wordpress.com\/2016\/08\/marktbremen1859.jpg?w=300\" alt=\"\" width=\"422\" height=\"305\"><figcaption id=\"caption-attachment-850\" class=\"wp-caption-text\">Mercado de Bremen en 1859 (wikipedia)<\/figcaption><\/figure>\n<p style=\"padding-left:30px;\">5) Margaretha Elisabeth <strong>LOGEMANN<\/strong>, n. 21.III.1794<a href=\"#_ftn7\" name=\"_ftnref7\"><sup>[7]<\/sup><\/a>, c.c. Johann \u2014 LANGHORST 16.IV.1820 en Neuenkirchen.<\/p>\n<p style=\"padding-left:30px;\">6) Beta <strong>LOGEMANN<\/strong>, n. por 1811. C. 22.II.1839 en Walle c. Hinrich von WEIHE, n. por 1812.<\/p>\n<p>IV) Maria Christina <strong>LOGEMANN<\/strong>, n. 13.V.1754 en Neuenkirchen. Cas\u00f3 17.X.1778 c.c Johann Hinrich \u2014\u2014\u2014.<\/p>\n<p>V) Anna Maria <strong>LOGEMANN<\/strong>, n. 16.XII.1756 en Neuenkirchen. F. 25.IV.1775<\/p>\n<p>VI) Harm Friedrich <strong>LOGEMANN<\/strong>, n. 13.V.1759 en Neuenkirchen<\/p>\n<p>VII) Rebekka Margaretha LOGEMANN, n. 17.II.1762, Neuenkirchen, f. 19.IV.1762, Neuenkirchen<\/p>\n<p>Maria <strong>VOLLERS<\/strong>, abuela paterna de Maria <strong>LOGEMANN<\/strong>, era bisnieta de:<\/p>\n<p style=\"padding-left:60px;\">I) Hinrich <strong>FOLLERS<\/strong>, n. probablemente en Walle. C. primero el d\u00eda 13.X.1721 en Walle con Margareta <strong>STAMMANS<\/strong>, hija de Toelken <strong>STAMMANS<\/strong> y f. entre 1723 y 1731. Fueron padres, al menos, de:<\/p>\n<p style=\"padding-left:60px;\">A) T\u00f6lke <strong>VOLLERS<\/strong>, n. 27.X.1723 en Walle y f. el 4.IV.1801 en Walle. C.c Gesche <strong>SCHR\u00d6RS<\/strong>, f. 27.VIII.1787 en Walle. Fueron padres de:<\/p>\n<p style=\"padding-left:75px;\">a) L\u00fchr <strong>VOLLERS<\/strong>, n. 14.X.1757 en Walle. C.c. Gertje <strong>BLANKEN<\/strong>, 9.VI.1780 en Walle y fueron padres, al menos, de:<\/p>\n<p style=\"padding-left:90px;\">a\u2019) Maria <strong>VOLLERS<\/strong>, abuela paterna de Maria <strong>LOGEMANN<\/strong>.<\/p>\n<p>Posteriormente, Hinrich c. 2do con Gritjen <strong>MANGELS<\/strong>, hija de Johann <strong>MANGELS<\/strong>, el d\u00eda 30.IV.1731 en Walle.<\/p>\n<p><a href=\"#_ftnref1\" name=\"_ftn1\"><sup>[1]<\/sup><\/a> Todos estos datos, hasta Johann Hinrich Ebehard LOGEMANN, fueron provistos por el genealogista Friedhelm Wessels a trav\u00e9s un contacto de la iglesia de Bassum.<\/p>\n<p><a href=\"#_ftnref2\" name=\"_ftn2\"><sup>[2]<\/sup><\/a> https:\/\/gedbas.genealogy.net\/person\/show\/1193548059<\/p>\n<p><a href=\"#_ftnref3\" name=\"_ftn3\"><sup>[3]<\/sup><\/a> Los datos provistos por Wessels fueron completados con <a href=\"http:\/\/gedbas.genealogy.net\/person\/show\/1199364805\">http:\/\/gedbas.genealogy.net\/person\/show\/1199364805<\/a> a cargo de Heiner Rohlfs.<\/p>\n<p><a href=\"#_ftnref4\" name=\"_ftn4\"><sup>[4]<\/sup><\/a> <a href=\"http:\/\/gedbas.genealogy.net\/person\/show\/1199364810\">http:\/\/gedbas.genealogy.net\/person\/show\/1199364810<\/a> Bei Geburt und Taufe sind im Kirchenbuch nur Monat und Jahr angegeben.<\/p>\n<p><a href=\"#_ftnref5\" name=\"_ftn5\"><sup>[5]<\/sup><\/a> La duda radica en que en las partidas de nacimientos de los hijos LOGEMANN-HARJES el padre aparece como Hinrich y no Henrich. Muy probablemente sea el mismo. Si encontrara la partida de matrimonio podr\u00eda verificar este dato. No aparece ning\u00fan Hinrich nacido en Walle entre 1811 y 1861 y no aparece su partida de matrimonio ni la partida de nacimiento de Maria Dorothea Harjes. Quiz\u00e1s sean personas diferentes.<\/p>\n<p><a href=\"#_ftnref6\" name=\"_ftn6\"><sup>[6]<\/sup><\/a> Aparece en el censo junto a la familia G\u00d6DEKEN-LOGEMANN en el Censo Nacional Argentino de 1895<\/p>\n<p><a href=\"#_ftnref7\" name=\"_ftn7\"><sup>[7]<\/sup><\/a> datos provistos por Wessels.<\/p>\n","protected":false},"excerpt":{"rendered":"<p>Mar\u00eda LOGEMANN, mi tatarabuela materna paterna materna naci\u00f3 en Walle, Bremen en 28.I.1859 y fue bautizada en la misma ciudad en 20.III.1859. C.c. Juan G\u00d6DEKEN por el a\u00f1o 1878, probablemente en Walle. La iglesia de Walle fue construida en 1658 en el estilo renacentista. La nave original de la iglesia fue destruida durante la Segunda [&hellip;]<\/p>\n","protected":false},"author":2,"featured_media":0,"parent":0,"menu_order":0,"comment_status":"open","ping_status":"closed","template":"","meta":{"footnotes":""},"class_list":["post-173","page","type-page","status-publish","hentry"],"_links":{"self":[{"href":"https:\/\/miblogdegenealogia.com\/wp\/index.php?rest_route=\/wp\/v2\/pages\/173","targetHints":{"allow":["GET"]}}],"collection":[{"href":"https:\/\/miblogdegenealogia.com\/wp\/index.php?rest_route=\/wp\/v2\/pages"}],"about":[{"href":"https:\/\/miblogdegenealogia.com\/wp\/index.php?rest_route=\/wp\/v2\/types\/page"}],"author":[{"embeddable":true,"href":"https:\/\/miblogdegenealogia.com\/wp\/index.php?rest_route=\/wp\/v2\/users\/2"}],"replies":[{"embeddable":true,"href":"https:\/\/miblogdegenealogia.com\/wp\/index.php?rest_route=%2Fwp%2Fv2%2Fcomments&post=173"}],"version-history":[{"count":0,"href":"https:\/\/miblogdegenealogia.com\/wp\/index.php?rest_route=\/wp\/v2\/pages\/173\/revisions"}],"wp:attachment":[{"href":"https:\/\/miblogdegenealogia.com\/wp\/index.php?rest_route=%2Fwp%2Fv2%2Fmedia&parent=173"}],"curies":[{"name":"wp","href":"https:\/\/api.w.org\/{rel}","templated":true}]}}