{"id":168,"date":"2016-08-02T21:33:26","date_gmt":"2016-08-02T21:33:26","guid":{"rendered":"https:\/\/miblogdegenealogia.wordpress.com\/?page_id=168"},"modified":"2016-08-02T21:33:26","modified_gmt":"2016-08-02T21:33:26","slug":"la-familia-godeken-de-baja-sajonia-alemania","status":"publish","type":"page","link":"https:\/\/miblogdegenealogia.com\/wp\/?page_id=168","title":{"rendered":"La familia G\u00f6deken de Baja Sajonia, Alemania."},"content":{"rendered":"<p style=\"text-align:right;\"><a href=\"https:\/\/miblogdegenealogia.wordpress.com\/godeken-family-lower-saxony\/\">English version here<\/a>.<\/p>\n<p>Las familias G\u00f6deken que se asentaron en Argentina a mediados del siglo XIX y cuyos descendientes se encuentran hoy d\u00eda en diversas regiones de nuestro pa\u00eds se originaron a partir de dos genearcas, los hermanos Juan Cristian y Juan G\u00f6deken. El estudio de su genealog\u00eda se remonta hasta comienzos del siglo XVII en la Baja Sajonia, Alemania. Esta \u00e9poca fue fuertemente marcada por la Guerra de los Treinta A\u00f1os, que trajo profundas y devastadoras consecuencias al Sacro Imperio Romano Germ\u00e1nico.<br \/>\nDesde los peque\u00f1os pueblos de Husum y Sandhatten, migraron, primero a Steinkimmen, hoy perteneciente al municipio de Ganderkesee, para finalmente asentarse en Horn-Lehe, actual barrio de Bremen, ciudad hanse\u00e1tica desde 1358 cuyo obispado fue fundado por Carlomagno en 787 y que se erigi\u00f3 como centro de la cristianizaci\u00f3n del norte de Europa.<\/p>\n<p>El apellido G\u00f6tken, con el que se origina esta genealog\u00eda, fue mutando a lo largo del tiempo a trav\u00e9s de graf\u00edas de pronunciaci\u00f3n similar, algo com\u00fan a otros apellidos alemanes en esa \u00e9poca. Ya en nuestro pa\u00eds perdi\u00f3 la umlaut sobre la o y se fij\u00f3 como Godeken.<\/p>\n<p>El 13 de junio de 1612 el Habsburgo Matthias, Rey de Hungr\u00eda y Bohemia, se convirti\u00f3 en Kaiser del Sacro Imperio Romano. \u00c9ste fue la uni\u00f3n pol\u00edtica de un conglomerado de estados de Europa Central, que se mantuvo desde la Edad Media hasta inicios de la Edad Contempor\u00e1nea. Formado en 962, tiene sus or\u00edgenes en la parte oriental de las tres en que se dividi\u00f3 el Imperio Carolingio. Desde entonces, el Sacro Imperio se mantuvo como la entidad predominante en Europa central durante casi un milenio y hasta su disoluci\u00f3n en 1806 por Napole\u00f3n I. Cuando Mart\u00edn Lutero inici\u00f3 en 1517 lo que m\u00e1s tarde se conocer\u00eda como la Reforma Protestante, muchos duques locales vieron la oportunidad de oponerse al Emperador del Sacro Imperio Romano. El Imperio se vio fatalmente dividido por las disputas religiosas, con el norte y el este, as\u00ed como muchas de sus principales ciudades, como Estrasburgo, Fr\u00e1ncfort y Nuremberg, en el lado protestante, mientras que las regiones meridionales y occidentales se manten\u00edan mayoritariamente en el catolicismo. El norte de los pa\u00edses bajos, primordialmente protestante, logr\u00f3 separarse de la corona espa\u00f1ola, cat\u00f3lica por excelencia. Tras un siglo de disputas, el conflicto \u2014junto a otras disputas\u2014 deriv\u00f3 en la Guerra de los Treinta A\u00f1os (1618\u20131648), que devastar\u00eda el Imperio. Las potencias extranjeras, incluidas Francia y Suecia, intervinieron en el conflicto, reforzando el poder de los contendientes del Imperio y apoder\u00e1ndose de considerables zonas de territorio imperial.<\/p>\n<p><img decoding=\"async\" class=\"alignright size-full wp-image-887\" src=\"https:\/\/miblogdegenealogia.files.wordpress.com\/2016\/08\/husum.png\" alt=\"Husum.png\" width=\"170\" height=\"227\" \/>I) <strong>Marten G\u00d6TKEN<\/strong>, n. por 1612 en Husum, c. aprox. en 1646 con <strong>Anna BACKHUS<\/strong>, n. por 1623 en Sandhatten. Padres de:<\/p>\n<p style=\"padding-left:30px;\">1)<strong> Johann G\u00d6TTJEN<\/strong>, luterano, n. por en 1668 en Husum, f. 18.XI.1730 en Husum, enterrado el 21.XI.1730 en Huntlosen. C. antes de 1697 con <strong>Anna Margareta DIRCKS<\/strong>, luterana n. por 1670, f. 3.VIII.1750 en Husum, enterrada en Huntlosen. Padres de:<\/p>\n<p style=\"padding-left:60px;\">A) <strong>Johann Hinrich G\u00d6TKEN<\/strong>, n. 5.IV.1704 en Husum, b. luterano 13.IV.1704 en Huntlosen, f. 1.II.1752 en Husum y enterrado 4.II.1752 en Huntlosen. C. 15.XI.1731 en Huntlosen c. <strong>Gesche L\u00dcNNING<\/strong>, n. 27.VIII.1706 en Westrittrum, b. luterana 31.VIII.1706 en Huntlosen, f. 5.X.1779 en Husum, enterrada 7.X.1779 en Huntlosen. Hija de Claus L\u00dcNNING de Westrittrum y W\u00fcnneke Kellinghusen de Colnrade, Baja Sajonia, y nieta de Gerd L\u00fcnning. Johann Hinrich y Gesche fueron padres de:<\/p>\n<p style=\"padding-left:90px;\">a) <strong>Johann Hinrich G\u00d6TKEN<\/strong>, de profesi\u00f3n constructor en Steinkimmen, n. 18.IX.1744 en Husum, b. luterano 20.IX.1744 en Huntlosen, f. 28.XI.1807 en Steinkimmen y enterrado el 2.XII.1807 en Ganderkesee. C. el 28.XI.1771 en Kirchhatten con <strong>Alke Margarete GARRELS<\/strong>, n. 22.V.1751 en Everndorf, b. luterana 26.V.1751 en Ganderkesee, f. 15.XI.1828 en Steinkimmen y enterrada 19.XI.1828 en Ganderkesee. Era hija de Johann Hinrich Gerrels de Delmenhorst y de W\u00fcbke Marie, ambos luteranos. Johann Hinrich y Alke fueron padres de:<\/p>\n<p style=\"padding-left:120px;\">a\u2019) <strong>Johann Harmen G\u00f6decken<\/strong>, campesino, n. en Steinkimmen el 27.III.1773, b. luterano 1.IV.1773 en Ganderkesee. C.c. Anna Catharina BECKERS el 28.XI.1800 en Ganderkesee.<br \/>\nC. 2do el 4.XI.1803 en Ganderkesee con Anna Marie Catharine Reinike, n. por 1777 en Nordenholz, b. luterana 1777 en Hude, h. de R\u00f6be Reinike, constructor en Nordenholz, luterano y Anna W\u00fcbbenhorst, luterana de Nordenholz. Johann Harmen y Anna Marie fueron padres de:<\/p>\n<p style=\"padding-left:150px;\">a\u2019\u2019) <strong>Anna Margarethe G\u00d6DECKEN<\/strong>, n. 19.IV.1804 en Steinkimmen y b. 28.IV.1804 en Ganderkesee.<\/p>\n<p style=\"padding-left:150px;\">b\u2019\u2019) <strong>Johann Hinrich G\u00d6DECKEN<\/strong>, n. 15.XII.1807 en Steinkimmen, b. luterano 20.XII.1807 en Ganderkesee, f. despu\u00e9s de 1869, de profesi\u00f3n panadero, c. el 1.IV.1842 en Bremen con Anna Catharina NIEMANN n. el 28.XII.1814 en Bremen, f. el 2.II.1869 en Horn-Lehe, actual barrio de Bremen, debido a una enfermedad del abdomen, h. de Johann Christian Niemann, panadero de Horn-Lehe y Anna Geyers. Johann Hinrich y Anna Catharina fueron padres de:<\/p>\n<p style=\"padding-left:180px;\">a\u2019\u2019\u2019) <strong>Johann Hinrich G\u00d6DEKEN<\/strong>, n. 3.III.1843 en Lehe de Bremen, b. 30.IV.1843. Cas\u00f3 el 10.III.1869 c. Beta KLATTE, n. en 1845 en Horn. Sigue en m\u00e1s abajo.<\/p>\n<p style=\"padding-left:180px;\">b\u2019\u2019\u2019) <strong>Johann Christian G\u00d6DEKEN<\/strong>, n. 9.IV.1845 en Lehe, b. 30.VI.1845, f. el 9.IV.1847 en Lehe a causa de una hidrocefalia<\/p>\n<p style=\"padding-left:180px;\">c\u2019\u2019\u2019) <strong>Andreas Christian G\u00d6DEKEN<\/strong>, n. 21.V.1847 en Lehe, b. 16.VII.1847, f. el 10.XI.1865 en Lehe a causa de tifus.<\/p>\n<p style=\"padding-left:180px;\">d\u2019\u2019\u2019) <strong>Johann Christian G\u00d6DEKEN<\/strong>, n. 19.VIII.1848 en Lehe, b. 8.X.1848, f. 26.VII.1911 en Rosario, sigue en <a href=\"https:\/\/miblogdegenealogia.wordpress.com\/la-familia-godeken-en-argentina\/\">La Familia G\u00f6deken en Argentina<\/a>.<\/p>\n<p style=\"padding-left:180px;\">e\u2019\u2019\u2019) <strong>Anna Christina G\u00d6DEKEN<\/strong>, n. 19.VI.1850 en Lehe, b. 3.XII.1850, f. el 7.X.1865 en Lehe a causa de tifus.<\/p>\n<p style=\"padding-left:180px;\">f\u2019\u2019\u2019) <strong>Johanna Maria G\u00d6DEKEN<\/strong>, n. el 3.V.1853 en Lehe, b. 8.6.1853, f. el 19.VI.1853 en Lehe debido a una tuberculosis. Esta enfermedad se convirti\u00f3 en epidemia en Europa desde comienzos del siglo XVII hasta y termin\u00f3 a m\u00e9d\u00edados del siglo XIX.<\/p>\n<p style=\"padding-left:180px;\">g\u2019\u2019\u2019) <strong>Johann G\u00d6DEKEN<\/strong>, n. el 25.IX.1854 en Lehe, b. 3.12.1854 y f. el 22.IV.1911 en Rosario como consecuencia de una esclerosis hep\u00e1tica, encontr\u00e1ndose alojado antes de su deceso en la Enfermer\u00eda Alemana. <a href=\"https:\/\/miblogdegenealogia.wordpress.com\/la-familia-godeken-en-argentina\/\">Sigue en La Familia G\u00f6deken en Argentina<\/a>.<\/p>\n<p style=\"padding-left:120px;\">b\u2019) <strong>Johann Hinrich G\u00d6DECKEN<\/strong>, n. 24.VIII.1775 en Steinkimmen y b. el 27.\u00bf?.1775 en Ganderkesee.<\/p>\n<p style=\"padding-left:120px;\">c\u2019) <strong>Anna Catharine G\u00d6DECKEN<\/strong>, n. 28.II.1778\u00a0en Steinkimmen y b. el 1.III.1778 en Ganderkesee.<\/p>\n<p style=\"padding-left:120px;\">d\u2019) <strong>Christian G\u00d6DECKEN<\/strong>, n. 24.II.1781 en Steinkimmen<\/p>\n<p style=\"padding-left:120px;\">e&#8217;)<strong> Gesche Margarethe G\u00d6DECKEN<\/strong>, n. 27.III.1782 en Steinkimmen y b. 1.IV.1782 en Ganderkesee.<\/p>\n<p style=\"padding-left:120px;\">f\u2019) <strong>Johann Gerd G\u00d6DECKEN<\/strong>, n. 23.XI.1785 en Steinkimmen y b. 27.XI.1785 en Ganderkesee.<\/p>\n<p style=\"padding-left:120px;\">g\u2019) <strong>Berend G\u00d6DECKEN<\/strong>, n. 25.III.1788 en Steinkimmen y f. 30.III.1788.<\/p>\n<p style=\"padding-left:120px;\">h\u2019) <strong>Albert G\u00d6DECKEN<\/strong>, n. 2.XI.1789 en Steinkimmen y f. 4.XII.1789.<\/p>\n<p style=\"padding-left:120px;\">i\u2019) <strong>Johann Dierk G\u00d6DECKEN<\/strong>, n. 29.XII.1790 en Steinkimmen y f. 3.II.1791.<\/p>\n<p style=\"padding-left:120px;\">j\u2019) <strong>Margaretha G\u00d6DECKEN<\/strong>, n. 23.XI.1793 en Steinkimmen.<\/p>\n<p style=\"padding-left:120px;\">k\u2019) <strong>Dierk G\u00d6DECKEN<\/strong>, n. 30.X.1796 en Steinkimmen.<\/p>\n<h4>La Familia G\u00f6deken en Bremen<\/h4>\n<figure id=\"attachment_1373\" aria-describedby=\"caption-attachment-1373\" style=\"width: 276px\" class=\"wp-caption alignright\"><img fetchpriority=\"high\" decoding=\"async\" class=\"alignright size-full wp-image-1373\" src=\"https:\/\/miblogdegenealogia.files.wordpress.com\/2016\/08\/1880_johann-hinrich-gocc88deken-h.jpg?w=552\" alt=\"1880~_Johann Hinrich Go\u0308deken (h).jpg\" width=\"276\" height=\"392\" \/><figcaption id=\"caption-attachment-1373\" class=\"wp-caption-text\">Johann Hinrich G\u00f6deken por 1880<\/figcaption><\/figure>\n<p>I) <strong>Johann Hinrich G\u00d6DEKEN<\/strong>, n. 3.III.1843 en Lehe de Bremen, b. 30.IV.1843. \u2028Cas\u00f3 el 10.III.1869 c. Beta KLATTE, n. en 1845 en Horn. En 1908 viv\u00eda en Berkstra\u00dfe 4, de Bremen junto, al menos, a su hijo Johann Hinrich. De profesi\u00f3n era Privatmann y su hijo, wirt. Johann Hinrich y Beta fueron padres de:<\/p>\n<p>&nbsp;<\/p>\n<p>&nbsp;<\/p>\n<p>&nbsp;<\/p>\n<p>&nbsp;<\/p>\n<p>&nbsp;<\/p>\n<p>&nbsp;<\/p>\n<p style=\"padding-left:30px;\">1) <strong>Anna Christina G\u00d6DEKEN<\/strong>, n. 12.IX.1870 en Lehe, b. 20.XI.1870<\/p>\n<p style=\"padding-left:30px;\">2) <strong>Johann Hinrich G\u00d6DEKEN<\/strong>, n. 30.IV.1874 en Lehe, b. 8.VII.1874<\/p>\n<p style=\"padding-left:30px;\">3) <strong>Margarethe G\u00d6DEKEN<\/strong>, n. 3.IV.1881 en Lehe, Bremen y f. en 17.I.1971. C.c Wilhelm DICKHUT, n. 26.V.1878 y f. 4.XI.1926, comerciante. \u2028\u2028\u2028\u2028\u2028\u2028\u2028\u2028\u2028\u2028Fueron padres de:<\/p>\n<p style=\"padding-left:60px;\">A) <strong>Liselotte DICKHUT<\/strong>, n. 1912 en Bremen. Liselotte c.c Heinrich NEUHAUS, n. en 1898 en Horn, comerciante. Son padres de:<\/p>\n<p style=\"padding-left:90px;\">a) Jutta Margarete NEUHAUS, n. 1935 en Bremen,\u00a0 de profesi\u00f3n Fremdsprachensekret\u00e4rin<\/p>\n<p style=\"padding-left:90px;\">b) Klaus Wilhelm NEUHAUS, n. en 1939 en Bremen, comerciante, c.1ero con Verena DURRIEU. Son padres de:<\/p>\n<p style=\"padding-left:120px;\">a\u2019) Philipp NEUHAUS-GLEHN, n. en 1969, Diplom-Kommunikationswirt. C.c. Silke GLEHN, n. en 1965. Philipp y Silke tienen dos hijos.<\/p>\n<p style=\"padding-left:90px;\">Klaus c.2do con Erika EILERS y tuvieron un hijo:<\/p>\n<p style=\"padding-left:120px;\">b\u2019) Florian NEUHAUS, n. en 1974. Estudi\u00f3 Literatura e Historia y vive actualmente en Berlin.<\/p>\n<p style=\"padding-left:90px;\">c) Heide NEUHAUS, nacida en 1942 , es profesora. C.c. Ortwin Rudolf SCHUCHARDT, n. en 1946. Ortwin es profesor y trabaja como Abteilungsleiter en una\u00a0 Gesamtschule. Ortwin und Heide son padres de:<\/p>\n<p style=\"padding-left:120px;\">a\u2019) Wiebke SCHUCHARDT, n. en 1974 en Hamburg. Wiebke vive junto a su pareja Heino HOMANN, n. en 1970 in Hoopte, Baja Sajonia y es paisajista. Wiebke y Heino son padres de dos ni\u00f1os.<\/p>\n<p style=\"padding-left:120px;\">b\u2019) Anneke SCHUCHARDT, n. en 1977 en Hamburg. Anneke SCHUCHARDT estudi\u00f3 Derecho y trabaja como abogada en Hamburg.<\/p>\n<p style=\"padding-left:90px;\">d) Meike NEUHAUS, n. en 1944, c.c. Werner HE\u00df, n. en 1934 en Hannover. Werner trabaj\u00f3 como comerciante en el rubro t\u00e9cnico en Bremen. Meike y Werner son padres de:<\/p>\n<p style=\"padding-left:120px;\">a\u2019) Sven HE\u00df, n. en 1965 en Bremen. Sven es ingeniero y vive junto a su familia en Wolfenb\u00fcttel\/Baja Sajonia. Sven c.c. Sarah HE\u00df, n. en 1968. Sven y Sarah son padres de dos ni\u00f1as.<\/p>\n<p style=\"padding-left:120px;\">b\u2019) Bj\u00f6rn HE\u00df, n. en 1966 en Bremen, trabaja como ingeniero en Colonia. C.c. Stefanie HE\u00df, n. en 1970. Bj\u00f6rn y Stefanie son padres de una ni\u00f1a.<\/p>\n","protected":false},"excerpt":{"rendered":"<p>English version here. Las familias G\u00f6deken que se asentaron en Argentina a mediados del siglo XIX y cuyos descendientes se encuentran hoy d\u00eda en diversas regiones de nuestro pa\u00eds se originaron a partir de dos genearcas, los hermanos Juan Cristian y Juan G\u00f6deken. El estudio de su genealog\u00eda se remonta hasta comienzos del siglo XVII [&hellip;]<\/p>\n","protected":false},"author":2,"featured_media":0,"parent":0,"menu_order":0,"comment_status":"open","ping_status":"closed","template":"","meta":{"footnotes":""},"class_list":["post-168","page","type-page","status-publish","hentry"],"_links":{"self":[{"href":"https:\/\/miblogdegenealogia.com\/wp\/index.php?rest_route=\/wp\/v2\/pages\/168","targetHints":{"allow":["GET"]}}],"collection":[{"href":"https:\/\/miblogdegenealogia.com\/wp\/index.php?rest_route=\/wp\/v2\/pages"}],"about":[{"href":"https:\/\/miblogdegenealogia.com\/wp\/index.php?rest_route=\/wp\/v2\/types\/page"}],"author":[{"embeddable":true,"href":"https:\/\/miblogdegenealogia.com\/wp\/index.php?rest_route=\/wp\/v2\/users\/2"}],"replies":[{"embeddable":true,"href":"https:\/\/miblogdegenealogia.com\/wp\/index.php?rest_route=%2Fwp%2Fv2%2Fcomments&post=168"}],"version-history":[{"count":0,"href":"https:\/\/miblogdegenealogia.com\/wp\/index.php?rest_route=\/wp\/v2\/pages\/168\/revisions"}],"wp:attachment":[{"href":"https:\/\/miblogdegenealogia.com\/wp\/index.php?rest_route=%2Fwp%2Fv2%2Fmedia&parent=168"}],"curies":[{"name":"wp","href":"https:\/\/api.w.org\/{rel}","templated":true}]}}